{"id":9286,"date":"2017-06-19T14:44:59","date_gmt":"2017-06-19T13:44:59","guid":{"rendered":"https:\/\/travel4bikers.com\/support-us\/"},"modified":"2025-10-06T10:28:19","modified_gmt":"2025-10-06T09:28:19","slug":"nous-soutenir","status":"publish","type":"page","link":"https:\/\/travel4bikers.com\/fr\/nous-soutenir\/","title":{"rendered":"Nous soutenir"},"content":{"rendered":"<div class=\"wpb-content-wrapper\"><p>[vc_row][vc_column width=\u00bb1\/1&Prime;]<div class=\"shout_spacer clearfix shout_variable bt_2x\" style=\"margin-top:0px;\"><\/div>[vc_single_image image=\u00bb9250&Prime; img_size=\u00bbfull\u00bb]<div class=\"shout_spacer clearfix\" style=\"height:44px;\"><\/div>[vc_row_inner][vc_column_inner width=\u00bb1\/12&Prime;][\/vc_column_inner][vc_column_inner width=\u00bb10\/12&Prime;][vc_column_text drop_cap=\u00bbyes\u00bb]<em><strong>from bikers to bikers<\/strong><\/em><\/p>\n<p><span style=\"font-weight: 400;\">Nous invitons tout le monde \u00e0 rejoindre cette communaut\u00e9 et \u00e0 partager, mettre \u00e0 jour et corriger les informations d\u00e9j\u00e0 disponibles.<\/span><\/p>\n<p><span style=\"font-weight: 400;\">Partage tes histoires de voyage. Quel est l&rsquo;itin\u00e9raire incontournable dans ton pays ? Quel est le meilleur itin\u00e9raire que tu as emprunt\u00e9 ?<\/span><\/p>\n<p><span style=\"font-weight: 400;\">Une communaut\u00e9 partageant des exp\u00e9riences qui encourageront d&rsquo;autres motards \u00e0 revivre ton aventure.<\/span><span style=\"font-weight: 400;\"><br \/>\n<\/span><span style=\"font-weight: 400;\"><br \/>\n<\/span><span style=\"font-weight: 400;\">Ce projet pr\u00e9sente des informations d&rsquo;une communaut\u00e9 de voyageurs qui ont partag\u00e9 des mises \u00e0 jour et des informations sur leur voyage vers une destination sp\u00e9cifique.<\/span><\/p>\n<p><span style=\"font-weight: 400;\">Il existe plusieurs fa\u00e7ons de contribuer \u00e0 la communaut\u00e9.<\/span><\/p>\n<p><b>Contributeur<\/b><span style=\"font-weight: 400;\"><br \/>\n<\/span><span style=\"font-weight: 400;\">Envoyez une mise \u00e0 jour ou une correction des informations.<\/span><span style=\"font-weight: 400;\"><br \/>\n<\/span><span style=\"font-weight: 400;\">Partage une histoire d&rsquo;un voyage que tu as fait pour inspirer de futurs visiteurs.<\/span><\/p>\n<p><b>Ambassadeur<br \/>\n<\/b><span style=\"font-weight: 400;\">Toute personne qui contribue r\u00e9guli\u00e8rement avec des mises \u00e0 jour et des traductions de textes devient un ambassadeur.<\/span><\/p>\n<p><b>Partenaire<br \/>\n<\/b><span style=\"font-weight: 400;\">Un partenaire a contribu\u00e9 financi\u00e8rement au projet par le biais de la <a href=\"https:\/\/travel4bikers.com\/fr\/publicite\/\">publicit\u00e9<\/a>.<\/span>[\/vc_column_text][\/vc_column_inner][vc_column_inner width=\u00bb1\/12&Prime;][\/vc_column_inner][\/vc_row_inner][\/vc_column][\/vc_row]<\/p>\n<\/div>","protected":false},"excerpt":{"rendered":"<p>[vc_row][vc_column width=\u00bb1\/1&Prime;][vc_single_image image=\u00bb9250&Prime; img_size=\u00bbfull\u00bb][vc_row_inner][vc_column_inner width=\u00bb1\/12&Prime;][\/vc_column_inner][vc_column_inner width=\u00bb10\/12&Prime;][vc_column_text drop_cap=\u00bbyes\u00bb]from bikers to bikers Nous invitons tout le monde \u00e0 rejoindre cette communaut\u00e9 et \u00e0 partager, mettre \u00e0 jour et corriger les informations d\u00e9j\u00e0 disponibles. Partage tes histoires de voyage. Quel est l&rsquo;itin\u00e9raire incontournable dans ton pays ? Quel est le meilleur itin\u00e9raire que tu as emprunt\u00e9 ? Une [&hellip;]<\/p>\n","protected":false},"author":2,"featured_media":0,"parent":0,"menu_order":0,"comment_status":"closed","ping_status":"closed","template":"","meta":{"footnotes":""},"categories":[],"tags":[],"class_list":["post-9286","page","type-page","status-publish","hentry"],"acf":[],"_links":{"self":[{"href":"https:\/\/travel4bikers.com\/fr\/wp-json\/wp\/v2\/pages\/9286","targetHints":{"allow":["GET"]}}],"collection":[{"href":"https:\/\/travel4bikers.com\/fr\/wp-json\/wp\/v2\/pages"}],"about":[{"href":"https:\/\/travel4bikers.com\/fr\/wp-json\/wp\/v2\/types\/page"}],"author":[{"embeddable":true,"href":"https:\/\/travel4bikers.com\/fr\/wp-json\/wp\/v2\/users\/2"}],"replies":[{"embeddable":true,"href":"https:\/\/travel4bikers.com\/fr\/wp-json\/wp\/v2\/comments?post=9286"}],"version-history":[{"count":0,"href":"https:\/\/travel4bikers.com\/fr\/wp-json\/wp\/v2\/pages\/9286\/revisions"}],"wp:attachment":[{"href":"https:\/\/travel4bikers.com\/fr\/wp-json\/wp\/v2\/media?parent=9286"}],"wp:term":[{"taxonomy":"category","embeddable":true,"href":"https:\/\/travel4bikers.com\/fr\/wp-json\/wp\/v2\/categories?post=9286"},{"taxonomy":"post_tag","embeddable":true,"href":"https:\/\/travel4bikers.com\/fr\/wp-json\/wp\/v2\/tags?post=9286"}],"curies":[{"name":"wp","href":"https:\/\/api.w.org\/{rel}","templated":true}]}}