{"id":10094,"date":"2017-06-19T14:44:59","date_gmt":"2017-06-19T13:44:59","guid":{"rendered":"https:\/\/travel4bikers.com\/advertising\/"},"modified":"2025-10-06T10:30:45","modified_gmt":"2025-10-06T09:30:45","slug":"publicidade","status":"publish","type":"page","link":"https:\/\/travel4bikers.com\/pt-pt\/publicidade\/","title":{"rendered":"Publicidade"},"content":{"rendered":"<div class=\"wpb-content-wrapper\"><p>[vc_row][vc_column width=\u201d1\/1&#8243;]<div class=\"shout_spacer clearfix shout_variable bt_2x\" style=\"margin-top:0px;\"><\/div>[vc_single_image image=\u201d9254&#8243; img_size=\u201dfull\u201d]<div class=\"shout_spacer clearfix\" style=\"height:44px;\"><\/div>[vc_row_inner][vc_column_inner width=\u201d1\/12&#8243;][\/vc_column_inner][vc_column_inner width=\u201d10\/12&#8243;][vc_column_text]<span style=\"font-weight: 400;\">Apenas \u00e9 aceite publicidade que esteja dentro do \u00e2mbito do <em>travel4bikers<\/em>.<\/span><\/p>\n<p><span style=\"font-weight: 400;\">Podes escolher estes tipos de publicidade:<\/span><\/p>\n<ul>\n<li style=\"font-weight: 400;\" aria-level=\"1\"><span style=\"font-weight: 400;\"><strong>Imagem<\/strong> Quadrada ou retangular na lateral<\/span><\/li>\n<li style=\"font-weight: 400;\" aria-level=\"1\"><span style=\"font-weight: 400;\">Link Introduzido <strong>a meio do texto<\/strong><\/span><\/li>\n<li style=\"font-weight: 400;\" aria-level=\"1\"><span style=\"font-weight: 400;\"><strong>Artigo<\/strong> sobre um produto\/servi\u00e7o que esteja dentro do contexto do website<\/span><\/li>\n<\/ul>\n<p>Quando h\u00e1 mais de um an\u00fancio por localiza\u00e7\u00e3o, eles v\u00e3o rodar.<\/p>\n<p><span style=\"font-weight: 400;\">Podem aparecer em todas as p\u00e1ginas ou escolher apenas na p\u00e1gina de viagem para um pa\u00eds (ou v\u00e1rios) \u00e0 tua escolha.<\/span><\/p>\n<p><span style=\"font-weight: 400;\">A publicidade introduzida no meio de um texto deve estar relacionada com o artigo.<\/span><\/p>\n<p><span style=\"font-weight: 400;\">Os artigos publicit\u00e1rios enquadram-se na categoria \u201cdicas\u201d, e se forem apenas direcionados para audi\u00eancias de um \u201ccontinente\u201d ou \u201cpa\u00eds\u201d, usaremos essas categorias.<\/span><\/p>\n<p><span style=\"font-weight: 400;\">Todos os an\u00fancios t\u00eam uma dura\u00e7\u00e3o m\u00ednima de 1 m\u00eas, as vendas s\u00e3o feitas em meses de exibi\u00e7\u00e3o.<\/span><\/p>\n<p><span style=\"font-weight: 400;\">Contacta-nos para mais detalhes.<\/span>[\/vc_column_text][\/vc_column_inner][vc_column_inner width=\u201d1\/12&#8243;][\/vc_column_inner][\/vc_row_inner][\/vc_column][\/vc_row]<\/p>\n<\/div>","protected":false},"excerpt":{"rendered":"<p>[vc_row][vc_column width=\u201d1\/1&#8243;][vc_single_image image=\u201d9254&#8243; img_size=\u201dfull\u201d][vc_row_inner][vc_column_inner width=\u201d1\/12&#8243;][\/vc_column_inner][vc_column_inner width=\u201d10\/12&#8243;][vc_column_text]Apenas \u00e9 aceite publicidade que esteja dentro do \u00e2mbito do travel4bikers. Podes escolher estes tipos de publicidade: Imagem Quadrada ou retangular na lateral Link Introduzido a meio do texto Artigo sobre um produto\/servi\u00e7o que esteja dentro do contexto do website Quando h\u00e1 mais de um an\u00fancio por localiza\u00e7\u00e3o, eles v\u00e3o [&hellip;]<\/p>\n","protected":false},"author":2,"featured_media":0,"parent":0,"menu_order":0,"comment_status":"closed","ping_status":"closed","template":"","meta":{"footnotes":""},"categories":[],"tags":[],"class_list":["post-10094","page","type-page","status-publish","hentry"],"acf":[],"_links":{"self":[{"href":"https:\/\/travel4bikers.com\/pt-pt\/wp-json\/wp\/v2\/pages\/10094","targetHints":{"allow":["GET"]}}],"collection":[{"href":"https:\/\/travel4bikers.com\/pt-pt\/wp-json\/wp\/v2\/pages"}],"about":[{"href":"https:\/\/travel4bikers.com\/pt-pt\/wp-json\/wp\/v2\/types\/page"}],"author":[{"embeddable":true,"href":"https:\/\/travel4bikers.com\/pt-pt\/wp-json\/wp\/v2\/users\/2"}],"replies":[{"embeddable":true,"href":"https:\/\/travel4bikers.com\/pt-pt\/wp-json\/wp\/v2\/comments?post=10094"}],"version-history":[{"count":0,"href":"https:\/\/travel4bikers.com\/pt-pt\/wp-json\/wp\/v2\/pages\/10094\/revisions"}],"wp:attachment":[{"href":"https:\/\/travel4bikers.com\/pt-pt\/wp-json\/wp\/v2\/media?parent=10094"}],"wp:term":[{"taxonomy":"category","embeddable":true,"href":"https:\/\/travel4bikers.com\/pt-pt\/wp-json\/wp\/v2\/categories?post=10094"},{"taxonomy":"post_tag","embeddable":true,"href":"https:\/\/travel4bikers.com\/pt-pt\/wp-json\/wp\/v2\/tags?post=10094"}],"curies":[{"name":"wp","href":"https:\/\/api.w.org\/{rel}","templated":true}]}}