{"id":12970,"date":"2017-07-05T16:19:54","date_gmt":"2017-07-05T15:19:54","guid":{"rendered":"https:\/\/travel4bikers.com\/?page_id=12970"},"modified":"2025-12-10T19:29:10","modified_gmt":"2025-12-10T18:29:10","slug":"portugal","status":"publish","type":"page","link":"https:\/\/travel4bikers.com\/pt-pt\/viajar-para\/portugal\/","title":{"rendered":"Portugal"},"content":{"rendered":"<div class=\"wpb-content-wrapper\"><p>[vc_row][vc_column width=\u201d1\/1&#8243;][vc_single_image source=\u201dfeatured_image\u201d img_size=\u201dfull\u201d alignment=\u201dcenter\u201d]<div class=\"shout_spacer clearfix\" style=\"height:20px;\"><\/div>[\/vc_column][\/vc_row][vc_row][vc_column width=\u201d1\/1&#8243;]<div class=\"prk_shortcode-title prk_break_word shout_left_align h1_sized\"><div class=\"body_font zero_color prk_vc_title\"><h1 style=\"font-weight:100;\">Viajar para Portugal \ud83c\uddf5\ud83c\uddf9<\/h1><\/div><div class=\"clearfix\"><\/div><\/div><div class=\"shout_spacer clearfix\" style=\"height:18px;\"><\/div>[\/vc_column][\/vc_row][vc_row font_color=\u201d#0693E3&#8243;][vc_column width=\u201d1\/1&#8243;][vc_column_text]<\/p>\n<blockquote><p>Portugal, na costa oeste da Europa, \u00e9 um destino de elei\u00e7\u00e3o para quem viaja de mota, combinando estradas c\u00e9nicas, clima ameno e uma diversidade \u00fanica de paisagens entre montanhas, plan\u00edcies e mar.<\/p><\/blockquote>\n<p>[\/vc_column_text][\/vc_column][\/vc_row][vc_row][vc_column width=\u201d1\/1&#8243;][vc_tta_tabs][vc_tta_section i_icon_fontawesome=\u201dfa fa-regular fa-map\u201d add_icon=\u201dtrue\u201d title=\u201dInforma\u00e7\u00f5es Gerais\u201d tab_id=\u201d1756984282331-d59962b9-8d9b\u201d][vc_column_text]<strong>Capital: <\/strong>Lisboa<\/p>\n<p><strong>Lingua Oficial: <\/strong>Portugu\u00eas<\/p>\n<p><strong>N\u00famero de Emerg\u00eancia: <\/strong>112[\/vc_column_text][\/vc_tta_section][vc_tta_section i_icon_fontawesome=\u201dfa fa-regular fa-money-bill-1&#8243; add_icon=\u201dtrue\u201d title=\u201dFinan\u00e7as\u201d tab_id=\u201d1756984282346-461ddde8-312d\u201d][vc_column_text]<strong>Moeda: <\/strong>Euro (\u20ac)<\/p>\n<p>Pagamentos com cart\u00e3o s\u00e3o amplamente aceites[\/vc_column_text][\/vc_tta_section][vc_tta_section i_icon_fontawesome=\u201dfa fa-solid fa-motorcycle\u201d add_icon=\u201dtrue\u201d title=\u201dLimites Velocidade\u201d tab_id=\u201d1756985156411-3a136d8e-ae6a\u201d][vc_column_text]<strong>Auto-Estrada: <\/strong>120 km\/h<\/p>\n<p><strong>Estrada: <\/strong>90 km\/h<\/p>\n<p><strong>Localidades: <\/strong>50 km\/h[\/vc_column_text][\/vc_tta_section][\/vc_tta_tabs][\/vc_column][\/vc_row][vc_row][vc_column width=\u201d1\/1&#8243;]<div class=\"shout_spacer clearfix\" style=\"height:18px;\"><\/div>[\/vc_column][\/vc_row][vc_row][vc_column width=\u201d1\/1&#8243;][vc_column_text]<span style=\"font-weight: 400;\">Portugal \u00e9 um pa\u00eds localizado no extremo sudoeste da Europa, na Pen\u00ednsula Ib\u00e9rica. O pa\u00eds \u00e9 dividido em v\u00e1rias regi\u00f5es, cada uma com suas caracter\u00edsticas \u00fanicas. No norte, a regi\u00e3o do Minho \u00e9 conhecida por suas paisagens verdes e montanhosas, enquanto o Douro \u00e9 famoso pelas vinhas e pelo vinho do Porto. O centro do pa\u00eds abriga cidades hist\u00f3ricas como Coimbra e \u00d3bidos, al\u00e9m da regi\u00e3o serrana da Serra da Estrela. No sul, o Alentejo destaca-se por suas vastas plan\u00edcies e vilas pitorescas, enquanto o Algarve \u00e9 conhecido pelas suas belas praias e clima ensolarado.<\/span><span style=\"font-weight: 400;\"><br \/>\n<\/span><span style=\"font-weight: 400;\">Tem tamb\u00e9m duas regi\u00f5es aut\u00f3nomas no Atl\u00e2ntico Norte: os arquip\u00e9lagos dos A\u00e7ores e da Madeira.<\/span><\/p>\n<h3><b>Clima<\/b><\/h3>\n<p><span style=\"font-weight: 400;\">Portugal tem um clima mediterr\u00e2nico, com ver\u00f5es quentes e secos e invernos amenos e humidos. As melhores alturas do ano para viajar de mota s\u00e3o a primavera (de abril a junho) e o outono (de setembro a outubro), quando o clima \u00e9 agrad\u00e1vel e as estradas s\u00e3o menos movimentadas.<\/span><\/p>\n<h3><b>L\u00ednguas<\/b><\/h3>\n<p><span style=\"font-weight: 400;\">O portugu\u00eas \u00e9 a l\u00edngua oficial em todo o territ\u00f3rio nacional, mas existem varia\u00e7\u00f5es dialetais regionais. No norte, especialmente nas \u00e1reas rurais, podem ser ouvidos sotaques mais fortes e palavras t\u00edpicas da regi\u00e3o. No Alentejo e Algarve, o ritmo da fala tende a ser mais lento e com uma entona\u00e7\u00e3o diferente.<\/span><\/p>\n<h3><b>Condu\u00e7\u00e3o<\/b><\/h3>\n<p><span style=\"font-weight: 400;\">Em Portugal, a condu\u00e7\u00e3o \u00e9 feita pelo lado direito da estrada.<\/span><span style=\"font-weight: 400;\"><br \/>\n<\/span><span style=\"font-weight: 400;\">Existem dois tipos de portagens:<\/span><\/p>\n<ul>\n<li style=\"font-weight: 400;\" aria-level=\"1\"><span style=\"font-weight: 400;\">Portagens tradicionais com barreiras de portagem que obrigam \u00e0 paragem do ve\u00edculo, que incluem vias com pagamento manual (\u00e0 entrada na autoestrada \u00e9 retirado um ticket, pago na sa\u00edda pelo valor da viagem, apresentado nesse momento)\u00a0<\/span><\/li>\n<li style=\"font-weight: 400;\" aria-level=\"1\"><span style=\"font-weight: 400;\">Eletr\u00f3nicas compostos por p\u00f3rticos (pontos de cobran\u00e7a) em plena via que detetam a passagem do ve\u00edculo, dispensando a barreira f\u00edsica de portagem e a paragem do mesmo.<br \/>\n<\/span>Ades\u00e3o para ve\u00edculos com matr\u00edcula estrangeira \u2013 <a href=\"http:\/\/www.portugaltolls.com\">www.portugaltolls.com<\/a><\/li>\n<\/ul>\n<h3><b>Campismo<\/b><\/h3>\n<p><span style=\"font-weight: 400;\">O campismo selvagem n\u00e3o \u00e9 permitido em Portugal e pode resultar em multas. Existem, no entanto, muitos parques de campismo distribu\u00eddos por todo o pa\u00eds, oferecendo boas condi\u00e7\u00f5es para campistas.<\/span><\/p>\n<h3><b>Zonas Motards<\/b><\/h3>\n<p><span style=\"font-weight: 400;\">Portugal possui v\u00e1rias zonas e rotas populares entre os motociclistas.<br \/>\nNo norte, a <strong>Estrada Nacional 222<\/strong>, que acompanha o rio Douro, \u00e9 uma das rotas mais deslumbrantes, ou a <strong>Rota Norte<\/strong> que \u00e9 uma rota circular por todos o norte.<br \/>\nNa zona centro, a <strong>Serra da Estrela<\/strong> oferece curvas desafiadoras e paisagens de montanha.<br \/>\nA estrada <strong>N2<\/strong>, que atravessa o pa\u00eds de norte a sul pelo interior, \u00e9 uma das rotas preferidas pelos motards.<br \/>\nPara os mais aventureiros existe o <strong>ACT \u2013 Portugal<\/strong> (Adventure Country Tracks) e <strong>TET<\/strong> (Trans Euro Trail)<br \/>\n<\/span><\/p>\n<h3><b>Zonas Especiais<\/b><\/h3>\n<p><strong>Lisboa<\/strong> \u2013 Existem zonas com acessos condicionados, principalmente em \u00e1reas centrais hist\u00f3ricas. Nessas zonas, o tr\u00e2nsito \u00e9 proibido para reduzir a polui\u00e7\u00e3o e preservar os patrim\u00f3nios hist\u00f3ricos.<br \/>\n<strong>Porto<\/strong> \u2013 Existem muitas zonas pedonais com acesso condicionado (apenas moradores), principalmente na zona hist\u00f3rica.<br \/>\n<strong>Sintra<\/strong> \u2013 Zona centro da vila Patrim\u00f3nio Mundial da UNESCO, Pal\u00e1cios e Castelo na Serra de Sintra apenas podem circular operadores tur\u00edsticos.[\/vc_column_text][\/vc_column][\/vc_row][vc_row][vc_column width=\u201d1\/1&#8243;][vc_column_text]<span style=\"font-weight: 400;\">Tens algo a corrigir ou acrescentar? Contata-nos, torna-te um colaborador Travel4Bikers<\/span>[\/vc_column_text][vc_cta h2=\u201dVai visitar uma cidade em Portugal\u201d css=\u201d\u201d]<\/p>\n<h4>Aproveite ao m\u00e1ximo, veja o que fazer em 24h em<br \/>\n<a href=\"https:\/\/gyg.me\/8HtqchyX\" target=\"_blank\" rel=\"noopener\">Lisboa<\/a> \u2013 <a href=\"https:\/\/gyg.me\/NcBnZ7hc\" target=\"_blank\" rel=\"noopener\">Porto<\/a> \u2013 <a href=\"https:\/\/gyg.me\/NqlQytv3\" target=\"_blank\" rel=\"noopener\">Sintra<\/a><\/h4>\n<p>[\/vc_cta][\/vc_column][\/vc_row][vc_row][vc_column width=\u201d1\/1&#8243;][vc_message message_box_style=\u201dclassic\u201d]Este site n\u00e3o fornece informa\u00e7\u00f5es sobre a obten\u00e7\u00e3o de vistos, vacinas ou outras quest\u00f5es que dependam tanto do pa\u00eds de origem como do destino.<br \/>\nDeve verificar junto do seu pa\u00eds se precisa de vistos ou outros requisitos para visitar os destinos pretendidos.[\/vc_message][\/vc_column][\/vc_row][vc_row][vc_column width=\u201d1\/1&#8243;][vc_raw_html css=\u201d\u201d]JTVCdmNfY29sdW1uX3RleHQlNUQlMEElM0NwJTIwc3R5bGUlM0QlMjJ0ZXh0LWFsaWduJTNBJTIwcmlnaHQlM0IlMjIlM0UlM0NzdHJvbmclM0UlM0NhJTIwaHJlZiUzRCUyMmphdmFzY3JpcHQlM0FoaXN0b3J5LmJhY2slMjglMjklMjIlM0VWb2x0YXIlMjBQJUMzJUExZ2luYSUyMEFudGVyaW9yJTNDJTJGYSUzRSUzQyUyRnN0cm9uZyUzRSUzQyUyRnAlM0UlMEElNUIlMkZ2Y19jb2x1bW5fdGV4dCU1RA==[\/vc_raw_html][\/vc_column][\/vc_row][vc_row][vc_column width=\u201d1\/1&#8243;]<div class=\"shout_spacer clearfix\" style=\"height:18px;\"><\/div>[\/vc_column][\/vc_row][vc_row][vc_column width=\u201d1\/1&#8243;]<div class=\"prk_shortcode-title prk_break_word shout_left_align h1_sized\"><div class=\"body_font zero_color prk_vc_title\"><h1 style=\"font-weight:100;\">Hist\u00f3rias relacionadas<\/h1><\/div><div class=\"clearfix\"><\/div><\/div>[\/vc_column][\/vc_row][vc_row][vc_column width=\u201d1\/1&#8243;]<div id=\"prk_shortcode_latest_posts\" class=\"recentposts_ul_wp small-12\"><div class=\"shortcode-title\"><\/div><div class=\"simple_line\"><\/div><h4 id=\"no_posts_title\" class=\"zero_color prk_heavier_600 big header_font\"><\/h4><\/div><div class=\"clearfix bt_1x\"><\/div>[\/vc_column][\/vc_row]<\/p>\n<\/div>","protected":false},"excerpt":{"rendered":"<p>Portugal, na costa oeste da Europa, \u00e9 um destino de elei\u00e7\u00e3o para quem viaja de mota, combinando estradas c\u00e9nicas, clima ameno e uma diversidade \u00fanica de paisagens entre montanhas, plan\u00edcies e mar.<\/p>\n","protected":false},"author":2,"featured_media":12975,"parent":10185,"menu_order":0,"comment_status":"closed","ping_status":"closed","template":"","meta":{"footnotes":""},"categories":[60,148],"tags":[234,233,150,231,232,149,151],"class_list":["post-12970","page","type-page","status-publish","has-post-thumbnail","hentry","category-europa","category-portugal","tag-arrabida","tag-douro-vinhateiro","tag-lisboa","tag-n2","tag-n222","tag-porto","tag-sintra"],"acf":[],"_links":{"self":[{"href":"https:\/\/travel4bikers.com\/pt-pt\/wp-json\/wp\/v2\/pages\/12970","targetHints":{"allow":["GET"]}}],"collection":[{"href":"https:\/\/travel4bikers.com\/pt-pt\/wp-json\/wp\/v2\/pages"}],"about":[{"href":"https:\/\/travel4bikers.com\/pt-pt\/wp-json\/wp\/v2\/types\/page"}],"author":[{"embeddable":true,"href":"https:\/\/travel4bikers.com\/pt-pt\/wp-json\/wp\/v2\/users\/2"}],"replies":[{"embeddable":true,"href":"https:\/\/travel4bikers.com\/pt-pt\/wp-json\/wp\/v2\/comments?post=12970"}],"version-history":[{"count":1,"href":"https:\/\/travel4bikers.com\/pt-pt\/wp-json\/wp\/v2\/pages\/12970\/revisions"}],"predecessor-version":[{"id":22703,"href":"https:\/\/travel4bikers.com\/pt-pt\/wp-json\/wp\/v2\/pages\/12970\/revisions\/22703"}],"up":[{"embeddable":true,"href":"https:\/\/travel4bikers.com\/pt-pt\/wp-json\/wp\/v2\/pages\/10185"}],"wp:featuredmedia":[{"embeddable":true,"href":"https:\/\/travel4bikers.com\/pt-pt\/wp-json\/wp\/v2\/media\/12975"}],"wp:attachment":[{"href":"https:\/\/travel4bikers.com\/pt-pt\/wp-json\/wp\/v2\/media?parent=12970"}],"wp:term":[{"taxonomy":"category","embeddable":true,"href":"https:\/\/travel4bikers.com\/pt-pt\/wp-json\/wp\/v2\/categories?post=12970"},{"taxonomy":"post_tag","embeddable":true,"href":"https:\/\/travel4bikers.com\/pt-pt\/wp-json\/wp\/v2\/tags?post=12970"}],"curies":[{"name":"wp","href":"https:\/\/api.w.org\/{rel}","templated":true}]}}