{"id":13687,"date":"2017-07-05T16:19:54","date_gmt":"2017-07-05T15:19:54","guid":{"rendered":"https:\/\/travel4bikers.com\/?page_id=13687"},"modified":"2025-11-10T11:47:31","modified_gmt":"2025-11-10T10:47:31","slug":"argentina","status":"publish","type":"page","link":"https:\/\/travel4bikers.com\/pt-pt\/viajar-para\/argentina\/","title":{"rendered":"Argentina"},"content":{"rendered":"<div class=\"wpb-content-wrapper\"><p>[vc_row][vc_column width=\u201d1\/1&#8243;][vc_single_image source=\u201dfeatured_image\u201d img_size=\u201dfull\u201d alignment=\u201dcenter\u201d]<div class=\"shout_spacer clearfix\" style=\"height:20px;\"><\/div>[\/vc_column][\/vc_row][vc_row][vc_column width=\u201d1\/1&#8243;]<div class=\"prk_shortcode-title prk_break_word shout_left_align h1_sized\"><div class=\"body_font zero_color prk_vc_title\"><h1 style=\"font-weight:100;\">Viajar para a Argentina \ud83c\udde6\ud83c\uddf7<\/h1><\/div><div class=\"clearfix\"><\/div><\/div><div class=\"shout_spacer clearfix\" style=\"height:18px;\"><\/div>[\/vc_column][\/vc_row][vc_row font_color=\u201d#0693E3&#8243;][vc_column width=\u201d1\/1&#8243;][vc_column_text]<\/p>\n<blockquote><p>A Argentina \u00e9 um destino de sonho para motociclistas, com estradas que atravessam a m\u00edtica Ruta 40, os picos dos Andes e as paisagens selvagens da Patag\u00f3nia, num cen\u00e1rio onde a aventura se mistura com cultura e natureza em estado puro.<\/p><\/blockquote>\n<p>[\/vc_column_text][\/vc_column][\/vc_row][vc_row][vc_column width=\u201d1\/1&#8243;][vc_tta_tabs][vc_tta_section i_icon_fontawesome=\u201dfa fa-regular fa-map\u201d add_icon=\u201dtrue\u201d title=\u201dInforma\u00e7\u00f5es Gerais\u201d tab_id=\u201d1756984282331-d59962b9-8d9b\u201d][vc_column_text]<strong>Capital:\u00a0<\/strong>Buenos Aires<\/p>\n<p><strong>Lingua Oficial:\u00a0<\/strong>Espanhol<\/p>\n<p><strong>N\u00famero de Emerg\u00eancia:\u00a0<\/strong>911 (nacional) \/ 107 (ambul\u00e2ncias)[\/vc_column_text][\/vc_tta_section][vc_tta_section i_icon_fontawesome=\u201dfa fa-regular fa-money-bill-1&#8243; add_icon=\u201dtrue\u201d title=\u201dFinan\u00e7as\u201d tab_id=\u201d1756984282346-461ddde8-312d\u201d][vc_column_text]<strong>Moeda:\u00a0<\/strong>Peso Argentino (ARS)<\/p>\n<p>Pagamentos com cart\u00e3o apenas nas grandes cidades.[\/vc_column_text][\/vc_tta_section][vc_tta_section i_icon_fontawesome=\u201dfa fa-solid fa-motorcycle\u201d add_icon=\u201dtrue\u201d title=\u201dLimites Velocidade\u201d tab_id=\u201d1756985156411-3a136d8e-ae6a\u201d][vc_column_text]<strong>Auto-Estrada: <\/strong>120 km\/h<\/p>\n<p><strong>Estrada: <\/strong>100 km\/h<\/p>\n<p><strong>Localidades:\u00a0<\/strong>40\u201360 km\/h[\/vc_column_text][\/vc_tta_section][\/vc_tta_tabs][\/vc_column][\/vc_row][vc_row][vc_column width=\u201d1\/1&#8243;]<div class=\"shout_spacer clearfix\" style=\"height:18px;\"><\/div>[\/vc_column][\/vc_row][vc_row][vc_column width=\u201d1\/1&#8243;][vc_column_text]A Argentina \u00e9 o segundo maior pa\u00eds da Am\u00e9rica do Sul, conhecida pela diversidade de paisagens que v\u00e3o desde as Cataratas do Igua\u00e7u, passando pela Patag\u00f3nia e Andes, at\u00e9 \u00e0 cosmopolita Buenos Aires. O tango, a gastronomia (em especial as carnes e vinhos) e o futebol s\u00e3o elementos centrais da identidade argentina.<\/p>\n<h3><b>Clima<\/b><\/h3>\n<p>O clima \u00e9 muito variado: subtropical no norte, temperado na regi\u00e3o central e frio\/\u00e1rido no sul (Patag\u00f3nia). Os Andes apresentam clima de montanha.<\/p>\n<h3><b>L\u00ednguas<\/b><\/h3>\n<p>O espanhol \u00e9 a l\u00edngua oficial. Existem dialetos regionais e comunidades que falam italiano, guarani e quechua.<\/p>\n<h3><b>Condu\u00e7\u00e3o<\/b><\/h3>\n<p>Conduz-se pela direita. As estradas nacionais (Rutas Nacionales) ligam o pa\u00eds de norte a sul. Existem autoestradas com portagens, pagas manualmente em cabines, em dinheiro ou cart\u00e3o.<\/p>\n<h3><b>Campismo<\/b><\/h3>\n<p>O campismo selvagem \u00e9 tolerado em v\u00e1rias \u00e1reas rurais, especialmente na Patag\u00f3nia, mas proibido em parques nacionais sem autoriza\u00e7\u00e3o. O pa\u00eds tem muitos parques de campismo regulamentados.<\/p>\n<h3><b>Zonas Motards<\/b><b><\/b><\/h3>\n<p>Um dos grandes destinos em todo o mundo est\u00e1 na Argentina, a Terra do Fogo, a viagem at\u00e9 o Ushuaia a cidade mais austral do mundo.<b><br \/>\n<\/b>A Rota 40, que percorre o pa\u00eds de norte a sul pelos Andes, \u00e9 uma das mais famosas do mundo para motociclistas. Outras rotas populares incluem a Patag\u00f3nia e a estrada at\u00e9 \u00e0s Cataratas do Igua\u00e7u.<\/p>\n<h3><b>Zonas Especiais<\/b><\/h3>\n<p>Grandes cidades como Buenos Aires, C\u00f3rdoba e Mendoza t\u00eam centros urbanos com tr\u00e1fego intenso, zonas pedonais e estacionamento pago\/limitado.[\/vc_column_text][\/vc_column][\/vc_row][vc_row][vc_column width=\u201d1\/1&#8243;][vc_column_text]<span style=\"font-weight: 400;\">Tens algo a corrigir ou acrescentar? Contata-nos, torna-te um colaborador Travel4Bikers<\/span>[\/vc_column_text][vc_cta h2=\u201dVai visitar uma cidade na Argentina\u201d css=\u201d\u201d]<\/p>\n<h4>Aproveite ao m\u00e1ximo, veja o que fazer em 24h em<\/h4>\n<h4><a href=\"https:\/\/gyg.me\/wRH6ZEp9\" target=\"_blank\" rel=\"noopener\">Buenos Aires<\/a> ou\u00a0<a href=\"https:\/\/gyg.me\/FvJWWWq1\" target=\"_blank\" rel=\"noopener\">Ushuaia<\/a><\/h4>\n<p>[\/vc_cta][\/vc_column][\/vc_row][vc_row][vc_column width=\u201d1\/1&#8243;][vc_message message_box_style=\u201dclassic\u201d]Este site n\u00e3o fornece informa\u00e7\u00f5es sobre a obten\u00e7\u00e3o de vistos, vacinas ou outras quest\u00f5es que dependam tanto do pa\u00eds de origem como do destino.<br \/>\nDeve verificar junto do seu pa\u00eds se precisa de vistos ou outros requisitos para visitar os destinos pretendidos.[\/vc_message][\/vc_column][\/vc_row][vc_row][vc_column width=\u201d1\/1&#8243;][vc_raw_html css=\u201d\u201d]JTVCdmNfY29sdW1uX3RleHQlNUQlMEElM0NwJTIwc3R5bGUlM0QlMjJ0ZXh0LWFsaWduJTNBJTIwcmlnaHQlM0IlMjIlM0UlM0NzdHJvbmclM0UlM0NhJTIwaHJlZiUzRCUyMmphdmFzY3JpcHQlM0FoaXN0b3J5LmJhY2slMjglMjklMjIlM0VWb2x0YXIlMjBQJUMzJUExZ2luYSUyMEFudGVyaW9yJTNDJTJGYSUzRSUzQyUyRnN0cm9uZyUzRSUzQyUyRnAlM0UlMEElNUIlMkZ2Y19jb2x1bW5fdGV4dCU1RA==[\/vc_raw_html][\/vc_column][\/vc_row][vc_row][vc_column width=\u201d1\/1&#8243;]<div class=\"shout_spacer clearfix\" style=\"height:18px;\"><\/div>[\/vc_column][\/vc_row][vc_row][vc_column width=\u201d1\/1&#8243;]<div class=\"prk_shortcode-title prk_break_word shout_left_align h1_sized\"><div class=\"body_font zero_color prk_vc_title\"><h1 style=\"font-weight:100;\">Hist\u00f3rias relacionadas<\/h1><\/div><div class=\"clearfix\"><\/div><\/div>[\/vc_column][\/vc_row][vc_row][vc_column width=\u201d1\/1&#8243;]<div id=\"prk_shortcode_latest_posts\" class=\"recentposts_ul_wp small-12\"><div class=\"shortcode-title\"><\/div><div class=\"simple_line\"><\/div><h4 id=\"no_posts_title\" class=\"zero_color prk_heavier_600 big header_font\"><\/h4><\/div><div class=\"clearfix bt_1x\"><\/div>[\/vc_column][\/vc_row]<\/p>\n<\/div>","protected":false},"excerpt":{"rendered":"<p>A Argentina \u00e9 um destino de sonho para motociclistas, com estradas que atravessam a m\u00edtica Ruta 40, os picos dos Andes e as paisagens selvagens da Patag\u00f3nia, num cen\u00e1rio onde a aventura se mistura com cultura e natureza em estado puro.<\/p>\n","protected":false},"author":2,"featured_media":13697,"parent":10185,"menu_order":0,"comment_status":"closed","ping_status":"closed","template":"","meta":{"footnotes":""},"categories":[66,247],"tags":[250,249,248,252,251],"class_list":["post-13687","page","type-page","status-publish","has-post-thumbnail","hentry","category-america-do-sul","category-argentina","tag-andes","tag-patagonia","tag-ruta-40","tag-terra-do-fogo","tag-ushuaia"],"acf":[],"_links":{"self":[{"href":"https:\/\/travel4bikers.com\/pt-pt\/wp-json\/wp\/v2\/pages\/13687","targetHints":{"allow":["GET"]}}],"collection":[{"href":"https:\/\/travel4bikers.com\/pt-pt\/wp-json\/wp\/v2\/pages"}],"about":[{"href":"https:\/\/travel4bikers.com\/pt-pt\/wp-json\/wp\/v2\/types\/page"}],"author":[{"embeddable":true,"href":"https:\/\/travel4bikers.com\/pt-pt\/wp-json\/wp\/v2\/users\/2"}],"replies":[{"embeddable":true,"href":"https:\/\/travel4bikers.com\/pt-pt\/wp-json\/wp\/v2\/comments?post=13687"}],"version-history":[{"count":0,"href":"https:\/\/travel4bikers.com\/pt-pt\/wp-json\/wp\/v2\/pages\/13687\/revisions"}],"up":[{"embeddable":true,"href":"https:\/\/travel4bikers.com\/pt-pt\/wp-json\/wp\/v2\/pages\/10185"}],"wp:featuredmedia":[{"embeddable":true,"href":"https:\/\/travel4bikers.com\/pt-pt\/wp-json\/wp\/v2\/media\/13697"}],"wp:attachment":[{"href":"https:\/\/travel4bikers.com\/pt-pt\/wp-json\/wp\/v2\/media?parent=13687"}],"wp:term":[{"taxonomy":"category","embeddable":true,"href":"https:\/\/travel4bikers.com\/pt-pt\/wp-json\/wp\/v2\/categories?post=13687"},{"taxonomy":"post_tag","embeddable":true,"href":"https:\/\/travel4bikers.com\/pt-pt\/wp-json\/wp\/v2\/tags?post=13687"}],"curies":[{"name":"wp","href":"https:\/\/api.w.org\/{rel}","templated":true}]}}