{"id":14588,"date":"2017-07-05T16:19:54","date_gmt":"2017-07-05T15:19:54","guid":{"rendered":"https:\/\/travel4bikers.com\/?page_id=14588"},"modified":"2025-11-17T22:22:11","modified_gmt":"2025-11-17T21:22:11","slug":"cuba","status":"publish","type":"page","link":"https:\/\/travel4bikers.com\/pt-pt\/viajar-para\/cuba\/","title":{"rendered":"Cuba"},"content":{"rendered":"<div class=\"wpb-content-wrapper\"><p>[vc_row][vc_column width=\u201d1\/1&#8243;][vc_single_image source=\u201dfeatured_image\u201d img_size=\u201dfull\u201d alignment=\u201dcenter\u201d]<div class=\"shout_spacer clearfix\" style=\"height:20px;\"><\/div>[\/vc_column][\/vc_row][vc_row][vc_column width=\u201d1\/1&#8243;]<div class=\"prk_shortcode-title prk_break_word shout_left_align h1_sized\"><div class=\"body_font zero_color prk_vc_title\"><h1 style=\"font-weight:100;\">Viajar para Cuba \ud83c\udde8\ud83c\uddfa<\/h1><\/div><div class=\"clearfix\"><\/div><\/div><div class=\"shout_spacer clearfix\" style=\"height:18px;\"><\/div>[\/vc_column][\/vc_row][vc_row font_color=\u201d#0693E3&#8243;][vc_column width=\u201d1\/1&#8243;][vc_column_text]<\/p>\n<blockquote><p>Cuba \u00e9 um destino \u00fanico para motociclistas, com estradas que ligam cidades coloniais cheias de hist\u00f3ria, praias de \u00e1guas cristalinas e paisagens rurais onde o tempo parece ter parado.<\/p><\/blockquote>\n<p>[\/vc_column_text][\/vc_column][\/vc_row][vc_row][vc_column width=\u201d1\/1&#8243;][vc_tta_tabs][vc_tta_section i_icon_fontawesome=\u201dfa fa-regular fa-map\u201d add_icon=\u201dtrue\u201d title=\u201dInforma\u00e7\u00f5es Gerais\u201d tab_id=\u201d1756984282331-d59962b9-8d9b\u201d][vc_column_text]<strong>Capital: <span style=\"font-weight: 400;\">Havana<\/span><\/strong><\/p>\n<p><strong>Lingua Oficial: <span style=\"font-weight: 400;\">Espanhol<\/span><\/strong><\/p>\n<p><strong>N\u00famero de Emerg\u00eancia: <span style=\"font-weight: 400;\">106 (pol\u00edcia) \/ 105 (ambul\u00e2ncia) \/ 105 (bombeiros)<\/span><\/strong>[\/vc_column_text][\/vc_tta_section][vc_tta_section i_icon_fontawesome=\u201dfa fa-regular fa-money-bill-1&#8243; add_icon=\u201dtrue\u201d title=\u201dFinan\u00e7as\u201d tab_id=\u201d1756984282346-461ddde8-312d\u201d][vc_column_text]<strong>Moeda: <span style=\"font-weight: 400;\">Peso Cubano (CUP) e Peso Convert\u00edvel (CUC \u2013 em elimina\u00e7\u00e3o)<\/span><\/strong><\/p>\n<p>Pagamentos em dinheiro prevalecem em rela\u00e7\u00e3o ao cart\u00e3o \u2013 muitos ATM n\u00e3o aceitam cart\u00f5es estrangeiros[\/vc_column_text][\/vc_tta_section][vc_tta_section i_icon_fontawesome=\u201dfa fa-solid fa-motorcycle\u201d add_icon=\u201dtrue\u201d title=\u201dLimites Velocidade\u201d tab_id=\u201d1756985156411-3a136d8e-ae6a\u201d][vc_column_text]<strong>Auto-Estrada: <\/strong>100 km\/h<\/p>\n<p><strong>Estrada:<\/strong> 80-90 km\/h<\/p>\n<p><strong>Localidades: <\/strong>40-60 km\/h[\/vc_column_text][\/vc_tta_section][\/vc_tta_tabs][\/vc_column][\/vc_row][vc_row][vc_column width=\u201d1\/1&#8243;]<div class=\"shout_spacer clearfix\" style=\"height:18px;\"><\/div>[\/vc_column][\/vc_row][vc_row][vc_column width=\u201d1\/1&#8243;][vc_column_text]<span style=\"font-weight: 400;\">Cuba \u00e9 a maior ilha das Cara\u00edbas, conhecida pela sua hist\u00f3ria revolucion\u00e1ria, carros cl\u00e1ssicos, m\u00fasica (salsa, son cubano), praias tropicais e arquitetura colonial.<\/span><\/p>\n<h3><b>Clima<\/b><\/h3>\n<p><span style=\"font-weight: 400;\">Tropical, com esta\u00e7\u00e3o seca (novembro a abril) e esta\u00e7\u00e3o chuvosa (maio a outubro). Furac\u00f5es poss\u00edveis entre agosto e outubro.<\/span><\/p>\n<h3><b>L\u00ednguas<\/b><\/h3>\n<p><span style=\"font-weight: 400;\">O espanhol \u00e9 oficial e predominante. Ingl\u00eas \u00e9 falado em zonas tur\u00edsticas.<\/span><\/p>\n<h3><b>Condu\u00e7\u00e3o<\/b><\/h3>\n<p><span style=\"font-weight: 400;\">Conduz-se pela direita. Estradas principais s\u00e3o razo\u00e1veis, mas secund\u00e1rias podem estar degradadas. Portagens inexistentes.<\/span><\/p>\n<h3><b>Campismo<\/b><\/h3>\n<p><span style=\"font-weight: 400;\">O campismo selvagem \u00e9 raro. Existem parques de campismo e alojamentos estatais.<\/span><\/p>\n<h3><b>Zonas Motards<\/b><\/h3>\n<p><span style=\"font-weight: 400;\">Estradas costeiras e rotas do interior agr\u00edcola s\u00e3o apreciadas para passeios de mota, mas a infraestrutura \u00e9 limitada.<\/span><\/p>\n<h3><b>Zonas Especiais<\/b><\/h3>\n<p><span style=\"font-weight: 400;\">Havana Velha tem ruas pedonais e tr\u00e1fego controlado.<\/span>[\/vc_column_text][\/vc_column][\/vc_row][vc_row][vc_column width=\u201d1\/1&#8243;][vc_column_text]<span style=\"font-weight: 400;\">Tens algo a corrigir ou acrescentar? Contata-nos, torna-te um colaborador Travel4Bikers<\/span>[\/vc_column_text][vc_cta h2=\u201dVai visitar uma cidade em Cuba\u201d css=\u201d\u201d]<\/p>\n<h4>Aproveite ao m\u00e1ximo, veja o que fazer em 24h em <a href=\"https:\/\/gyg.me\/ukfDrGMq\" target=\"_blank\" rel=\"noopener\">Cuba<\/a><\/h4>\n<p>[\/vc_cta][\/vc_column][\/vc_row][vc_row][vc_column width=\u201d1\/1&#8243;][vc_message message_box_style=\u201dclassic\u201d]Este site n\u00e3o fornece informa\u00e7\u00f5es sobre a obten\u00e7\u00e3o de vistos, vacinas ou outras quest\u00f5es que dependam tanto do pa\u00eds de origem como do destino.<br \/>\nDeve verificar junto do seu pa\u00eds se precisa de vistos ou outros requisitos para visitar os destinos pretendidos.[\/vc_message][\/vc_column][\/vc_row][vc_row][vc_column width=\u201d1\/1&#8243;][vc_raw_html css=\u201d\u201d]JTVCdmNfY29sdW1uX3RleHQlNUQlMEElM0NwJTIwc3R5bGUlM0QlMjJ0ZXh0LWFsaWduJTNBJTIwcmlnaHQlM0IlMjIlM0UlM0NzdHJvbmclM0UlM0NhJTIwaHJlZiUzRCUyMmphdmFzY3JpcHQlM0FoaXN0b3J5LmJhY2slMjglMjklMjIlM0VWb2x0YXIlMjBQJUMzJUExZ2luYSUyMEFudGVyaW9yJTNDJTJGYSUzRSUzQyUyRnN0cm9uZyUzRSUzQyUyRnAlM0UlMEElNUIlMkZ2Y19jb2x1bW5fdGV4dCU1RA==[\/vc_raw_html][\/vc_column][\/vc_row][vc_row][vc_column width=\u201d1\/1&#8243;]<div class=\"shout_spacer clearfix\" style=\"height:18px;\"><\/div>[\/vc_column][\/vc_row][vc_row][vc_column width=\u201d1\/1&#8243;]<div class=\"prk_shortcode-title prk_break_word shout_left_align h1_sized\"><div class=\"body_font zero_color prk_vc_title\"><h1 style=\"font-weight:100;\">Hist\u00f3rias relacionadas<\/h1><\/div><div class=\"clearfix\"><\/div><\/div>[\/vc_column][\/vc_row][vc_row][vc_column width=\u201d1\/1&#8243;]<div id=\"prk_shortcode_latest_posts\" class=\"recentposts_ul_wp small-12\"><div class=\"shortcode-title\"><\/div><div class=\"simple_line\"><\/div><h4 id=\"no_posts_title\" class=\"zero_color prk_heavier_600 big header_font\"><\/h4><\/div><div class=\"clearfix bt_1x\"><\/div>[\/vc_column][\/vc_row]<\/p>\n<\/div>","protected":false},"excerpt":{"rendered":"<p>Cuba \u00e9 um destino \u00fanico para motociclistas, com estradas que ligam cidades coloniais cheias de hist\u00f3ria, praias de \u00e1guas cristalinas e paisagens rurais onde o tempo parece ter parado.<\/p>\n","protected":false},"author":2,"featured_media":14605,"parent":10185,"menu_order":0,"comment_status":"closed","ping_status":"closed","template":"","meta":{"footnotes":""},"categories":[63,478],"tags":[479,480],"class_list":["post-14588","page","type-page","status-publish","has-post-thumbnail","hentry","category-america-do-norte","category-cuba","tag-caraibas","tag-havana-velha"],"acf":[],"_links":{"self":[{"href":"https:\/\/travel4bikers.com\/pt-pt\/wp-json\/wp\/v2\/pages\/14588","targetHints":{"allow":["GET"]}}],"collection":[{"href":"https:\/\/travel4bikers.com\/pt-pt\/wp-json\/wp\/v2\/pages"}],"about":[{"href":"https:\/\/travel4bikers.com\/pt-pt\/wp-json\/wp\/v2\/types\/page"}],"author":[{"embeddable":true,"href":"https:\/\/travel4bikers.com\/pt-pt\/wp-json\/wp\/v2\/users\/2"}],"replies":[{"embeddable":true,"href":"https:\/\/travel4bikers.com\/pt-pt\/wp-json\/wp\/v2\/comments?post=14588"}],"version-history":[{"count":0,"href":"https:\/\/travel4bikers.com\/pt-pt\/wp-json\/wp\/v2\/pages\/14588\/revisions"}],"up":[{"embeddable":true,"href":"https:\/\/travel4bikers.com\/pt-pt\/wp-json\/wp\/v2\/pages\/10185"}],"wp:featuredmedia":[{"embeddable":true,"href":"https:\/\/travel4bikers.com\/pt-pt\/wp-json\/wp\/v2\/media\/14605"}],"wp:attachment":[{"href":"https:\/\/travel4bikers.com\/pt-pt\/wp-json\/wp\/v2\/media?parent=14588"}],"wp:term":[{"taxonomy":"category","embeddable":true,"href":"https:\/\/travel4bikers.com\/pt-pt\/wp-json\/wp\/v2\/categories?post=14588"},{"taxonomy":"post_tag","embeddable":true,"href":"https:\/\/travel4bikers.com\/pt-pt\/wp-json\/wp\/v2\/tags?post=14588"}],"curies":[{"name":"wp","href":"https:\/\/api.w.org\/{rel}","templated":true}]}}