{"id":14749,"date":"2017-07-05T16:19:54","date_gmt":"2017-07-05T15:19:54","guid":{"rendered":"https:\/\/travel4bikers.com\/?page_id=14749"},"modified":"2025-12-31T11:37:37","modified_gmt":"2025-12-31T10:37:37","slug":"tailandia","status":"publish","type":"page","link":"https:\/\/travel4bikers.com\/pt-pt\/viajar-para\/tailandia\/","title":{"rendered":"Tail\u00e2ndia"},"content":{"rendered":"<div class=\"wpb-content-wrapper\"><p>[vc_row][vc_column width=\u201d1\/1&#8243;][vc_single_image source=\u201dfeatured_image\u201d img_size=\u201dfull\u201d alignment=\u201dcenter\u201d]<div class=\"shout_spacer clearfix\" style=\"height:20px;\"><\/div>[\/vc_column][\/vc_row][vc_row][vc_column width=\u201d1\/1&#8243;]<div class=\"prk_shortcode-title prk_break_word shout_left_align h1_sized\"><div class=\"body_font zero_color prk_vc_title\"><h1 style=\"font-weight:100;\">Viajar para Tail\u00e2ndia \ud83c\uddf9\ud83c\udded<\/h1><\/div><div class=\"clearfix\"><\/div><\/div><div class=\"shout_spacer clearfix\" style=\"height:18px;\"><\/div>[\/vc_column][\/vc_row][vc_row font_color=\u201d#0693E3&#8243;][vc_column width=\u201d1\/1&#8243;][vc_column_text]<\/p>\n<blockquote><p>A Tail\u00e2ndia \u00e9 um destino fascinante para motociclistas, com rotas que atravessam selvas tropicais, templos ancestrais e montanhas cheias de curvas, como o famoso Mae Hong Son Loop.<\/p><\/blockquote>\n<p>[\/vc_column_text][\/vc_column][\/vc_row][vc_row][vc_column width=\u201d1\/1&#8243;][vc_tta_tabs][vc_tta_section i_icon_fontawesome=\u201dfa fa-regular fa-map\u201d add_icon=\u201dtrue\u201d title=\u201dInforma\u00e7\u00f5es Gerais\u201d tab_id=\u201d1756984282331-d59962b9-8d9b\u201d][vc_column_text]<strong>Capital: <span style=\"font-weight: 400;\">Banguecoque<\/span><\/strong><\/p>\n<p><strong>Lingua Oficial: <span style=\"font-weight: 400;\">Tailand\u00eas<\/span><span style=\"font-weight: 400;\"><br \/>\n<\/span><\/strong><\/p>\n<p><strong>N\u00famero de Emerg\u00eancia: <span style=\"font-weight: 400;\">191 (pol\u00edcia) \/ 1669 (ambul\u00e2ncia)<\/span><\/strong>[\/vc_column_text][\/vc_tta_section][vc_tta_section i_icon_fontawesome=\u201dfa fa-regular fa-money-bill-1&#8243; add_icon=\u201dtrue\u201d title=\u201dFinan\u00e7as\u201d tab_id=\u201d1756984282346-461ddde8-312d\u201d][vc_column_text]<strong>Moeda: <span style=\"font-weight: 400;\">Baht (THB)<\/span><span style=\"font-weight: 400;\"><br \/>\n<\/span><\/strong><\/p>\n<p>Pagamentos com cart\u00e3o s\u00e3o aceites, mas andar com dinheiro \u00e9 fundamental[\/vc_column_text][\/vc_tta_section][vc_tta_section i_icon_fontawesome=\u201dfa fa-solid fa-motorcycle\u201d add_icon=\u201dtrue\u201d title=\u201dLimites Velocidade\u201d tab_id=\u201d1756985156411-3a136d8e-ae6a\u201d][vc_column_text]<strong>Auto-Estrada: <\/strong>120 km\/h<\/p>\n<p><strong>Estrada: <\/strong>80-100 km\/h<\/p>\n<p><strong>Localidades: <\/strong>50-60 km\/h[\/vc_column_text][\/vc_tta_section][\/vc_tta_tabs][\/vc_column][\/vc_row][vc_row][vc_column width=\u201d1\/1&#8243;]<div class=\"shout_spacer clearfix\" style=\"height:18px;\"><\/div>[\/vc_column][\/vc_row][vc_row][vc_column width=\u201d1\/1&#8243;][vc_column_text]<span style=\"font-weight: 400;\">A Tail\u00e2ndia \u00e9 um dos destinos tur\u00edsticos mais visitados do mundo, famosa pelas suas praias tropicais, templos budistas, gastronomia e vida noturna.<\/span><\/p>\n<h3><b>Clima<\/b><\/h3>\n<p><span style=\"font-weight: 400;\">Tropical, com esta\u00e7\u00e3o seca (novembro a abril) e esta\u00e7\u00e3o chuvosa (maio a outubro).<\/span><\/p>\n<h3><b>L\u00ednguas<\/b><\/h3>\n<p><span style=\"font-weight: 400;\">O tailand\u00eas \u00e9 a l\u00edngua oficial. Ingl\u00eas \u00e9 falado em \u00e1reas tur\u00edsticas.<\/span><\/p>\n<h3><b>Condu\u00e7\u00e3o<\/b><\/h3>\n<p><span style=\"font-weight: 400;\">Conduz-se pela esquerda. Algumas autoestradas t\u00eam portagens, pagas em cabines manuais ou sistemas eletr\u00f3nicos.<br \/>\nPara entrar com viatura pr\u00f3pria, registada fora da Tailandia, tem de se submeter um pedido at\u00e9 5 dias uteis anteriores \u00e0 entrada em <a href=\"https:\/\/fvp.dlt.go.th\/\" target=\"_blank\" rel=\"noopener\">fvp.dlt.go.th<\/a>, para mais detalhes consultar <a href=\"https:\/\/fvp.dlt.go.th\/Manual2\">Manual<\/a>.<\/span><\/p>\n<h3><b>Campismo<\/b><\/h3>\n<p><span style=\"font-weight: 400;\">O campismo selvagem n\u00e3o \u00e9 comum. Existem parques de campismo em \u00e1reas naturais e parques nacionais.<\/span><\/p>\n<h3><b>Zonas Motards<\/b><\/h3>\n<p><span style=\"font-weight: 400;\">Rotas apreciadas incluem o norte do pa\u00eds (Chiang Mai a Pai) e estradas costeiras no sul.<\/span><\/p>\n<h3><b>Zonas Especiais<\/b><\/h3>\n<p><span style=\"font-weight: 400;\">Banguecoque tem zonas de tr\u00e1fego intenso e estacionamento controlado.<\/span>[\/vc_column_text][\/vc_column][\/vc_row][vc_row][vc_column width=\u201d1\/1&#8243;][vc_column_text]<span style=\"font-weight: 400;\">Tens algo a corrigir ou acrescentar? Contata-nos, torna-te um colaborador Travel4Bikers<\/span>[\/vc_column_text][vc_cta h2=\u201dVai visitar uma cidade na Tail\u00e2ndia\u201d css=\u201d\u201d]<\/p>\n<h4>Aproveite ao m\u00e1ximo, veja o que fazer em 24h em<\/h4>\n<h4><a href=\"https:\/\/gyg.me\/9DLo44KX\" target=\"_blank\" rel=\"noopener\">Banguecoque<\/a> \u2013 <a href=\"https:\/\/gyg.me\/kH1kBCEN\" target=\"_blank\" rel=\"noopener\">Chiang Mai<\/a> \u2013 <a href=\"https:\/\/gyg.me\/GK3uzVNi\" target=\"_blank\" rel=\"noopener\">Phuket<\/a><\/h4>\n<p>[\/vc_cta][\/vc_column][\/vc_row][vc_row][vc_column width=\u201d1\/1&#8243;][vc_message message_box_style=\u201dclassic\u201d]Este site n\u00e3o fornece informa\u00e7\u00f5es sobre a obten\u00e7\u00e3o de vistos, vacinas ou outras quest\u00f5es que dependam tanto do pa\u00eds de origem como do destino.<br \/>\nDeve verificar junto do seu pa\u00eds se precisa de vistos ou outros requisitos para visitar os destinos pretendidos.[\/vc_message][\/vc_column][\/vc_row][vc_row][vc_column width=\u201d1\/1&#8243;][vc_raw_html css=\u201d\u201d]JTVCdmNfY29sdW1uX3RleHQlNUQlMEElM0NwJTIwc3R5bGUlM0QlMjJ0ZXh0LWFsaWduJTNBJTIwcmlnaHQlM0IlMjIlM0UlM0NzdHJvbmclM0UlM0NhJTIwaHJlZiUzRCUyMmphdmFzY3JpcHQlM0FoaXN0b3J5LmJhY2slMjglMjklMjIlM0VWb2x0YXIlMjBQJUMzJUExZ2luYSUyMEFudGVyaW9yJTNDJTJGYSUzRSUzQyUyRnN0cm9uZyUzRSUzQyUyRnAlM0UlMEElNUIlMkZ2Y19jb2x1bW5fdGV4dCU1RA==[\/vc_raw_html][\/vc_column][\/vc_row][vc_row][vc_column width=\u201d1\/1&#8243;]<div class=\"shout_spacer clearfix\" style=\"height:18px;\"><\/div>[\/vc_column][\/vc_row][vc_row][vc_column width=\u201d1\/1&#8243;]<div class=\"prk_shortcode-title prk_break_word shout_left_align h1_sized\"><div class=\"body_font zero_color prk_vc_title\"><h1 style=\"font-weight:100;\">Hist\u00f3rias relacionadas<\/h1><\/div><div class=\"clearfix\"><\/div><\/div>[\/vc_column][\/vc_row][vc_row][vc_column width=\u201d1\/1&#8243;]<div id=\"prk_shortcode_latest_posts\" class=\"recentposts_ul_wp small-12\"><div class=\"shortcode-title\"><\/div><div class=\"simple_line\"><\/div><h4 id=\"no_posts_title\" class=\"zero_color prk_heavier_600 big header_font\"><\/h4><\/div><div class=\"clearfix bt_1x\"><\/div>[\/vc_column][\/vc_row]<\/p>\n<\/div>","protected":false},"excerpt":{"rendered":"<p>A Tail\u00e2ndia \u00e9 um destino fascinante para motociclistas, com rotas que atravessam selvas tropicais, templos ancestrais e montanhas cheias de curvas, como o famoso Mae Hong Son Loop.<\/p>\n","protected":false},"author":2,"featured_media":14750,"parent":10185,"menu_order":0,"comment_status":"closed","ping_status":"closed","template":"","meta":{"footnotes":""},"categories":[57,582],"tags":[587,586,589,588],"class_list":["post-14749","page","type-page","status-publish","has-post-thumbnail","hentry","category-asia","category-tailandia","tag-krabi","tag-mae-hong-son-loop","tag-phang-nga","tag-phuket"],"acf":[],"_links":{"self":[{"href":"https:\/\/travel4bikers.com\/pt-pt\/wp-json\/wp\/v2\/pages\/14749","targetHints":{"allow":["GET"]}}],"collection":[{"href":"https:\/\/travel4bikers.com\/pt-pt\/wp-json\/wp\/v2\/pages"}],"about":[{"href":"https:\/\/travel4bikers.com\/pt-pt\/wp-json\/wp\/v2\/types\/page"}],"author":[{"embeddable":true,"href":"https:\/\/travel4bikers.com\/pt-pt\/wp-json\/wp\/v2\/users\/2"}],"replies":[{"embeddable":true,"href":"https:\/\/travel4bikers.com\/pt-pt\/wp-json\/wp\/v2\/comments?post=14749"}],"version-history":[{"count":3,"href":"https:\/\/travel4bikers.com\/pt-pt\/wp-json\/wp\/v2\/pages\/14749\/revisions"}],"predecessor-version":[{"id":23264,"href":"https:\/\/travel4bikers.com\/pt-pt\/wp-json\/wp\/v2\/pages\/14749\/revisions\/23264"}],"up":[{"embeddable":true,"href":"https:\/\/travel4bikers.com\/pt-pt\/wp-json\/wp\/v2\/pages\/10185"}],"wp:featuredmedia":[{"embeddable":true,"href":"https:\/\/travel4bikers.com\/pt-pt\/wp-json\/wp\/v2\/media\/14750"}],"wp:attachment":[{"href":"https:\/\/travel4bikers.com\/pt-pt\/wp-json\/wp\/v2\/media?parent=14749"}],"wp:term":[{"taxonomy":"category","embeddable":true,"href":"https:\/\/travel4bikers.com\/pt-pt\/wp-json\/wp\/v2\/categories?post=14749"},{"taxonomy":"post_tag","embeddable":true,"href":"https:\/\/travel4bikers.com\/pt-pt\/wp-json\/wp\/v2\/tags?post=14749"}],"curies":[{"name":"wp","href":"https:\/\/api.w.org\/{rel}","templated":true}]}}