{"id":14839,"date":"2017-07-05T16:19:54","date_gmt":"2017-07-05T15:19:54","guid":{"rendered":"https:\/\/travel4bikers.com\/?page_id=14839"},"modified":"2025-11-11T09:59:19","modified_gmt":"2025-11-11T08:59:19","slug":"argelia","status":"publish","type":"page","link":"https:\/\/travel4bikers.com\/pt-pt\/viajar-para\/argelia\/","title":{"rendered":"Arg\u00e9lia"},"content":{"rendered":"<div class=\"wpb-content-wrapper\"><p>[vc_row][vc_column width=\u201d1\/1&#8243;][vc_single_image source=\u201dfeatured_image\u201d img_size=\u201dfull\u201d alignment=\u201dcenter\u201d]<div class=\"shout_spacer clearfix\" style=\"height:20px;\"><\/div>[\/vc_column][\/vc_row][vc_row][vc_column width=\u201d1\/1&#8243;]<div class=\"prk_shortcode-title prk_break_word shout_left_align h1_sized\"><div class=\"body_font zero_color prk_vc_title\"><h1 style=\"font-weight:100;\">Viajar para Arg\u00e9lia \ud83c\udde9\ud83c\uddff<\/h1><\/div><div class=\"clearfix\"><\/div><\/div><div class=\"shout_spacer clearfix\" style=\"height:18px;\"><\/div>[\/vc_column][\/vc_row][vc_row font_color=\u201d#0693E3&#8243;][vc_column width=\u201d1\/1&#8243;][vc_column_text]<\/p>\n<blockquote><p>A Arg\u00e9lia \u00e9 um destino fascinante para motociclistas aventureiros, com estradas que atravessam o deserto do Saara, cadeias montanhosas e cidades marcadas por uma rica heran\u00e7a cultural.<\/p><\/blockquote>\n<p>[\/vc_column_text][\/vc_column][\/vc_row][vc_row][vc_column width=\u201d1\/1&#8243;][vc_tta_tabs][vc_tta_section i_icon_fontawesome=\u201dfa fa-regular fa-map\u201d add_icon=\u201dtrue\u201d title=\u201dInforma\u00e7\u00f5es Gerais\u201d tab_id=\u201d1756984282331-d59962b9-8d9b\u201d][vc_column_text]<strong>Capital:\u00a0<\/strong>\u00a0Argel<\/p>\n<p><strong>Lingua Oficial:\u00a0<\/strong>\u00c1rabe, Tamazight (berbere)<\/p>\n<p><strong>N\u00famero de Emerg\u00eancia:\u00a0<\/strong>1548 (pol\u00edcia) \/ 14 (bombeiros)[\/vc_column_text][\/vc_tta_section][vc_tta_section i_icon_fontawesome=\u201dfa fa-regular fa-money-bill-1&#8243; add_icon=\u201dtrue\u201d title=\u201dFinan\u00e7as\u201d tab_id=\u201d1756984282346-461ddde8-312d\u201d][vc_column_text]<strong>Moeda:\u00a0<\/strong>Dinar Argelino (DZD)<\/p>\n<p>Os pagamentos s\u00e3o em dinheiro, os cart\u00f5es raramente s\u00e3o aceites[\/vc_column_text][\/vc_tta_section][vc_tta_section i_icon_fontawesome=\u201dfa fa-solid fa-motorcycle\u201d add_icon=\u201dtrue\u201d title=\u201dLimites Velocidade\u201d tab_id=\u201d1756985156411-3a136d8e-ae6a\u201d][vc_column_text]<strong>Auto-Estrada: <\/strong>120 km\/h<\/p>\n<p><strong>Estrada: <\/strong>100 km\/h<\/p>\n<p><strong>Localidades: <\/strong>50 km\/h[\/vc_column_text][\/vc_tta_section][\/vc_tta_tabs][\/vc_column][\/vc_row][vc_row][vc_column width=\u201d1\/1&#8243;]<div class=\"shout_spacer clearfix\" style=\"height:18px;\"><\/div>[\/vc_column][\/vc_row][vc_row][vc_column width=\u201d1\/1&#8243;][vc_column_text]A Arg\u00e9lia \u00e9 o maior pa\u00eds de \u00c1frica em extens\u00e3o, com grande parte do territ\u00f3rio coberto pelo deserto do Saara. \u00c9 conhecida pelas suas ru\u00ednas romanas, desertos imensos, montanhas do Atlas e cidades costeiras como Argel e Or\u00e3.<\/p>\n<h3><b>Clima<\/b><\/h3>\n<p>Mediterr\u00e2nico na costa, semi\u00e1rido no interior e des\u00e9rtico no Saara. Invernos suaves na costa e ver\u00f5es muito quentes no interior.<\/p>\n<h3><b>L\u00ednguas<\/b><\/h3>\n<p>O \u00e1rabe \u00e9 oficial, assim como o tamazight. O franc\u00eas \u00e9 amplamente usado na educa\u00e7\u00e3o e neg\u00f3cios.<\/p>\n<h3><b>Condu\u00e7\u00e3o<\/b><\/h3>\n<p>Conduz-se pela direita. A autoestrada Leste-Oeste \u00e9 a principal via r\u00e1pida do pa\u00eds. Algumas sec\u00e7\u00f5es s\u00e3o portajadas, pagas manualmente.<\/p>\n<h3><b>Campismo<\/b><\/h3>\n<p>O campismo selvagem \u00e9 poss\u00edvel em \u00e1reas rurais, mas menos comum. Existem parques de campismo em zonas tur\u00edsticas.<\/p>\n<h3><b>Zonas Motards<\/b><\/h3>\n<p>Percursos no Saara argelino e nas Montanhas do Atlas s\u00e3o muito procurados por motociclistas aventureiros.<\/p>\n<h3><b>Zonas Especiais<\/b><b><\/b><\/h3>\n<p>Argel tem zonas centrais pedonais e tr\u00e1fego intenso.[\/vc_column_text][\/vc_column][\/vc_row][vc_row][vc_column width=\u201d1\/1&#8243;][vc_column_text]<span style=\"font-weight: 400;\">Tens algo a corrigir ou acrescentar? Contata-nos, torna-te um colaborador Travel4Bikers<\/span>[\/vc_column_text][vc_cta h2=\u201dVai visitar uma cidade na Arg\u00e9lia\u201d css=\u201d\u201d]<\/p>\n<h4>Aproveite ao m\u00e1ximo, veja o que fazer em 24h em<\/h4>\n<h4><a href=\"https:\/\/gyg.me\/IJkpCS5Y\" target=\"_blank\" rel=\"noopener\">Argel<\/a> \u2013 <a href=\"https:\/\/gyg.me\/VFGhsvZh\" target=\"_blank\" rel=\"noopener\">Or\u00e3<\/a><\/h4>\n<p>[\/vc_cta][\/vc_column][\/vc_row][vc_row][vc_column width=\u201d1\/1&#8243;][vc_message message_box_style=\u201dclassic\u201d]Este site n\u00e3o fornece informa\u00e7\u00f5es sobre a obten\u00e7\u00e3o de vistos, vacinas ou outras quest\u00f5es que dependam tanto do pa\u00eds de origem como do destino.<br \/>\nDeve verificar junto do seu pa\u00eds se precisa de vistos ou outros requisitos para visitar os destinos pretendidos.[\/vc_message][\/vc_column][\/vc_row][vc_row][vc_column width=\u201d1\/1&#8243;][vc_raw_html css=\u201d\u201d]JTVCdmNfY29sdW1uX3RleHQlNUQlMEElM0NwJTIwc3R5bGUlM0QlMjJ0ZXh0LWFsaWduJTNBJTIwcmlnaHQlM0IlMjIlM0UlM0NzdHJvbmclM0UlM0NhJTIwaHJlZiUzRCUyMmphdmFzY3JpcHQlM0FoaXN0b3J5LmJhY2slMjglMjklMjIlM0VWb2x0YXIlMjBQJUMzJUExZ2luYSUyMEFudGVyaW9yJTNDJTJGYSUzRSUzQyUyRnN0cm9uZyUzRSUzQyUyRnAlM0UlMEElNUIlMkZ2Y19jb2x1bW5fdGV4dCU1RA==[\/vc_raw_html][\/vc_column][\/vc_row][vc_row][vc_column width=\u201d1\/1&#8243;]<div class=\"shout_spacer clearfix\" style=\"height:18px;\"><\/div>[\/vc_column][\/vc_row][vc_row][vc_column width=\u201d1\/1&#8243;]<div class=\"prk_shortcode-title prk_break_word shout_left_align h1_sized\"><div class=\"body_font zero_color prk_vc_title\"><h1 style=\"font-weight:100;\">Hist\u00f3rias relacionadas<\/h1><\/div><div class=\"clearfix\"><\/div><\/div>[\/vc_column][\/vc_row][vc_row][vc_column width=\u201d1\/1&#8243;]<div id=\"prk_shortcode_latest_posts\" class=\"recentposts_ul_wp small-12\"><div class=\"shortcode-title\"><\/div><div class=\"simple_line\"><\/div><h4 id=\"no_posts_title\" class=\"zero_color prk_heavier_600 big header_font\"><\/h4><\/div><div class=\"clearfix bt_1x\"><\/div>[\/vc_column][\/vc_row]<\/p>\n<\/div>","protected":false},"excerpt":{"rendered":"<p>A Arg\u00e9lia \u00e9 um destino fascinante para motociclistas aventureiros, com estradas que atravessam o deserto do Saara, cadeias montanhosas e cidades marcadas por uma rica heran\u00e7a cultural.<\/p>\n","protected":false},"author":2,"featured_media":14841,"parent":10185,"menu_order":0,"comment_status":"closed","ping_status":"closed","template":"","meta":{"footnotes":""},"categories":[47,640],"tags":[223,222],"class_list":["post-14839","page","type-page","status-publish","has-post-thumbnail","hentry","category-africa","category-argelia","tag-deserto-do-saara","tag-montanhas-do-atlas"],"acf":[],"_links":{"self":[{"href":"https:\/\/travel4bikers.com\/pt-pt\/wp-json\/wp\/v2\/pages\/14839","targetHints":{"allow":["GET"]}}],"collection":[{"href":"https:\/\/travel4bikers.com\/pt-pt\/wp-json\/wp\/v2\/pages"}],"about":[{"href":"https:\/\/travel4bikers.com\/pt-pt\/wp-json\/wp\/v2\/types\/page"}],"author":[{"embeddable":true,"href":"https:\/\/travel4bikers.com\/pt-pt\/wp-json\/wp\/v2\/users\/2"}],"replies":[{"embeddable":true,"href":"https:\/\/travel4bikers.com\/pt-pt\/wp-json\/wp\/v2\/comments?post=14839"}],"version-history":[{"count":0,"href":"https:\/\/travel4bikers.com\/pt-pt\/wp-json\/wp\/v2\/pages\/14839\/revisions"}],"up":[{"embeddable":true,"href":"https:\/\/travel4bikers.com\/pt-pt\/wp-json\/wp\/v2\/pages\/10185"}],"wp:featuredmedia":[{"embeddable":true,"href":"https:\/\/travel4bikers.com\/pt-pt\/wp-json\/wp\/v2\/media\/14841"}],"wp:attachment":[{"href":"https:\/\/travel4bikers.com\/pt-pt\/wp-json\/wp\/v2\/media?parent=14839"}],"wp:term":[{"taxonomy":"category","embeddable":true,"href":"https:\/\/travel4bikers.com\/pt-pt\/wp-json\/wp\/v2\/categories?post=14839"},{"taxonomy":"post_tag","embeddable":true,"href":"https:\/\/travel4bikers.com\/pt-pt\/wp-json\/wp\/v2\/tags?post=14839"}],"curies":[{"name":"wp","href":"https:\/\/api.w.org\/{rel}","templated":true}]}}