{"id":16336,"date":"2017-07-05T16:19:54","date_gmt":"2017-07-05T15:19:54","guid":{"rendered":"https:\/\/travel4bikers.com\/?page_id=16336"},"modified":"2025-11-17T23:07:24","modified_gmt":"2025-11-17T22:07:24","slug":"guiana","status":"publish","type":"page","link":"https:\/\/travel4bikers.com\/pt-pt\/viajar-para\/guiana\/","title":{"rendered":"Guiana"},"content":{"rendered":"<div class=\"wpb-content-wrapper\"><p>[vc_row][vc_column width=\u201d1\/1&#8243;][vc_single_image source=\u201dfeatured_image\u201d img_size=\u201dfull\u201d alignment=\u201dcenter\u201d]<div class=\"shout_spacer clearfix\" style=\"height:20px;\"><\/div>[\/vc_column][\/vc_row][vc_row][vc_column width=\u201d1\/1&#8243;]<div class=\"prk_shortcode-title prk_break_word shout_left_align h1_sized\"><div class=\"body_font zero_color prk_vc_title\"><h1 style=\"font-weight:100;\">Viajar para Guiana \ud83c\uddec\ud83c\uddfe<\/h1><\/div><div class=\"clearfix\"><\/div><\/div><div class=\"shout_spacer clearfix\" style=\"height:18px;\"><\/div>[\/vc_column][\/vc_row][vc_row font_color=\u201d#0693E3&#8243;][vc_column width=\u201d1\/1&#8243;][vc_column_text]<\/p>\n<blockquote><p>A Guiana \u00e9 um destino aut\u00eantico para motociclistas aventureiros, com estradas que cruzam selvas tropicais, rios imponentes e aldeias remotas, revelando uma Am\u00e9rica do Sul ainda pouco explorada.<\/p><\/blockquote>\n<p>[\/vc_column_text][\/vc_column][\/vc_row][vc_row][vc_column width=\u201d1\/1&#8243;][vc_tta_tabs][vc_tta_section i_icon_fontawesome=\u201dfa fa-regular fa-map\u201d add_icon=\u201dtrue\u201d title=\u201dInforma\u00e7\u00f5es Gerais\u201d tab_id=\u201d1756984282331-d59962b9-8d9b\u201d][vc_column_text]<strong>Capital:\u00a0<\/strong>Georgetown<\/p>\n<p><strong>Lingua Oficial:\u00a0<\/strong>Ingl\u00eas<\/p>\n<p><strong>N\u00famero de Emerg\u00eancia: <\/strong>911[\/vc_column_text][\/vc_tta_section][vc_tta_section i_icon_fontawesome=\u201dfa fa-regular fa-money-bill-1&#8243; add_icon=\u201dtrue\u201d title=\u201dFinan\u00e7as\u201d tab_id=\u201d1756984282346-461ddde8-312d\u201d][vc_column_text]<strong>Moeda:\u00a0<\/strong>D\u00f3lar da Guiana (GYD)<\/p>\n<p>Pagamentos em dinheiro, o uso de cart\u00e3o \u00e9 muito limitado.[\/vc_column_text][\/vc_tta_section][vc_tta_section i_icon_fontawesome=\u201dfa fa-solid fa-motorcycle\u201d add_icon=\u201dtrue\u201d title=\u201dLimites Velocidade\u201d tab_id=\u201d1756985156411-3a136d8e-ae6a\u201d][vc_column_text]<strong>Auto-Estrada: <\/strong>100-110 km\/h<\/p>\n<p><strong>Estrada: <\/strong>80-90 km\/h<\/p>\n<p><strong>Localidades: <\/strong>50 km\/h[\/vc_column_text][\/vc_tta_section][\/vc_tta_tabs][\/vc_column][\/vc_row][vc_row][vc_column width=\u201d1\/1&#8243;]<div class=\"shout_spacer clearfix\" style=\"height:18px;\"><\/div>[\/vc_column][\/vc_row][vc_row][vc_column width=\u201d1\/1&#8243;][vc_column_text]A Guiana situa-se na costa norte da Am\u00e9rica do Sul e \u00e9 o \u00fanico pa\u00eds do continente com o ingl\u00eas como l\u00edngua oficial. \u00c9 conhecida pela sua floresta amaz\u00f3nica, o rio Essequibo e a impressionante cascata de Kaieteur. Tem tamb\u00e9m forte influ\u00eancia cultural africana, indiana e ind\u00edgena.<\/p>\n<h3><b>Clima<\/b><\/h3>\n<p>Equatorial e tropical h\u00famido, com duas \u00e9pocas de chuvas (maio a agosto e novembro a janeiro).<\/p>\n<h3><b>L\u00ednguas<\/b><\/h3>\n<p>O ingl\u00eas \u00e9 oficial. O crioulo guianense (English Creole) \u00e9 amplamente falado no dia a dia. Comunidades ind\u00edgenas preservam l\u00ednguas locais.<\/p>\n<h3><strong>Condu\u00e7\u00e3o<\/strong><\/h3>\n<p>Conduz-se pela <b>esquerda<\/b> (influ\u00eancia brit\u00e2nica). As estradas principais ligam Georgetown ao interior, mas muitas vias s\u00e3o de terra. Portagens inexistentes.<\/p>\n<h3><b>Campismo<\/b><\/h3>\n<p>O campismo selvagem \u00e9 poss\u00edvel em \u00e1reas naturais, mas \u00e9 recomendado faz\u00ea-lo apenas com guias. Existem eco-lodges e parques b\u00e1sicos em reservas naturais.<\/p>\n<h3><b>Zonas Motards<\/b><\/h3>\n<p>Percursos pelo interior amaz\u00f3nico e estradas at\u00e9 \u00e0 regi\u00e3o de Rupununi s\u00e3o desafiantes e muito procurados por motociclistas de aventura.<\/p>\n<h3><b>Zonas Especiais<\/b><b><\/b><\/h3>\n<p>Georgetown tem zonas de tr\u00e1fego intenso e \u00e1reas centrais com circula\u00e7\u00e3o condicionada.[\/vc_column_text][\/vc_column][\/vc_row][vc_row][vc_column width=\u201d1\/1&#8243;][vc_column_text]<span style=\"font-weight: 400;\">Tens algo a corrigir ou acrescentar? Contata-nos, torna-te um colaborador Travel4Bikers<\/span>[\/vc_column_text][vc_cta h2=\u201dVai visitar uma cidade em Guiana\u201d css=\u201d\u201d]<\/p>\n<h4>Aproveite ao m\u00e1ximo, veja o que fazer em 24h em<\/h4>\n<h4><a href=\"https:\/\/gyg.me\/J7q1IKEv\" target=\"_blank\" rel=\"noopener\">Georgetown<\/a><\/h4>\n<p>[\/vc_cta][\/vc_column][\/vc_row][vc_row][vc_column width=\u201d1\/1&#8243;][vc_message message_box_style=\u201dclassic\u201d]Este site n\u00e3o fornece informa\u00e7\u00f5es sobre a obten\u00e7\u00e3o de vistos, vacinas ou outras quest\u00f5es que dependam tanto do pa\u00eds de origem como do destino.<br \/>\nDeve verificar junto do seu pa\u00eds se precisa de vistos ou outros requisitos para visitar os destinos pretendidos.[\/vc_message][\/vc_column][\/vc_row][vc_row][vc_column width=\u201d1\/1&#8243;][vc_raw_html css=\u201d\u201d]JTVCdmNfY29sdW1uX3RleHQlNUQlMEElM0NwJTIwc3R5bGUlM0QlMjJ0ZXh0LWFsaWduJTNBJTIwcmlnaHQlM0IlMjIlM0UlM0NzdHJvbmclM0UlM0NhJTIwaHJlZiUzRCUyMmphdmFzY3JpcHQlM0FoaXN0b3J5LmJhY2slMjglMjklMjIlM0VWb2x0YXIlMjBQJUMzJUExZ2luYSUyMEFudGVyaW9yJTNDJTJGYSUzRSUzQyUyRnN0cm9uZyUzRSUzQyUyRnAlM0UlMEElNUIlMkZ2Y19jb2x1bW5fdGV4dCU1RA==[\/vc_raw_html][\/vc_column][\/vc_row][vc_row][vc_column width=\u201d1\/1&#8243;]<div class=\"shout_spacer clearfix\" style=\"height:18px;\"><\/div>[\/vc_column][\/vc_row][vc_row][vc_column width=\u201d1\/1&#8243;]<div class=\"prk_shortcode-title prk_break_word shout_left_align h1_sized\"><div class=\"body_font zero_color prk_vc_title\"><h1 style=\"font-weight:100;\">Hist\u00f3rias relacionadas<\/h1><\/div><div class=\"clearfix\"><\/div><\/div>[\/vc_column][\/vc_row][vc_row][vc_column width=\u201d1\/1&#8243;]<div id=\"prk_shortcode_latest_posts\" class=\"recentposts_ul_wp small-12\"><div class=\"shortcode-title\"><\/div><div class=\"simple_line\"><\/div><h4 id=\"no_posts_title\" class=\"zero_color prk_heavier_600 big header_font\"><\/h4><\/div><div class=\"clearfix bt_1x\"><\/div>[\/vc_column][\/vc_row]<\/p>\n<\/div>","protected":false},"excerpt":{"rendered":"<p>A Guiana \u00e9 um destino aut\u00eantico para motociclistas aventureiros, com estradas que cruzam selvas tropicais, rios imponentes e aldeias remotas, revelando uma Am\u00e9rica do Sul ainda pouco explorada.<\/p>\n","protected":false},"author":2,"featured_media":16870,"parent":10185,"menu_order":0,"comment_status":"closed","ping_status":"closed","template":"","meta":{"footnotes":""},"categories":[66,781],"tags":[603,782,783],"class_list":["post-16336","page","type-page","status-publish","has-post-thumbnail","hentry","category-america-do-sul","category-guiana","tag-amazonia","tag-kaieteur","tag-rupununi"],"acf":[],"_links":{"self":[{"href":"https:\/\/travel4bikers.com\/pt-pt\/wp-json\/wp\/v2\/pages\/16336","targetHints":{"allow":["GET"]}}],"collection":[{"href":"https:\/\/travel4bikers.com\/pt-pt\/wp-json\/wp\/v2\/pages"}],"about":[{"href":"https:\/\/travel4bikers.com\/pt-pt\/wp-json\/wp\/v2\/types\/page"}],"author":[{"embeddable":true,"href":"https:\/\/travel4bikers.com\/pt-pt\/wp-json\/wp\/v2\/users\/2"}],"replies":[{"embeddable":true,"href":"https:\/\/travel4bikers.com\/pt-pt\/wp-json\/wp\/v2\/comments?post=16336"}],"version-history":[{"count":0,"href":"https:\/\/travel4bikers.com\/pt-pt\/wp-json\/wp\/v2\/pages\/16336\/revisions"}],"up":[{"embeddable":true,"href":"https:\/\/travel4bikers.com\/pt-pt\/wp-json\/wp\/v2\/pages\/10185"}],"wp:featuredmedia":[{"embeddable":true,"href":"https:\/\/travel4bikers.com\/pt-pt\/wp-json\/wp\/v2\/media\/16870"}],"wp:attachment":[{"href":"https:\/\/travel4bikers.com\/pt-pt\/wp-json\/wp\/v2\/media?parent=16336"}],"wp:term":[{"taxonomy":"category","embeddable":true,"href":"https:\/\/travel4bikers.com\/pt-pt\/wp-json\/wp\/v2\/categories?post=16336"},{"taxonomy":"post_tag","embeddable":true,"href":"https:\/\/travel4bikers.com\/pt-pt\/wp-json\/wp\/v2\/tags?post=16336"}],"curies":[{"name":"wp","href":"https:\/\/api.w.org\/{rel}","templated":true}]}}