{"id":16341,"date":"2017-07-05T16:19:54","date_gmt":"2017-07-05T15:19:54","guid":{"rendered":"https:\/\/travel4bikers.com\/?page_id=16341"},"modified":"2025-12-10T19:22:46","modified_gmt":"2025-12-10T18:22:46","slug":"paraguai","status":"publish","type":"page","link":"https:\/\/travel4bikers.com\/pt-pt\/viajar-para\/paraguai\/","title":{"rendered":"Paraguai"},"content":{"rendered":"<div class=\"wpb-content-wrapper\"><p>[vc_row][vc_column width=\u201d1\/1&#8243;][vc_single_image source=\u201dfeatured_image\u201d img_size=\u201dfull\u201d alignment=\u201dcenter\u201d]<div class=\"shout_spacer clearfix\" style=\"height:20px;\"><\/div>[\/vc_column][\/vc_row][vc_row][vc_column width=\u201d1\/1&#8243;]<div class=\"prk_shortcode-title prk_break_word shout_left_align h1_sized\"><div class=\"body_font zero_color prk_vc_title\"><h1 style=\"font-weight:100;\">Viajar para Paraguai \ud83c\uddf5\ud83c\uddfe<\/h1><\/div><div class=\"clearfix\"><\/div><\/div><div class=\"shout_spacer clearfix\" style=\"height:18px;\"><\/div>[\/vc_column][\/vc_row][vc_row font_color=\u201d#0693E3&#8243;][vc_column width=\u201d1\/1&#8243;][vc_column_text]<\/p>\n<blockquote><p>O Paraguai \u00e9 um destino pouco explorado por motociclistas, com estradas que ligam plan\u00edcies imensas, rios caudalosos e cidades hist\u00f3ricas, oferecendo uma experi\u00eancia aut\u00eantica no cora\u00e7\u00e3o da Am\u00e9rica do Sul.<\/p><\/blockquote>\n<p>[\/vc_column_text][\/vc_column][\/vc_row][vc_row][vc_column width=\u201d1\/1&#8243;][vc_tta_tabs][vc_tta_section i_icon_fontawesome=\u201dfa fa-regular fa-map\u201d add_icon=\u201dtrue\u201d title=\u201dInforma\u00e7\u00f5es Gerais\u201d tab_id=\u201d1756984282331-d59962b9-8d9b\u201d][vc_column_text]<strong>Capital:\u00a0<\/strong>Assun\u00e7\u00e3o<\/p>\n<p><strong>Lingua Oficial:\u00a0<\/strong>Espanhol e Guarani<\/p>\n<p><strong>N\u00famero de Emerg\u00eancia: <\/strong>911[\/vc_column_text][\/vc_tta_section][vc_tta_section i_icon_fontawesome=\u201dfa fa-regular fa-money-bill-1&#8243; add_icon=\u201dtrue\u201d title=\u201dFinan\u00e7as\u201d tab_id=\u201d1756984282346-461ddde8-312d\u201d][vc_column_text]<strong>Moeda:\u00a0<\/strong>Guarani (PYG)<\/p>\n<p>Pagamentos com cart\u00e3o existem mas muito limitado, o uso de dinheiro \u00e9 essencial.[\/vc_column_text][\/vc_tta_section][vc_tta_section i_icon_fontawesome=\u201dfa fa-solid fa-motorcycle\u201d add_icon=\u201dtrue\u201d title=\u201dLimites Velocidade\u201d tab_id=\u201d1756985156411-3a136d8e-ae6a\u201d][vc_column_text]<strong>Auto-Estrada: <\/strong>100-110 km\/h<\/p>\n<p><strong>Estrada: <\/strong>80-90 km\/h<\/p>\n<p><strong>Localidades: <\/strong>50 km\/h[\/vc_column_text][\/vc_tta_section][\/vc_tta_tabs][\/vc_column][\/vc_row][vc_row][vc_column width=\u201d1\/1&#8243;]<div class=\"shout_spacer clearfix\" style=\"height:18px;\"><\/div>[\/vc_column][\/vc_row][vc_row][vc_column width=\u201d1\/1&#8243;][vc_column_text]O Paraguai \u00e9 um pa\u00eds interior da Am\u00e9rica do Sul, situado entre Brasil, Argentina e Bol\u00edvia. Conhecido como o \u201ccora\u00e7\u00e3o da Am\u00e9rica do Sul\u201d, tem uma cultura que mistura tradi\u00e7\u00f5es ind\u00edgenas e coloniais. \u00c9 famoso pelo rio Paraguai, pelas Cataratas do Monday e pela represa de Itaipu (uma das maiores do mundo).<\/p>\n<h3><b>Clima<\/b><\/h3>\n<p>Subtropical, com ver\u00f5es quentes e h\u00famidos e invernos amenos.<\/p>\n<h3><b>L\u00ednguas<\/b><\/h3>\n<p>O espanhol e o guarani s\u00e3o oficiais, sendo este \u00faltimo falado pela maioria da popula\u00e7\u00e3o. O bilingue \u00e9 comum no dia a dia.<\/p>\n<h3><b>Condu\u00e7\u00e3o<\/b><\/h3>\n<p>Conduz-se pela direita. As estradas principais est\u00e3o em razo\u00e1vel estado, mas muitas vias secund\u00e1rias s\u00e3o de terra. Existem algumas portagens, pagas em cabines manuais.<\/p>\n<h3><b>Campismo<\/b><\/h3>\n<p>O campismo selvagem n\u00e3o \u00e9 comum, mas poss\u00edvel em zonas rurais. Mais frequente \u00e9 o uso de parques de campismo organizados e quintas privadas.<\/p>\n<h3><b>Zonas Motards<\/b><\/h3>\n<p>Rotas interessantes incluem estradas ao longo do rio Paraguai, a regi\u00e3o das Miss\u00f5es Jesu\u00edticas e as proximidades da barragem de Itaipu.<\/p>\n<h3><b>Zonas Especiais<\/b><b><\/b><\/h3>\n<p>Assun\u00e7\u00e3o tem tr\u00e1fego intenso no centro e zonas com estacionamento controlado[\/vc_column_text][\/vc_column][\/vc_row][vc_row][vc_column width=\u201d1\/1&#8243;][vc_column_text]<span style=\"font-weight: 400;\">Tens algo a corrigir ou acrescentar? Contata-nos, torna-te um colaborador Travel4Bikers<\/span>[\/vc_column_text][vc_cta h2=\u201dVai visitar uma cidade no Paraguai\u201d css=\u201d\u201d]<\/p>\n<h4>Aproveite ao m\u00e1ximo, veja o que fazer em 24h em<\/h4>\n<h4><a href=\"https:\/\/gyg.me\/rRPqnb4v\" target=\"_blank\" rel=\"noopener\">Assun\u00e7\u00e3o<\/a> \u2013 <a href=\"https:\/\/gyg.me\/vWPMBSUv\" target=\"_blank\" rel=\"noopener\">Paraguai<\/a><\/h4>\n<p>[\/vc_cta][\/vc_column][\/vc_row][vc_row][vc_column width=\u201d1\/1&#8243;][vc_message message_box_style=\u201dclassic\u201d]Este site n\u00e3o fornece informa\u00e7\u00f5es sobre a obten\u00e7\u00e3o de vistos, vacinas ou outras quest\u00f5es que dependam tanto do pa\u00eds de origem como do destino.<br \/>\nDeve verificar junto do seu pa\u00eds se precisa de vistos ou outros requisitos para visitar os destinos pretendidos.[\/vc_message][\/vc_column][\/vc_row][vc_row][vc_column width=\u201d1\/1&#8243;][vc_raw_html css=\u201d\u201d]JTVCdmNfY29sdW1uX3RleHQlNUQlMEElM0NwJTIwc3R5bGUlM0QlMjJ0ZXh0LWFsaWduJTNBJTIwcmlnaHQlM0IlMjIlM0UlM0NzdHJvbmclM0UlM0NhJTIwaHJlZiUzRCUyMmphdmFzY3JpcHQlM0FoaXN0b3J5LmJhY2slMjglMjklMjIlM0VWb2x0YXIlMjBQJUMzJUExZ2luYSUyMEFudGVyaW9yJTNDJTJGYSUzRSUzQyUyRnN0cm9uZyUzRSUzQyUyRnAlM0UlMEElNUIlMkZ2Y19jb2x1bW5fdGV4dCU1RA==[\/vc_raw_html][\/vc_column][\/vc_row][vc_row][vc_column width=\u201d1\/1&#8243;]<div class=\"shout_spacer clearfix\" style=\"height:18px;\"><\/div>[\/vc_column][\/vc_row][vc_row][vc_column width=\u201d1\/1&#8243;]<div class=\"prk_shortcode-title prk_break_word shout_left_align h1_sized\"><div class=\"body_font zero_color prk_vc_title\"><h1 style=\"font-weight:100;\">Hist\u00f3rias relacionadas<\/h1><\/div><div class=\"clearfix\"><\/div><\/div>[\/vc_column][\/vc_row][vc_row][vc_column width=\u201d1\/1&#8243;]<div id=\"prk_shortcode_latest_posts\" class=\"recentposts_ul_wp small-12\"><div class=\"shortcode-title\"><\/div><div class=\"simple_line\"><\/div><h4 id=\"no_posts_title\" class=\"zero_color prk_heavier_600 big header_font\"><\/h4><\/div><div class=\"clearfix bt_1x\"><\/div>[\/vc_column][\/vc_row]<\/p>\n<\/div>","protected":false},"excerpt":{"rendered":"<p>O Paraguai \u00e9 um destino pouco explorado por motociclistas, com estradas que ligam plan\u00edcies imensas, rios caudalosos e cidades hist\u00f3ricas, oferecendo uma experi\u00eancia aut\u00eantica no cora\u00e7\u00e3o da Am\u00e9rica do Sul.<\/p>\n","protected":false},"author":2,"featured_media":16900,"parent":10185,"menu_order":0,"comment_status":"closed","ping_status":"closed","template":"","meta":{"footnotes":""},"categories":[66,786],"tags":[789,788,787],"class_list":["post-16341","page","type-page","status-publish","has-post-thumbnail","hentry","category-america-do-sul","category-paraguai","tag-cataratas-do-monday","tag-itaipu","tag-rio-paraguai"],"acf":[],"_links":{"self":[{"href":"https:\/\/travel4bikers.com\/pt-pt\/wp-json\/wp\/v2\/pages\/16341","targetHints":{"allow":["GET"]}}],"collection":[{"href":"https:\/\/travel4bikers.com\/pt-pt\/wp-json\/wp\/v2\/pages"}],"about":[{"href":"https:\/\/travel4bikers.com\/pt-pt\/wp-json\/wp\/v2\/types\/page"}],"author":[{"embeddable":true,"href":"https:\/\/travel4bikers.com\/pt-pt\/wp-json\/wp\/v2\/users\/2"}],"replies":[{"embeddable":true,"href":"https:\/\/travel4bikers.com\/pt-pt\/wp-json\/wp\/v2\/comments?post=16341"}],"version-history":[{"count":1,"href":"https:\/\/travel4bikers.com\/pt-pt\/wp-json\/wp\/v2\/pages\/16341\/revisions"}],"predecessor-version":[{"id":22662,"href":"https:\/\/travel4bikers.com\/pt-pt\/wp-json\/wp\/v2\/pages\/16341\/revisions\/22662"}],"up":[{"embeddable":true,"href":"https:\/\/travel4bikers.com\/pt-pt\/wp-json\/wp\/v2\/pages\/10185"}],"wp:featuredmedia":[{"embeddable":true,"href":"https:\/\/travel4bikers.com\/pt-pt\/wp-json\/wp\/v2\/media\/16900"}],"wp:attachment":[{"href":"https:\/\/travel4bikers.com\/pt-pt\/wp-json\/wp\/v2\/media?parent=16341"}],"wp:term":[{"taxonomy":"category","embeddable":true,"href":"https:\/\/travel4bikers.com\/pt-pt\/wp-json\/wp\/v2\/categories?post=16341"},{"taxonomy":"post_tag","embeddable":true,"href":"https:\/\/travel4bikers.com\/pt-pt\/wp-json\/wp\/v2\/tags?post=16341"}],"curies":[{"name":"wp","href":"https:\/\/api.w.org\/{rel}","templated":true}]}}