{"id":16819,"date":"2017-07-05T16:19:54","date_gmt":"2017-07-05T15:19:54","guid":{"rendered":"https:\/\/travel4bikers.com\/?page_id=16819"},"modified":"2025-12-11T18:34:35","modified_gmt":"2025-12-11T17:34:35","slug":"venezuela","status":"publish","type":"page","link":"https:\/\/travel4bikers.com\/pt-pt\/viajar-para\/venezuela\/","title":{"rendered":"Venezuela"},"content":{"rendered":"<div class=\"wpb-content-wrapper\"><p>[vc_row][vc_column width=\u201d1\/1&#8243;][vc_single_image source=\u201dfeatured_image\u201d img_size=\u201dfull\u201d alignment=\u201dcenter\u201d]<div class=\"shout_spacer clearfix\" style=\"height:20px;\"><\/div>[\/vc_column][\/vc_row][vc_row][vc_column width=\u201d1\/1&#8243;]<div class=\"prk_shortcode-title prk_break_word shout_left_align h1_sized\"><div class=\"body_font zero_color prk_vc_title\"><h1 style=\"font-weight:100;\">Viajar para Venezuela \ud83c\uddfb\ud83c\uddea<\/h1><\/div><div class=\"clearfix\"><\/div><\/div><div class=\"shout_spacer clearfix\" style=\"height:18px;\"><\/div>[\/vc_column][\/vc_row][vc_row font_color=\u201d#0693E3&#8243;][vc_column width=\u201d1\/1&#8243;][vc_column_text]<\/p>\n<blockquote><p>A Venezuela \u00e9 um pa\u00eds de contrastes impressionantes para motociclistas, com estradas que percorrem montanhas andinas, plan\u00edcies imensas e paisagens tropicais que v\u00e3o at\u00e9 \u00e0s Cataratas do Salto \u00c1ngel.<\/p><\/blockquote>\n<p>[\/vc_column_text][\/vc_column][\/vc_row][vc_row][vc_column width=\u201d1\/1&#8243;][vc_tta_tabs][vc_tta_section i_icon_fontawesome=\u201dfa fa-regular fa-map\u201d add_icon=\u201dtrue\u201d title=\u201dInforma\u00e7\u00f5es Gerais\u201d tab_id=\u201d1756984282331-d59962b9-8d9b\u201d][vc_column_text]<strong>Capital:\u00a0<\/strong>Caracas<\/p>\n<p><strong>Lingua Oficial:\u00a0<\/strong>Espanhol<\/p>\n<p><strong>N\u00famero de Emerg\u00eancia:\u00a0<\/strong>171 \/ 911[\/vc_column_text][\/vc_tta_section][vc_tta_section i_icon_fontawesome=\u201dfa fa-regular fa-money-bill-1&#8243; add_icon=\u201dtrue\u201d title=\u201dFinan\u00e7as\u201d tab_id=\u201d1756984282346-461ddde8-312d\u201d][vc_column_text]<strong>Moeda:\u00a0<\/strong>Bol\u00edvar Venezuelano (VES) \u2014 o d\u00f3lar americano (USD) \u00e9 amplamente usado no dia a dia<\/p>\n<p>Cart\u00f5es estrangeiros raramente funcionam, mesmo nas grandes cidades, recomendamos o uso do dinheiro VES ou USD[\/vc_column_text][\/vc_tta_section][vc_tta_section i_icon_fontawesome=\u201dfa fa-solid fa-motorcycle\u201d add_icon=\u201dtrue\u201d title=\u201dLimites Velocidade\u201d tab_id=\u201d1756985156411-3a136d8e-ae6a\u201d][vc_column_text]<strong>Auto-Estrada: <\/strong>100-120 km\/h<\/p>\n<p><strong>Estrada: <\/strong>80-90 km\/h<\/p>\n<p><strong>Localidades: <\/strong>40-60 km\/h[\/vc_column_text][\/vc_tta_section][\/vc_tta_tabs][\/vc_column][\/vc_row][vc_row][vc_column width=\u201d1\/1&#8243;]<div class=\"shout_spacer clearfix\" style=\"height:18px;\"><\/div>[\/vc_column][\/vc_row][vc_row][vc_column width=\u201d1\/1&#8243;][vc_column_text]A Venezuela situa-se no norte da Am\u00e9rica do Sul, banhada pelo Mar das Cara\u00edbas. \u00c9 conhecida pelas suas vastas reservas de petr\u00f3leo, pela beleza natural (Salto \u00c1ngel \u2013 a cascata mais alta do mundo, Los Roques, Parque Canaima) e pela Cordilheira dos Andes que atravessa o oeste do pa\u00eds.<\/p>\n<h3><b>Clima<\/b><\/h3>\n<p>Predominantemente tropical, com varia\u00e7\u00f5es: h\u00famido nas plan\u00edcies, temperado nas montanhas e \u00e1rido em zonas costeiras do noroeste.<\/p>\n<h3><b>L\u00ednguas<\/b><\/h3>\n<p>O espanhol \u00e9 oficial e predominante. Existem tamb\u00e9m cerca de 30 l\u00ednguas ind\u00edgenas reconhecidas, faladas em comunidades locais.<\/p>\n<h3><b>Condu\u00e7\u00e3o<\/b><\/h3>\n<p>Conduz-se pela direita. Existem autoestradas em torno de Caracas e entre principais cidades, algumas com portagens (pagamento em cabines). A qualidade das estradas varia bastante.<\/p>\n<h3><b>Campismo<\/b><\/h3>\n<p>O campismo selvagem \u00e9 poss\u00edvel em algumas regi\u00f5es naturais, mas a seguran\u00e7a deve ser considerada. Existem parques de campismo em \u00e1reas tur\u00edsticas como Los Roques e Canaima.<\/p>\n<h3><b>Zonas Motards<\/b><\/h3>\n<p>Rotas de destaque incluem estradas andinas (M\u00e9rida), os Llanos e percursos costeiros no Caribe.<\/p>\n<h3><b>Zonas Especiais<\/b><b><\/b><\/h3>\n<p>Caracas e outras grandes cidades t\u00eam zonas com tr\u00e1fego intenso, restri\u00e7\u00f5es de estacionamento e \u00e1reas pedonais em centros hist\u00f3ricos.[\/vc_column_text][\/vc_column][\/vc_row][vc_row][vc_column width=\u201d1\/1&#8243;][vc_column_text]<span style=\"font-weight: 400;\">Tens algo a corrigir ou acrescentar? Contata-nos, torna-te um colaborador Travel4Bikers<\/span>[\/vc_column_text][\/vc_column][\/vc_row][vc_row][vc_column width=\u201d1\/1&#8243;][vc_message message_box_style=\u201dclassic\u201d]Este site n\u00e3o fornece informa\u00e7\u00f5es sobre a obten\u00e7\u00e3o de vistos, vacinas ou outras quest\u00f5es que dependam tanto do pa\u00eds de origem como do destino.<br \/>\nDeve verificar junto do seu pa\u00eds se precisa de vistos ou outros requisitos para visitar os destinos pretendidos.[\/vc_message][\/vc_column][\/vc_row][vc_row][vc_column width=\u201d1\/1&#8243;][vc_raw_html css=\u201d\u201d]JTVCdmNfY29sdW1uX3RleHQlNUQlMEElM0NwJTIwc3R5bGUlM0QlMjJ0ZXh0LWFsaWduJTNBJTIwcmlnaHQlM0IlMjIlM0UlM0NzdHJvbmclM0UlM0NhJTIwaHJlZiUzRCUyMmphdmFzY3JpcHQlM0FoaXN0b3J5LmJhY2slMjglMjklMjIlM0VWb2x0YXIlMjBQJUMzJUExZ2luYSUyMEFudGVyaW9yJTNDJTJGYSUzRSUzQyUyRnN0cm9uZyUzRSUzQyUyRnAlM0UlMEElNUIlMkZ2Y19jb2x1bW5fdGV4dCU1RA==[\/vc_raw_html][\/vc_column][\/vc_row][vc_row][vc_column width=\u201d1\/1&#8243;]<div class=\"shout_spacer clearfix\" style=\"height:18px;\"><\/div>[\/vc_column][\/vc_row][vc_row][vc_column width=\u201d1\/1&#8243;]<div class=\"prk_shortcode-title prk_break_word shout_left_align h1_sized\"><div class=\"body_font zero_color prk_vc_title\"><h1 style=\"font-weight:100;\">Hist\u00f3rias relacionadas<\/h1><\/div><div class=\"clearfix\"><\/div><\/div>[\/vc_column][\/vc_row][vc_row][vc_column width=\u201d1\/1&#8243;]<div id=\"prk_shortcode_latest_posts\" class=\"recentposts_ul_wp small-12\"><div class=\"shortcode-title\"><\/div><div class=\"simple_line\"><\/div><h4 id=\"no_posts_title\" class=\"zero_color prk_heavier_600 big header_font\"><\/h4><\/div><div class=\"clearfix bt_1x\"><\/div>[\/vc_column][\/vc_row]<\/p>\n<\/div>","protected":false},"excerpt":{"rendered":"<p>A Venezuela \u00e9 um pa\u00eds de contrastes impressionantes para motociclistas, com estradas que percorrem montanhas andinas, plan\u00edcies imensas e paisagens tropicais que v\u00e3o at\u00e9 \u00e0s Cataratas do Salto \u00c1ngel.<\/p>\n","protected":false},"author":2,"featured_media":16936,"parent":10185,"menu_order":0,"comment_status":"closed","ping_status":"closed","template":"","meta":{"footnotes":""},"categories":[66,792],"tags":[250,479,794,793],"class_list":["post-16819","page","type-page","status-publish","has-post-thumbnail","hentry","category-america-do-sul","category-venuzuela","tag-andes","tag-caraibas","tag-los-roques","tag-salto-angel"],"acf":[],"_links":{"self":[{"href":"https:\/\/travel4bikers.com\/pt-pt\/wp-json\/wp\/v2\/pages\/16819","targetHints":{"allow":["GET"]}}],"collection":[{"href":"https:\/\/travel4bikers.com\/pt-pt\/wp-json\/wp\/v2\/pages"}],"about":[{"href":"https:\/\/travel4bikers.com\/pt-pt\/wp-json\/wp\/v2\/types\/page"}],"author":[{"embeddable":true,"href":"https:\/\/travel4bikers.com\/pt-pt\/wp-json\/wp\/v2\/users\/2"}],"replies":[{"embeddable":true,"href":"https:\/\/travel4bikers.com\/pt-pt\/wp-json\/wp\/v2\/comments?post=16819"}],"version-history":[{"count":1,"href":"https:\/\/travel4bikers.com\/pt-pt\/wp-json\/wp\/v2\/pages\/16819\/revisions"}],"predecessor-version":[{"id":22954,"href":"https:\/\/travel4bikers.com\/pt-pt\/wp-json\/wp\/v2\/pages\/16819\/revisions\/22954"}],"up":[{"embeddable":true,"href":"https:\/\/travel4bikers.com\/pt-pt\/wp-json\/wp\/v2\/pages\/10185"}],"wp:featuredmedia":[{"embeddable":true,"href":"https:\/\/travel4bikers.com\/pt-pt\/wp-json\/wp\/v2\/media\/16936"}],"wp:attachment":[{"href":"https:\/\/travel4bikers.com\/pt-pt\/wp-json\/wp\/v2\/media?parent=16819"}],"wp:term":[{"taxonomy":"category","embeddable":true,"href":"https:\/\/travel4bikers.com\/pt-pt\/wp-json\/wp\/v2\/categories?post=16819"},{"taxonomy":"post_tag","embeddable":true,"href":"https:\/\/travel4bikers.com\/pt-pt\/wp-json\/wp\/v2\/tags?post=16819"}],"curies":[{"name":"wp","href":"https:\/\/api.w.org\/{rel}","templated":true}]}}