{"id":16824,"date":"2017-07-05T16:19:54","date_gmt":"2017-07-05T15:19:54","guid":{"rendered":"https:\/\/travel4bikers.com\/?page_id=16824"},"modified":"2025-11-11T10:22:42","modified_gmt":"2025-11-11T09:22:42","slug":"belgica","status":"publish","type":"page","link":"https:\/\/travel4bikers.com\/pt-pt\/viajar-para\/belgica\/","title":{"rendered":"B\u00e9lgica"},"content":{"rendered":"<div class=\"wpb-content-wrapper\"><p>[vc_row][vc_column width=\u201d1\/1&#8243;][vc_single_image source=\u201dfeatured_image\u201d img_size=\u201dfull\u201d alignment=\u201dcenter\u201d]<div class=\"shout_spacer clearfix\" style=\"height:20px;\"><\/div>[\/vc_column][\/vc_row][vc_row][vc_column width=\u201d1\/1&#8243;]<div class=\"prk_shortcode-title prk_break_word shout_left_align h1_sized\"><div class=\"body_font zero_color prk_vc_title\"><h1 style=\"font-weight:100;\">Viajar para B\u00e9lgica \ud83c\udde7\ud83c\uddea<\/h1><\/div><div class=\"clearfix\"><\/div><\/div><div class=\"shout_spacer clearfix\" style=\"height:18px;\"><\/div>[\/vc_column][\/vc_row][vc_row font_color=\u201d#0693E3&#8243;][vc_column width=\u201d1\/1&#8243;][vc_column_text]<\/p>\n<blockquote><p>A B\u00e9lgica \u00e9 um destino encantador para motociclistas, com estradas que atravessam cidades hist\u00f3ricas, florestas densas e regi\u00f5es cheias de charme como as Ardenas e a Flandres.<\/p><\/blockquote>\n<p>[\/vc_column_text][\/vc_column][\/vc_row][vc_row][vc_column width=\u201d1\/1&#8243;][vc_tta_tabs][vc_tta_section i_icon_fontawesome=\u201dfa fa-regular fa-map\u201d add_icon=\u201dtrue\u201d title=\u201dInforma\u00e7\u00f5es Gerais\u201d tab_id=\u201d1756984282331-d59962b9-8d9b\u201d][vc_column_text]<strong>Capital:\u00a0<\/strong>Bruxelas<\/p>\n<p><strong>Lingua Oficial:\u00a0<\/strong>Neerland\u00eas, Franc\u00eas e Alem\u00e3o<\/p>\n<p><strong>N\u00famero de Emerg\u00eancia: <\/strong>112[\/vc_column_text][\/vc_tta_section][vc_tta_section i_icon_fontawesome=\u201dfa fa-regular fa-money-bill-1&#8243; add_icon=\u201dtrue\u201d title=\u201dFinan\u00e7as\u201d tab_id=\u201d1756984282346-461ddde8-312d\u201d][vc_column_text]<strong>Moeda: <\/strong>Euro (\u20ac)<\/p>\n<p>Pagamentos com cart\u00e3o s\u00e3o amplamente aceites[\/vc_column_text][\/vc_tta_section][vc_tta_section i_icon_fontawesome=\u201dfa fa-solid fa-motorcycle\u201d add_icon=\u201dtrue\u201d title=\u201dLimites Velocidade\u201d tab_id=\u201d1756985156411-3a136d8e-ae6a\u201d][vc_column_text]<strong>Auto-Estrada: <\/strong>120 km\/h<\/p>\n<p><strong>Estrada: <\/strong>90 km\/h<\/p>\n<p><strong>Localidades: <\/strong>50 km\/h[\/vc_column_text][\/vc_tta_section][\/vc_tta_tabs][\/vc_column][\/vc_row][vc_row][vc_column width=\u201d1\/1&#8243;]<div class=\"shout_spacer clearfix\" style=\"height:18px;\"><\/div>[\/vc_column][\/vc_row][vc_row][vc_column width=\u201d1\/1&#8243;][vc_column_text]A B\u00e9lgica est\u00e1 situada no cora\u00e7\u00e3o da Europa e \u00e9 conhecida por ser a sede da Uni\u00e3o Europeia e da NATO. O pa\u00eds destaca-se pela sua rica hist\u00f3ria medieval, cidades como Bruges, Gante e Bruxelas, e pela sua gastronomia, famosa pelas cervejas, chocolates e waffles.<\/p>\n<h3><b>Clima<\/b><\/h3>\n<p>A B\u00e9lgica tem um clima temperado mar\u00edtimo, com ver\u00f5es frescos e invernos suaves. A chuva \u00e9 frequente ao longo de todo o ano.<\/p>\n<h3><b>L\u00ednguas<\/b><\/h3>\n<p>O pa\u00eds tem tr\u00eas l\u00ednguas oficiais: neerland\u00eas (Flandres), franc\u00eas (Val\u00f3nia e Bruxelas) e alem\u00e3o (pequena comunidade no leste). O ingl\u00eas tamb\u00e9m \u00e9 amplamente compreendido.<\/p>\n<h3><b>Condu\u00e7\u00e3o<\/b><\/h3>\n<p>Conduz-se pela direita. As autoestradas s\u00e3o gratuitas para ve\u00edculos ligeiros e bem mantidas. N\u00e3o existem portagens para autom\u00f3veis de passageiros, exceto no t\u00fanel Liefkenshoek, em Antu\u00e9rpia.<\/p>\n<h3><b>Campismo<\/b><\/h3>\n<p>O campismo selvagem \u00e9 proibido na B\u00e9lgica, mas existem muitos parques de campismo equipados e \u00e1reas para autocaravanas.<\/p>\n<h3><b>Zonas Motards<\/b><\/h3>\n<p>A B\u00e9lgica oferece rotas interessantes para motociclistas, sobretudo na regi\u00e3o das Ardenas, com estradas sinuosas e belas paisagens. A costa do Mar do Norte tamb\u00e9m \u00e9 popular para passeios.<\/p>\n<h3><b>Zonas Especiais<\/b><\/h3>\n<p>Bruxelas e Antu\u00e9rpia possuem zonas de baixas emiss\u00f5es (LEZ), onde apenas ve\u00edculos que respeitam determinados crit\u00e9rios ambientais podem circular. Em centros hist\u00f3ricos de cidades como Bruges e Gante, o acesso autom\u00f3vel \u00e9 restrito.[\/vc_column_text][\/vc_column][\/vc_row][vc_row][vc_column width=\u201d1\/1&#8243;][vc_column_text]<span style=\"font-weight: 400;\">Tens algo a corrigir ou acrescentar? Contata-nos, torna-te um colaborador Travel4Bikers<\/span>[\/vc_column_text][vc_cta h2=\u201dVai visitar uma cidade na B\u00e9lgica\u201d css=\u201d\u201d]<\/p>\n<h4>Aproveite ao m\u00e1ximo, veja o que fazer em 24h em<\/h4>\n<h4><a href=\"https:\/\/gyg.me\/szVLMqgE\" target=\"_blank\" rel=\"noopener\">Bruxelas<\/a> \u2013 \u00a0<a href=\"https:\/\/gyg.me\/tOwAdZhL\" target=\"_blank\" rel=\"noopener\">Bruges<\/a> \u2013 <a href=\"https:\/\/gyg.me\/TXVSD0YP\" target=\"_blank\" rel=\"noopener\">Gante<\/a> \u2013 <a href=\"https:\/\/gyg.me\/DpkItyx3\" target=\"_blank\" rel=\"noopener\">Antu\u00e9rpia<\/a><\/h4>\n<p>[\/vc_cta][\/vc_column][\/vc_row][vc_row][vc_column width=\u201d1\/1&#8243;][vc_message message_box_style=\u201dclassic\u201d]Este site n\u00e3o fornece informa\u00e7\u00f5es sobre a obten\u00e7\u00e3o de vistos, vacinas ou outras quest\u00f5es que dependam tanto do pa\u00eds de origem como do destino.<br \/>\nDeve verificar junto do seu pa\u00eds se precisa de vistos ou outros requisitos para visitar os destinos pretendidos.[\/vc_message][\/vc_column][\/vc_row][vc_row][vc_column width=\u201d1\/1&#8243;][vc_raw_html css=\u201d\u201d]JTVCdmNfY29sdW1uX3RleHQlNUQlMEElM0NwJTIwc3R5bGUlM0QlMjJ0ZXh0LWFsaWduJTNBJTIwcmlnaHQlM0IlMjIlM0UlM0NzdHJvbmclM0UlM0NhJTIwaHJlZiUzRCUyMmphdmFzY3JpcHQlM0FoaXN0b3J5LmJhY2slMjglMjklMjIlM0VWb2x0YXIlMjBQJUMzJUExZ2luYSUyMEFudGVyaW9yJTNDJTJGYSUzRSUzQyUyRnN0cm9uZyUzRSUzQyUyRnAlM0UlMEElNUIlMkZ2Y19jb2x1bW5fdGV4dCU1RA==[\/vc_raw_html][\/vc_column][\/vc_row][vc_row][vc_column width=\u201d1\/1&#8243;]<div class=\"shout_spacer clearfix\" style=\"height:18px;\"><\/div>[\/vc_column][\/vc_row][vc_row][vc_column width=\u201d1\/1&#8243;]<div class=\"prk_shortcode-title prk_break_word shout_left_align h1_sized\"><div class=\"body_font zero_color prk_vc_title\"><h1 style=\"font-weight:100;\">Hist\u00f3rias relacionadas<\/h1><\/div><div class=\"clearfix\"><\/div><\/div>[\/vc_column][\/vc_row][vc_row][vc_column width=\u201d1\/1&#8243;]<div id=\"prk_shortcode_latest_posts\" class=\"recentposts_ul_wp small-12\"><div class=\"shortcode-title\"><\/div><div class=\"simple_line\"><\/div><h4 id=\"no_posts_title\" class=\"zero_color prk_heavier_600 big header_font\"><\/h4><\/div><div class=\"clearfix bt_1x\"><\/div>[\/vc_column][\/vc_row]<\/p>\n<\/div>","protected":false},"excerpt":{"rendered":"<p>A B\u00e9lgica \u00e9 um destino encantador para motociclistas, com estradas que atravessam cidades hist\u00f3ricas, florestas densas e regi\u00f5es cheias de charme como as Ardenas e a Flandres.<\/p>\n","protected":false},"author":2,"featured_media":17521,"parent":10185,"menu_order":0,"comment_status":"closed","ping_status":"closed","template":"","meta":{"footnotes":""},"categories":[799,60],"tags":[803,800,802,801],"class_list":["post-16824","page","type-page","status-publish","has-post-thumbnail","hentry","category-belgica","category-europa","tag-ardenas","tag-flandres","tag-liefkenshoek","tag-valonia"],"acf":[],"_links":{"self":[{"href":"https:\/\/travel4bikers.com\/pt-pt\/wp-json\/wp\/v2\/pages\/16824","targetHints":{"allow":["GET"]}}],"collection":[{"href":"https:\/\/travel4bikers.com\/pt-pt\/wp-json\/wp\/v2\/pages"}],"about":[{"href":"https:\/\/travel4bikers.com\/pt-pt\/wp-json\/wp\/v2\/types\/page"}],"author":[{"embeddable":true,"href":"https:\/\/travel4bikers.com\/pt-pt\/wp-json\/wp\/v2\/users\/2"}],"replies":[{"embeddable":true,"href":"https:\/\/travel4bikers.com\/pt-pt\/wp-json\/wp\/v2\/comments?post=16824"}],"version-history":[{"count":0,"href":"https:\/\/travel4bikers.com\/pt-pt\/wp-json\/wp\/v2\/pages\/16824\/revisions"}],"up":[{"embeddable":true,"href":"https:\/\/travel4bikers.com\/pt-pt\/wp-json\/wp\/v2\/pages\/10185"}],"wp:featuredmedia":[{"embeddable":true,"href":"https:\/\/travel4bikers.com\/pt-pt\/wp-json\/wp\/v2\/media\/17521"}],"wp:attachment":[{"href":"https:\/\/travel4bikers.com\/pt-pt\/wp-json\/wp\/v2\/media?parent=16824"}],"wp:term":[{"taxonomy":"category","embeddable":true,"href":"https:\/\/travel4bikers.com\/pt-pt\/wp-json\/wp\/v2\/categories?post=16824"},{"taxonomy":"post_tag","embeddable":true,"href":"https:\/\/travel4bikers.com\/pt-pt\/wp-json\/wp\/v2\/tags?post=16824"}],"curies":[{"name":"wp","href":"https:\/\/api.w.org\/{rel}","templated":true}]}}