{"id":17637,"date":"2017-07-05T16:19:54","date_gmt":"2017-07-05T15:19:54","guid":{"rendered":"https:\/\/travel4bikers.com\/?page_id=17637"},"modified":"2025-11-17T22:54:55","modified_gmt":"2025-11-17T21:54:55","slug":"estonia","status":"publish","type":"page","link":"https:\/\/travel4bikers.com\/pt-pt\/viajar-para\/estonia\/","title":{"rendered":"Est\u00f3nia"},"content":{"rendered":"<div class=\"wpb-content-wrapper\"><p>[vc_row][vc_column width=\u201d1\/1&#8243;][vc_single_image source=\u201dfeatured_image\u201d img_size=\u201dfull\u201d alignment=\u201dcenter\u201d]<div class=\"shout_spacer clearfix\" style=\"height:20px;\"><\/div>[\/vc_column][\/vc_row][vc_row][vc_column width=\u201d1\/1&#8243;]<div class=\"prk_shortcode-title prk_break_word shout_left_align h1_sized\"><div class=\"body_font zero_color prk_vc_title\"><h1 style=\"font-weight:100;\">Viajar para Est\u00f3nia \ud83c\uddea\ud83c\uddea<\/h1><\/div><div class=\"clearfix\"><\/div><\/div><div class=\"shout_spacer clearfix\" style=\"height:18px;\"><\/div>[\/vc_column][\/vc_row][vc_row font_color=\u201d#0693E3&#8243;][vc_column width=\u201d1\/1&#8243;][vc_column_text]<\/p>\n<blockquote><p>A Est\u00f3nia \u00e9 um destino cativante para motociclistas, com estradas tranquilas que atravessam florestas, lagos e aldeias costeiras, combinando natureza intocada e charme n\u00f3rdico.<\/p><\/blockquote>\n<p>[\/vc_column_text][\/vc_column][\/vc_row][vc_row][vc_column width=\u201d1\/1&#8243;][vc_tta_tabs][vc_tta_section i_icon_fontawesome=\u201dfa fa-regular fa-map\u201d add_icon=\u201dtrue\u201d title=\u201dInforma\u00e7\u00f5es Gerais\u201d tab_id=\u201d1756984282331-d59962b9-8d9b\u201d][vc_column_text]<strong>Capital:\u00a0<\/strong>Tallinn<\/p>\n<p><strong>Lingua Oficial:\u00a0<\/strong>Est\u00f3nio<\/p>\n<p><strong>N\u00famero de Emerg\u00eancia: <\/strong>112[\/vc_column_text][\/vc_tta_section][vc_tta_section i_icon_fontawesome=\u201dfa fa-regular fa-money-bill-1&#8243; add_icon=\u201dtrue\u201d title=\u201dFinan\u00e7as\u201d tab_id=\u201d1756984282346-461ddde8-312d\u201d][vc_column_text]<strong>Moeda: <\/strong>Euro (\u20ac)<\/p>\n<p>Pagamentos com cart\u00e3o s\u00e3o amplamente aceites[\/vc_column_text][\/vc_tta_section][vc_tta_section i_icon_fontawesome=\u201dfa fa-solid fa-motorcycle\u201d add_icon=\u201dtrue\u201d title=\u201dLimites Velocidade\u201d tab_id=\u201d1756985156411-3a136d8e-ae6a\u201d][vc_column_text]<strong>Auto-Estrada: <\/strong>110 km\/h (90km\/h inverno)<\/p>\n<p><strong>Estrada: <\/strong>90 km\/h<\/p>\n<p><strong>Localidades: <\/strong>50 km\/h[\/vc_column_text][\/vc_tta_section][\/vc_tta_tabs][\/vc_column][\/vc_row][vc_row][vc_column width=\u201d1\/1&#8243;]<div class=\"shout_spacer clearfix\" style=\"height:18px;\"><\/div>[\/vc_column][\/vc_row][vc_row][vc_column width=\u201d1\/1&#8243;][vc_column_text]A Est\u00f3nia \u00e9 o mais setentrional dos pa\u00edses b\u00e1lticos, situada junto ao Mar B\u00e1ltico. \u00c9 conhecida pelas suas florestas, ilhas e pela capital Tallinn, cujo centro hist\u00f3rico medieval est\u00e1 muito bem preservado. \u00c9 tamb\u00e9m uma na\u00e7\u00e3o altamente digitalizada, apelidada de \u201ce-Est\u00f3nia\u201d.<\/p>\n<h3><b>Clima<\/b><\/h3>\n<p>O clima \u00e9 temperado frio, com invernos longos e frios e ver\u00f5es moderados. A neve \u00e9 comum entre novembro e mar\u00e7o.<\/p>\n<h3><b>L\u00ednguas<\/b><\/h3>\n<p>A l\u00edngua oficial \u00e9 o est\u00f3nio, de origem fino-\u00fagrica. O russo \u00e9 bastante falado devido \u00e0 comunidade russa. O ingl\u00eas \u00e9 comum nas \u00e1reas urbanas.<\/p>\n<h3><b>Condu\u00e7\u00e3o<\/b><\/h3>\n<p>Conduz-se pela direita. N\u00e3o existem portagens em estradas ou autoestradas. Os limites de velocidade podem variar consoante a esta\u00e7\u00e3o (mais baixos no inverno).<\/p>\n<h3><b>Campismo<\/b><\/h3>\n<p>O campismo selvagem \u00e9 permitido em muitas \u00e1reas naturais, desde que respeitada a propriedade privada e as zonas protegidas. Existem tamb\u00e9m parques de campismo oficiais.<\/p>\n<h3><b>Zonas Motards<\/b><\/h3>\n<p>As rotas costeiras e pelas florestas do interior s\u00e3o muito procuradas. Tallinn e a ilha de Saaremaa s\u00e3o pontos populares entre motociclistas.<\/p>\n<h3><b>Zonas Especiais<\/b><\/h3>\n<p>O centro hist\u00f3rico de Tallinn tem restri\u00e7\u00f5es de acesso autom\u00f3vel, com muitas ruas apenas pedonais.[\/vc_column_text][\/vc_column][\/vc_row][vc_row][vc_column width=\u201d1\/1&#8243;][vc_column_text]<span style=\"font-weight: 400;\">Tens algo a corrigir ou acrescentar? Contata-nos, torna-te um colaborador Travel4Bikers<\/span>[\/vc_column_text][vc_cta h2=\u201dVai visitar uma cidade na Est\u00f3nia\u201d css=\u201d\u201d]<\/p>\n<h4>Aproveite ao m\u00e1ximo, veja o que fazer em 24h em<\/h4>\n<h4><a href=\"https:\/\/gyg.me\/IBqM47CH\" target=\"_blank\" rel=\"noopener\">Tallinn<\/a> \u2013 <a href=\"https:\/\/gyg.me\/uBUhohguc\" target=\"_blank\" rel=\"noopener\">Saaremaa<\/a><\/h4>\n<p>[\/vc_cta][\/vc_column][\/vc_row][vc_row][vc_column width=\u201d1\/1&#8243;][vc_message message_box_style=\u201dclassic\u201d]Este site n\u00e3o fornece informa\u00e7\u00f5es sobre a obten\u00e7\u00e3o de vistos, vacinas ou outras quest\u00f5es que dependam tanto do pa\u00eds de origem como do destino.<br \/>\nDeve verificar junto do seu pa\u00eds se precisa de vistos ou outros requisitos para visitar os destinos pretendidos.[\/vc_message][\/vc_column][\/vc_row][vc_row][vc_column width=\u201d1\/1&#8243;][vc_raw_html css=\u201d\u201d]JTVCdmNfY29sdW1uX3RleHQlNUQlMEElM0NwJTIwc3R5bGUlM0QlMjJ0ZXh0LWFsaWduJTNBJTIwcmlnaHQlM0IlMjIlM0UlM0NzdHJvbmclM0UlM0NhJTIwaHJlZiUzRCUyMmphdmFzY3JpcHQlM0FoaXN0b3J5LmJhY2slMjglMjklMjIlM0VWb2x0YXIlMjBQJUMzJUExZ2luYSUyMEFudGVyaW9yJTNDJTJGYSUzRSUzQyUyRnN0cm9uZyUzRSUzQyUyRnAlM0UlMEElNUIlMkZ2Y19jb2x1bW5fdGV4dCU1RA==[\/vc_raw_html][\/vc_column][\/vc_row][vc_row][vc_column width=\u201d1\/1&#8243;]<div class=\"shout_spacer clearfix\" style=\"height:18px;\"><\/div>[\/vc_column][\/vc_row][vc_row][vc_column width=\u201d1\/1&#8243;]<div class=\"prk_shortcode-title prk_break_word shout_left_align h1_sized\"><div class=\"body_font zero_color prk_vc_title\"><h1 style=\"font-weight:100;\">Hist\u00f3rias relacionadas<\/h1><\/div><div class=\"clearfix\"><\/div><\/div>[\/vc_column][\/vc_row][vc_row][vc_column width=\u201d1\/1&#8243;]<div id=\"prk_shortcode_latest_posts\" class=\"recentposts_ul_wp small-12\"><div class=\"shortcode-title\"><\/div><div class=\"simple_line\"><\/div><h4 id=\"no_posts_title\" class=\"zero_color prk_heavier_600 big header_font\"><\/h4><\/div><div class=\"clearfix bt_1x\"><\/div>[\/vc_column][\/vc_row]<\/p>\n<\/div>","protected":false},"excerpt":{"rendered":"<p>A Est\u00f3nia \u00e9 um destino cativante para motociclistas, com estradas tranquilas que atravessam florestas, lagos e aldeias costeiras, combinando natureza intocada e charme n\u00f3rdico.<\/p>\n","protected":false},"author":2,"featured_media":17718,"parent":10185,"menu_order":0,"comment_status":"closed","ping_status":"closed","template":"","meta":{"footnotes":""},"categories":[967,60],"tags":[729,968],"class_list":["post-17637","page","type-page","status-publish","has-post-thumbnail","hentry","category-estonia","category-europa","tag-mar-baltico","tag-saaremaa"],"acf":[],"_links":{"self":[{"href":"https:\/\/travel4bikers.com\/pt-pt\/wp-json\/wp\/v2\/pages\/17637","targetHints":{"allow":["GET"]}}],"collection":[{"href":"https:\/\/travel4bikers.com\/pt-pt\/wp-json\/wp\/v2\/pages"}],"about":[{"href":"https:\/\/travel4bikers.com\/pt-pt\/wp-json\/wp\/v2\/types\/page"}],"author":[{"embeddable":true,"href":"https:\/\/travel4bikers.com\/pt-pt\/wp-json\/wp\/v2\/users\/2"}],"replies":[{"embeddable":true,"href":"https:\/\/travel4bikers.com\/pt-pt\/wp-json\/wp\/v2\/comments?post=17637"}],"version-history":[{"count":0,"href":"https:\/\/travel4bikers.com\/pt-pt\/wp-json\/wp\/v2\/pages\/17637\/revisions"}],"up":[{"embeddable":true,"href":"https:\/\/travel4bikers.com\/pt-pt\/wp-json\/wp\/v2\/pages\/10185"}],"wp:featuredmedia":[{"embeddable":true,"href":"https:\/\/travel4bikers.com\/pt-pt\/wp-json\/wp\/v2\/media\/17718"}],"wp:attachment":[{"href":"https:\/\/travel4bikers.com\/pt-pt\/wp-json\/wp\/v2\/media?parent=17637"}],"wp:term":[{"taxonomy":"category","embeddable":true,"href":"https:\/\/travel4bikers.com\/pt-pt\/wp-json\/wp\/v2\/categories?post=17637"},{"taxonomy":"post_tag","embeddable":true,"href":"https:\/\/travel4bikers.com\/pt-pt\/wp-json\/wp\/v2\/tags?post=17637"}],"curies":[{"name":"wp","href":"https:\/\/api.w.org\/{rel}","templated":true}]}}