{"id":17912,"date":"2017-07-05T16:19:54","date_gmt":"2017-07-05T15:19:54","guid":{"rendered":"https:\/\/travel4bikers.com\/?page_id=17912"},"modified":"2025-12-10T19:14:59","modified_gmt":"2025-12-10T18:14:59","slug":"pais-gales","status":"publish","type":"page","link":"https:\/\/travel4bikers.com\/pt-pt\/viajar-para\/pais-gales\/","title":{"rendered":"Pa\u00eds de Gales"},"content":{"rendered":"<div class=\"wpb-content-wrapper\"><p>[vc_row][vc_column width=\u201d1\/1&#8243;][vc_single_image source=\u201dfeatured_image\u201d img_size=\u201dfull\u201d alignment=\u201dcenter\u201d]<div class=\"shout_spacer clearfix\" style=\"height:20px;\"><\/div>[\/vc_column][\/vc_row][vc_row][vc_column width=\u201d1\/1&#8243;]<div class=\"prk_shortcode-title prk_break_word shout_left_align h1_sized\"><div class=\"body_font zero_color prk_vc_title\"><h1 style=\"font-weight:100;\">Viajar para Pa\u00eds de Gales \ud83c\udff4\udb40\udc67\udb40\udc62\udb40\udc77\udb40\udc6c\udb40\udc73\udb40\udc7f<\/h1><\/div><div class=\"clearfix\"><\/div><\/div><div class=\"shout_spacer clearfix\" style=\"height:18px;\"><\/div>[\/vc_column][\/vc_row][vc_row font_color=\u201d#0693E3&#8243;][vc_column width=\u201d1\/1&#8243;][vc_column_text]<\/p>\n<blockquote><p>O Pa\u00eds de Gales \u00e9 um destino encantador para motociclistas, com estradas sinuosas que atravessam vales verdes, castelos medievais e uma costa selvagem banhada pelo Atl\u00e2ntico.<\/p><\/blockquote>\n<p>[\/vc_column_text][\/vc_column][\/vc_row][vc_row][vc_column width=\u201d1\/1&#8243;][vc_tta_tabs][vc_tta_section i_icon_fontawesome=\u201dfa fa-regular fa-map\u201d add_icon=\u201dtrue\u201d title=\u201dInforma\u00e7\u00f5es Gerais\u201d tab_id=\u201d1756984282331-d59962b9-8d9b\u201d][vc_column_text]<strong>Capital:\u00a0<\/strong>Cardiff<\/p>\n<p><strong>Lingua Oficial:\u00a0<\/strong>Gal\u00eas, Ingl\u00eas<\/p>\n<p><strong>N\u00famero de Emerg\u00eancia: <\/strong>999 \/ 112[\/vc_column_text][\/vc_tta_section][vc_tta_section i_icon_fontawesome=\u201dfa fa-regular fa-money-bill-1&#8243; add_icon=\u201dtrue\u201d title=\u201dFinan\u00e7as\u201d tab_id=\u201d1756984282346-461ddde8-312d\u201d][vc_column_text]<strong>Moeda:\u00a0<\/strong>Libra Esterlina (GBP)<\/p>\n<p>Pagamentos com cart\u00e3o s\u00e3o amplamente aceites[\/vc_column_text][\/vc_tta_section][vc_tta_section i_icon_fontawesome=\u201dfa fa-solid fa-motorcycle\u201d add_icon=\u201dtrue\u201d title=\u201dLimites Velocidade\u201d tab_id=\u201d1756985156411-3a136d8e-ae6a\u201d][vc_column_text]<strong>Auto-Estrada:\u00a0<\/strong>70 mph (112 km\/h)<\/p>\n<p><strong>Estrada:\u00a0<\/strong>60 mph (96 km\/h)<\/p>\n<p><strong>Localidades:\u00a0<\/strong>30 mph (48 km\/h)[\/vc_column_text][\/vc_tta_section][\/vc_tta_tabs][\/vc_column][\/vc_row][vc_row][vc_column width=\u201d1\/1&#8243;]<div class=\"shout_spacer clearfix\" style=\"height:18px;\"><\/div>[\/vc_column][\/vc_row][vc_row][vc_column width=\u201d1\/1&#8243;][vc_column_text]O Pa\u00eds de Gales \u00e9 conhecido pelas suas montanhas, castelos medievais e cultura celta. Cardiff \u00e9 a capital e centro cultural e econ\u00f3mico.<\/p>\n<h3><b>Clima<\/b><\/h3>\n<p>O clima \u00e9 temperado oce\u00e2nico, com ver\u00f5es frescos e invernos chuvosos e frios.<\/p>\n<h3><b>L\u00ednguas<\/b><\/h3>\n<p>O ingl\u00eas \u00e9 amplamente falado. O gal\u00eas \u00e9 co-oficial e falado em muitas regi\u00f5es, especialmente no norte e oeste.<\/p>\n<h3><b>Condu\u00e7\u00e3o<\/b><\/h3>\n<p>Conduz-se pela esquerda. Algumas pontes s\u00e3o portajadas, as autoestradas s\u00e3o geralmente gratuitas.<\/p>\n<h3><b>Campismo<\/b><\/h3>\n<p>O campismo selvagem \u00e9 geralmente proibido fora de zonas autorizadas. Existem v\u00e1rios parques de campismo regulamentados.<\/p>\n<h3><b>Zonas Motards<\/b><\/h3>\n<p>As rotas costeiras e montanhosas, como Snowdonia, s\u00e3o muito apreciadas por motociclistas.<\/p>\n<h3><b>Zonas Especiais<\/b><b><\/b><\/h3>\n<p>O centro de Cardiff e outras cidades principais possuem zonas pedonais e estacionamento controlado.[\/vc_column_text][\/vc_column][\/vc_row][vc_row][vc_column width=\u201d1\/1&#8243;][vc_column_text]<span style=\"font-weight: 400;\">Tens algo a corrigir ou acrescentar? Contata-nos, torna-te um colaborador Travel4Bikers<\/span>[\/vc_column_text][vc_cta h2=\u201dVai visitar uma cidade no Pa\u00eds de Gales\u201d css=\u201d\u201d]<\/p>\n<h4>Aproveite ao m\u00e1ximo, veja o que fazer em 24h em<\/h4>\n<h4><a href=\"https:\/\/gyg.me\/0QTRAbAt\" target=\"_blank\" rel=\"noopener\">Cardiff<\/a> \u2013 <a href=\"https:\/\/gyg.me\/ib2vbFYZ\" target=\"_blank\" rel=\"noopener\">Conwy<\/a> \u2013 <a href=\"https:\/\/gyg.me\/eciZ5wgH\" target=\"_blank\" rel=\"noopener\">Llangollen<\/a> \u2013 <a href=\"https:\/\/gyg.me\/k0vkiOba\" target=\"_blank\" rel=\"noopener\">Llandudno<\/a><\/h4>\n<p>[\/vc_cta][\/vc_column][\/vc_row][vc_row][vc_column width=\u201d1\/1&#8243;][vc_message message_box_style=\u201dclassic\u201d]Este site n\u00e3o fornece informa\u00e7\u00f5es sobre a obten\u00e7\u00e3o de vistos, vacinas ou outras quest\u00f5es que dependam tanto do pa\u00eds de origem como do destino.<br \/>\nDeve verificar junto do seu pa\u00eds se precisa de vistos ou outros requisitos para visitar os destinos pretendidos.[\/vc_message][\/vc_column][\/vc_row][vc_row][vc_column width=\u201d1\/1&#8243;][vc_raw_html css=\u201d\u201d]JTVCdmNfY29sdW1uX3RleHQlNUQlMEElM0NwJTIwc3R5bGUlM0QlMjJ0ZXh0LWFsaWduJTNBJTIwcmlnaHQlM0IlMjIlM0UlM0NzdHJvbmclM0UlM0NhJTIwaHJlZiUzRCUyMmphdmFzY3JpcHQlM0FoaXN0b3J5LmJhY2slMjglMjklMjIlM0VWb2x0YXIlMjBQJUMzJUExZ2luYSUyMEFudGVyaW9yJTNDJTJGYSUzRSUzQyUyRnN0cm9uZyUzRSUzQyUyRnAlM0UlMEElNUIlMkZ2Y19jb2x1bW5fdGV4dCU1RA==[\/vc_raw_html][\/vc_column][\/vc_row][vc_row][vc_column width=\u201d1\/1&#8243;]<div class=\"shout_spacer clearfix\" style=\"height:18px;\"><\/div>[\/vc_column][\/vc_row][vc_row][vc_column width=\u201d1\/1&#8243;]<div class=\"prk_shortcode-title prk_break_word shout_left_align h1_sized\"><div class=\"body_font zero_color prk_vc_title\"><h1 style=\"font-weight:100;\">Hist\u00f3rias relacionadas<\/h1><\/div><div class=\"clearfix\"><\/div><\/div>[\/vc_column][\/vc_row][vc_row][vc_column width=\u201d1\/1&#8243;]<div id=\"prk_shortcode_latest_posts\" class=\"recentposts_ul_wp small-12\"><div class=\"shortcode-title\"><\/div><div class=\"simple_line\"><\/div><h4 id=\"no_posts_title\" class=\"zero_color prk_heavier_600 big header_font\"><\/h4><\/div><div class=\"clearfix bt_1x\"><\/div>[\/vc_column][\/vc_row]<\/p>\n<\/div>","protected":false},"excerpt":{"rendered":"<p>O Pa\u00eds de Gales \u00e9 um destino encantador para motociclistas, com estradas sinuosas que atravessam vales verdes, castelos medievais e uma costa selvagem banhada pelo Atl\u00e2ntico.<\/p>\n","protected":false},"author":2,"featured_media":18755,"parent":10185,"menu_order":0,"comment_status":"closed","ping_status":"closed","template":"","meta":{"footnotes":""},"categories":[60,1164],"tags":[1165,979,1166],"class_list":["post-17912","page","type-page","status-publish","has-post-thumbnail","hentry","category-europa","category-pais-de-gales","tag-gales","tag-reino-unido","tag-snowdonia"],"acf":[],"_links":{"self":[{"href":"https:\/\/travel4bikers.com\/pt-pt\/wp-json\/wp\/v2\/pages\/17912","targetHints":{"allow":["GET"]}}],"collection":[{"href":"https:\/\/travel4bikers.com\/pt-pt\/wp-json\/wp\/v2\/pages"}],"about":[{"href":"https:\/\/travel4bikers.com\/pt-pt\/wp-json\/wp\/v2\/types\/page"}],"author":[{"embeddable":true,"href":"https:\/\/travel4bikers.com\/pt-pt\/wp-json\/wp\/v2\/users\/2"}],"replies":[{"embeddable":true,"href":"https:\/\/travel4bikers.com\/pt-pt\/wp-json\/wp\/v2\/comments?post=17912"}],"version-history":[{"count":1,"href":"https:\/\/travel4bikers.com\/pt-pt\/wp-json\/wp\/v2\/pages\/17912\/revisions"}],"predecessor-version":[{"id":22617,"href":"https:\/\/travel4bikers.com\/pt-pt\/wp-json\/wp\/v2\/pages\/17912\/revisions\/22617"}],"up":[{"embeddable":true,"href":"https:\/\/travel4bikers.com\/pt-pt\/wp-json\/wp\/v2\/pages\/10185"}],"wp:featuredmedia":[{"embeddable":true,"href":"https:\/\/travel4bikers.com\/pt-pt\/wp-json\/wp\/v2\/media\/18755"}],"wp:attachment":[{"href":"https:\/\/travel4bikers.com\/pt-pt\/wp-json\/wp\/v2\/media?parent=17912"}],"wp:term":[{"taxonomy":"category","embeddable":true,"href":"https:\/\/travel4bikers.com\/pt-pt\/wp-json\/wp\/v2\/categories?post=17912"},{"taxonomy":"post_tag","embeddable":true,"href":"https:\/\/travel4bikers.com\/pt-pt\/wp-json\/wp\/v2\/tags?post=17912"}],"curies":[{"name":"wp","href":"https:\/\/api.w.org\/{rel}","templated":true}]}}