{"id":17940,"date":"2025-08-27T13:49:58","date_gmt":"2025-08-27T12:49:58","guid":{"rendered":"https:\/\/travel4bikers.com\/politica-privacidade\/"},"modified":"2025-10-12T14:45:13","modified_gmt":"2025-10-12T13:45:13","slug":"politica-privacidade","status":"publish","type":"page","link":"https:\/\/travel4bikers.com\/pt-pt\/politica-privacidade\/","title":{"rendered":"Pol\u00edtica de privacidade"},"content":{"rendered":"<div class=\"wpb-content-wrapper\"><p>[vc_row][vc_column][vc_column_text]<\/p>\r\n<h3 class=\"wp-block-heading\">Quem somos<\/h3>\r\n<p><!-- \/wp:post-content --><\/p>\r\n<p>O endere\u00e7o do nosso s\u00edtio Web \u00e9: https:\/\/travel4bikers.com<\/p>\r\n<p><!-- \/wp:paragraph --><\/p>\r\n<p>&nbsp;<\/p>\r\n<p><!-- wp:heading --><\/p>\r\n<h3 class=\"wp-block-heading\">Coment\u00e1rios<\/h3>\r\n<p>Quando os visitantes deixam coment\u00e1rios no site, recolhemos os dados apresentados no formul\u00e1rio de coment\u00e1rios, bem como o endere\u00e7o IP do visitante e a cadeia de agentes do utilizador do browser para ajudar a detetar spam.<\/p>\r\n<p>Uma cadeia an\u00f3nima criada a partir do teu endere\u00e7o de e-mail (tamb\u00e9m designada por hash) pode ser fornecida ao servi\u00e7o Gravatar para verificar se o est\u00e1s a utilizar. A pol\u00edtica de privacidade do servi\u00e7o Gravatar est\u00e1 dispon\u00edvel aqui: https:\/\/automattic.com\/privacy\/. Ap\u00f3s a aprova\u00e7\u00e3o do teu coment\u00e1rio, a tua imagem de perfil fica vis\u00edvel para o p\u00fablico no contexto do teu coment\u00e1rio.<\/p>\r\n<p><!-- \/wp:paragraph --><\/p>\r\n<p>&nbsp;<\/p>\r\n<h3>Formul\u00e1rio de contacto<\/h3>\r\n<p class=\"privacy-policy-tutorial\">Quando o visitante utiliza o formul\u00e1rio de contacto, recolhemos o teu endere\u00e7o de e-mail apenas para efeitos de resposta.<\/p>\r\n<p>&nbsp;<\/p>\r\n<p><!-- wp:heading --><\/p>\r\n<h3 class=\"wp-block-heading\">Cookies<\/h3>\r\n<p>Se deixares um coment\u00e1rio no nosso site, podes optar por guardar o teu nome, endere\u00e7o de e-mail e site nos cookies. Estes s\u00e3o para tua conveni\u00eancia, para que n\u00e3o tenhas de preencher os teus dados novamente quando deixares outro coment\u00e1rio. Estes cookies t\u00eam a dura\u00e7\u00e3o de um ano.<\/p>\r\n<p>Se visitares a nossa p\u00e1gina de in\u00edcio de sess\u00e3o, definiremos um cookie tempor\u00e1rio para determinar se o teu browser aceita cookies. Este cookie n\u00e3o cont\u00e9m dados pessoais e \u00e9 eliminado quando fechas o teu browser.<\/p>\r\n<p>Quando inicias sess\u00e3o, tamb\u00e9m configuramos v\u00e1rios cookies para guardar as tuas informa\u00e7\u00f5es de in\u00edcio de sess\u00e3o e as tuas op\u00e7\u00f5es de visualiza\u00e7\u00e3o do ecr\u00e3. Os cookies de in\u00edcio de sess\u00e3o duram dois dias e os cookies de op\u00e7\u00f5es de ecr\u00e3 duram um ano. Se seleccionares \u201cLembrar-me\u201d, o teu in\u00edcio de sess\u00e3o persistir\u00e1 durante duas semanas. Se terminares a sess\u00e3o na tua conta, os cookies de in\u00edcio de sess\u00e3o ser\u00e3o removidos.<\/p>\r\n<p>Se editares ou publicares um artigo, ser\u00e1 guardado um cookie adicional no teu browser. Este cookie n\u00e3o inclui dados pessoais e indica simplesmente o ID de publica\u00e7\u00e3o do artigo que acabaste de editar. Expira ao fim de 1 dia.<\/p>\r\n<p>O site travel4bikers.com utiliza cookies para identificar o idioma atual do visitante, o \u00faltimo idioma visitado e o idioma dos utilizadores que iniciaram sess\u00e3o.<\/p>\r\n<p>Enquanto utilizas o plugin, travel4bikers.com partilhar\u00e1 dados relativos ao site atrav\u00e9s do Installer. Nenhum dado do pr\u00f3prio utilizador ser\u00e1 partilhado.<\/p>\r\n<p><!-- \/wp:paragraph --><\/p>\r\n<p>&nbsp;<\/p>\r\n<p><!-- wp:heading --><\/p>\r\n<h3 class=\"wp-block-heading\">Conte\u00fado incorporado de outros s\u00edtios Web<\/h3>\r\n<p>Os artigos deste s\u00edtio podem incluir conte\u00fados incorporados (por exemplo, v\u00eddeos, imagens, artigos, etc.). O conte\u00fado incorporado de outros s\u00edtios Web comporta-se exatamente da mesma forma como se o visitante tivesse visitado o outro s\u00edtio Web.<\/p>\r\n<p>Estes s\u00edtios Web podem recolher dados sobre ti, utilizar cookies, incorporar rastreio adicional de terceiros e monitorizar a tua intera\u00e7\u00e3o com esse conte\u00fado incorporado, incluindo o rastreio da tua intera\u00e7\u00e3o com o conte\u00fado incorporado se tiveres uma conta e estiveres ligado a esse s\u00edtio Web.<\/p>\r\n<p><!-- \/wp:paragraph --><\/p>\r\n<p>&nbsp;<\/p>\r\n<p><!-- wp:heading --><\/p>\r\n<h3 class=\"wp-block-heading\">Com quem partilhamos os teus dados<\/h3>\r\n<p>Se solicitares uma reposi\u00e7\u00e3o da palavra-passe, o teu endere\u00e7o IP ser\u00e1 inclu\u00eddo no e-mail de reposi\u00e7\u00e3o.<\/p>\r\n<p><!-- \/wp:paragraph --><\/p>\r\n<p>&nbsp;<\/p>\r\n<p><!-- wp:heading --><\/p>\r\n<h3 class=\"wp-block-heading\">Durante quanto tempo conservamos os teus dados<\/h3>\r\n<p>Se deixares um coment\u00e1rio, o coment\u00e1rio e os seus metadados s\u00e3o mantidos indefinidamente. Isto \u00e9 para que possamos reconhecer e aprovar automaticamente quaisquer coment\u00e1rios seguintes, em vez de os mantermos numa fila de modera\u00e7\u00e3o.<\/p>\r\n<p>Para os utilizadores que se registam no nosso s\u00edtio Web (caso existam), tamb\u00e9m guardamos as informa\u00e7\u00f5es pessoais que fornecem no seu perfil de utilizador. Todos os utilizadores podem ver, editar ou eliminar as suas informa\u00e7\u00f5es pessoais em qualquer altura (exceto que n\u00e3o podem alterar o seu nome de utilizador). Os administradores do s\u00edtio Web tamb\u00e9m podem ver e editar essas informa\u00e7\u00f5es.<\/p>\r\n<p><!-- \/wp:paragraph --><\/p>\r\n<p>&nbsp;<\/p>\r\n<p><!-- wp:heading --><\/p>\r\n<h3 class=\"wp-block-heading\">Que direitos tens sobre os teus dados<\/h3>\r\n<p>Se tens uma conta neste s\u00edtio ou deixaste coment\u00e1rios, podes pedir para receber um ficheiro exportado dos dados pessoais que temos sobre ti, incluindo quaisquer dados que nos tenhas fornecido. Tamb\u00e9m podes pedir que apaguemos quaisquer dados pessoais que tenhamos sobre ti. Isto n\u00e3o inclui quaisquer dados que sejamos obrigados a manter para fins administrativos, legais ou de seguran\u00e7a.<\/p>\r\n<p><!-- \/wp:paragraph --><\/p>\r\n<p>&nbsp;<\/p>\r\n<p><!-- wp:heading --><\/p>\r\n<h3 class=\"wp-block-heading\">Para onde s\u00e3o enviados os teus dados<\/h3>\r\n<p>Os coment\u00e1rios dos visitantes podem ser verificados atrav\u00e9s de um servi\u00e7o autom\u00e1tico de dete\u00e7\u00e3o de spam.<\/p>\r\n<p><!-- \/wp:paragraph --><\/p>\r\n<p>&nbsp;<\/p>\r\n<p>[\/vc_column_text][\/vc_column][\/vc_row]<\/p><\/div>","protected":false},"excerpt":{"rendered":"<p>[vc_row][vc_column][vc_column_text] Quem somos O endere\u00e7o do nosso s\u00edtio Web \u00e9: https:\/\/travel4bikers.com &nbsp; Coment\u00e1rios Quando os visitantes deixam coment\u00e1rios no site, recolhemos os dados apresentados no formul\u00e1rio de coment\u00e1rios, bem como o endere\u00e7o IP do visitante e a cadeia de agentes do utilizador do browser para ajudar a detetar spam. Uma cadeia an\u00f3nima criada a partir [&hellip;]<\/p>\n","protected":false},"author":2,"featured_media":0,"parent":0,"menu_order":0,"comment_status":"closed","ping_status":"closed","template":"","meta":{"footnotes":""},"categories":[],"tags":[],"class_list":["post-17940","page","type-page","status-publish","hentry"],"acf":[],"_links":{"self":[{"href":"https:\/\/travel4bikers.com\/pt-pt\/wp-json\/wp\/v2\/pages\/17940","targetHints":{"allow":["GET"]}}],"collection":[{"href":"https:\/\/travel4bikers.com\/pt-pt\/wp-json\/wp\/v2\/pages"}],"about":[{"href":"https:\/\/travel4bikers.com\/pt-pt\/wp-json\/wp\/v2\/types\/page"}],"author":[{"embeddable":true,"href":"https:\/\/travel4bikers.com\/pt-pt\/wp-json\/wp\/v2\/users\/2"}],"replies":[{"embeddable":true,"href":"https:\/\/travel4bikers.com\/pt-pt\/wp-json\/wp\/v2\/comments?post=17940"}],"version-history":[{"count":0,"href":"https:\/\/travel4bikers.com\/pt-pt\/wp-json\/wp\/v2\/pages\/17940\/revisions"}],"wp:attachment":[{"href":"https:\/\/travel4bikers.com\/pt-pt\/wp-json\/wp\/v2\/media?parent=17940"}],"wp:term":[{"taxonomy":"category","embeddable":true,"href":"https:\/\/travel4bikers.com\/pt-pt\/wp-json\/wp\/v2\/categories?post=17940"},{"taxonomy":"post_tag","embeddable":true,"href":"https:\/\/travel4bikers.com\/pt-pt\/wp-json\/wp\/v2\/tags?post=17940"}],"curies":[{"name":"wp","href":"https:\/\/api.w.org\/{rel}","templated":true}]}}