{"id":18937,"date":"2017-07-05T16:19:54","date_gmt":"2017-07-05T15:19:54","guid":{"rendered":"https:\/\/travel4bikers.com\/?page_id=18937"},"modified":"2025-12-11T13:45:18","modified_gmt":"2025-12-11T12:45:18","slug":"suecia","status":"publish","type":"page","link":"https:\/\/travel4bikers.com\/pt-pt\/viajar-para\/suecia\/","title":{"rendered":"Su\u00e9cia"},"content":{"rendered":"<div class=\"wpb-content-wrapper\"><p>[vc_row][vc_column width=\u201d1\/1&#8243;][vc_single_image source=\u201dfeatured_image\u201d img_size=\u201dfull\u201d alignment=\u201dcenter\u201d]<div class=\"shout_spacer clearfix\" style=\"height:20px;\"><\/div>[\/vc_column][\/vc_row][vc_row][vc_column width=\u201d1\/1&#8243;]<div class=\"prk_shortcode-title prk_break_word shout_left_align h1_sized\"><div class=\"body_font zero_color prk_vc_title\"><h1 style=\"font-weight:100;\">Viajar para Su\u00e9cia \ud83c\uddf8\ud83c\uddea<\/h1><\/div><div class=\"clearfix\"><\/div><\/div><div class=\"shout_spacer clearfix\" style=\"height:18px;\"><\/div>[\/vc_column][\/vc_row][vc_row font_color=\u201d#0693E3&#8243;][vc_column width=\u201d1\/1&#8243;][vc_column_text]<\/p>\n<blockquote><p>A Su\u00e9cia \u00e9 um destino magn\u00edfico para motociclistas, com estradas que serpenteiam por florestas infinitas, lagos cristalinos e uma costa recortada, oferecendo tranquilidade e contacto com a natureza.<\/p><\/blockquote>\n<p>[\/vc_column_text][\/vc_column][\/vc_row][vc_row][vc_column width=\u201d1\/1&#8243;][vc_tta_tabs][vc_tta_section i_icon_fontawesome=\u201dfa fa-regular fa-map\u201d add_icon=\u201dtrue\u201d title=\u201dInforma\u00e7\u00f5es Gerais\u201d tab_id=\u201d1756984282331-d59962b9-8d9b\u201d][vc_column_text]<strong>Capital: <span style=\"font-weight: 400;\">Estocolmo<\/span><\/strong><\/p>\n<p><strong>Lingua Oficial: <span style=\"font-weight: 400;\">Sueco<\/span><\/strong><\/p>\n<p><strong>N\u00famero de Emerg\u00eancia: <\/strong>112[\/vc_column_text][\/vc_tta_section][vc_tta_section i_icon_fontawesome=\u201dfa fa-regular fa-money-bill-1&#8243; add_icon=\u201dtrue\u201d title=\u201dFinan\u00e7as\u201d tab_id=\u201d1756984282346-461ddde8-312d\u201d][vc_column_text]<strong>Moeda: <\/strong>Euro (\u20ac)<\/p>\n<p>Pagamentos com cart\u00e3o s\u00e3o amplamente aceites[\/vc_column_text][\/vc_tta_section][vc_tta_section i_icon_fontawesome=\u201dfa fa-solid fa-motorcycle\u201d add_icon=\u201dtrue\u201d title=\u201dLimites Velocidade\u201d tab_id=\u201d1756985156411-3a136d8e-ae6a\u201d][vc_column_text]<strong>Auto-Estrada: <\/strong>120 km\/h<\/p>\n<p><strong>Estrada: <\/strong>90 km\/h<\/p>\n<p><strong>Localidades: <\/strong>50 km\/h[\/vc_column_text][\/vc_tta_section][\/vc_tta_tabs][\/vc_column][\/vc_row][vc_row][vc_column width=\u201d1\/1&#8243;]<div class=\"shout_spacer clearfix\" style=\"height:18px;\"><\/div>[\/vc_column][\/vc_row][vc_row][vc_column width=\u201d1\/1&#8243;][vc_column_text]<span style=\"font-weight: 400;\">A Su\u00e9cia \u00e9 o maior pa\u00eds da Escandin\u00e1via, conhecido pelos seus lagos, florestas e cidades modernas com tradi\u00e7\u00e3o hist\u00f3rica. Estocolmo, constru\u00edda sobre ilhas, \u00e9 uma das capitais mais bonitas da Europa.<\/span><\/p>\n<h3><b>Clima<\/b><\/h3>\n<p><span style=\"font-weight: 400;\">O clima \u00e9 variado: temperado no sul, continental no centro e sub\u00e1rtico no norte. Os invernos s\u00e3o longos e frios, especialmente na Lap\u00f3nia.<\/span><\/p>\n<h3><b>L\u00ednguas<\/b><\/h3>\n<p><span style=\"font-weight: 400;\">A l\u00edngua oficial \u00e9 o sueco. O finland\u00eas \u00e9 reconhecido em algumas regi\u00f5es, e o ingl\u00eas \u00e9 amplamente falado.<\/span><\/p>\n<h3><b>Condu\u00e7\u00e3o<\/b><\/h3>\n<p><span style=\"font-weight: 400;\">Conduz-se pela direita. Algumas cidades, como Estocolmo e Gotemburgo, t\u00eam portagens urbanas (congestion tax). Autoestradas s\u00e3o, em geral, gratuitas.<\/span><\/p>\n<h3><b>Campismo<\/b><\/h3>\n<p><span style=\"font-weight: 400;\">O campismo selvagem \u00e9 permitido pela lei do \u201cdireito de acesso \u00e0 natureza\u201d (Allemansr\u00e4tten), desde que se respeite a propriedade privada e o ambiente.<\/span><\/p>\n<h3><b>Zonas Motards<\/b><\/h3>\n<p><span style=\"font-weight: 400;\">A costa oeste (G\u00f6teborg a Malm\u00f6) e as estradas da Lap\u00f3nia sueca s\u00e3o muito apreciadas pelos motociclistas.<\/span><\/p>\n<h3><b>Zonas Especiais<\/b><\/h3>\n<p><span style=\"font-weight: 400;\">Estocolmo tem portagens urbanas e \u00e1reas centrais restritas. Outras cidades maiores possuem zonas pedonais.<\/span>[\/vc_column_text][\/vc_column][\/vc_row][vc_row][vc_column width=\u201d1\/1&#8243;][vc_column_text]<span style=\"font-weight: 400;\">Tens algo a corrigir ou acrescentar? Contata-nos, torna-te um colaborador Travel4Bikers<\/span>[\/vc_column_text][vc_cta h2=\u201dVai visitar uma cidade em Su\u00e9cia\u201d css=\u201d\u201d]<\/p>\n<h4>Aproveite ao m\u00e1ximo, veja o que fazer em 24h em<\/h4>\n<h4><strong><a href=\"https:\/\/gyg.me\/J1HSvWXj\" target=\"_blank\" rel=\"noopener\">Estocolmo<\/a> \u2013 <a href=\"https:\/\/gyg.me\/UaL1vXPc\" target=\"_blank\" rel=\"noopener\">Gotemburgo<\/a>\u00a0\u2013 <a href=\"https:\/\/gyg.me\/4ifHo1GV\" target=\"_blank\" rel=\"noopener\">Malm\u00f6<\/a> \u2013 <a href=\"https:\/\/gyg.me\/BNZRQidG\" target=\"_blank\" rel=\"noopener\">Kiruna<\/a><\/strong><\/h4>\n<p>[\/vc_cta][\/vc_column][\/vc_row][vc_row][vc_column width=\u201d1\/1&#8243;][vc_message message_box_style=\u201dclassic\u201d]Este site n\u00e3o fornece informa\u00e7\u00f5es sobre a obten\u00e7\u00e3o de vistos, vacinas ou outras quest\u00f5es que dependam tanto do pa\u00eds de origem como do destino.<br \/>\nDeve verificar junto do seu pa\u00eds se precisa de vistos ou outros requisitos para visitar os destinos pretendidos.[\/vc_message][\/vc_column][\/vc_row][vc_row][vc_column width=\u201d1\/1&#8243;][vc_raw_html css=\u201d\u201d]JTVCdmNfY29sdW1uX3RleHQlNUQlMEElM0NwJTIwc3R5bGUlM0QlMjJ0ZXh0LWFsaWduJTNBJTIwcmlnaHQlM0IlMjIlM0UlM0NzdHJvbmclM0UlM0NhJTIwaHJlZiUzRCUyMmphdmFzY3JpcHQlM0FoaXN0b3J5LmJhY2slMjglMjklMjIlM0VWb2x0YXIlMjBQJUMzJUExZ2luYSUyMEFudGVyaW9yJTNDJTJGYSUzRSUzQyUyRnN0cm9uZyUzRSUzQyUyRnAlM0UlMEElNUIlMkZ2Y19jb2x1bW5fdGV4dCU1RA==[\/vc_raw_html][\/vc_column][\/vc_row][vc_row][vc_column width=\u201d1\/1&#8243;]<div class=\"shout_spacer clearfix\" style=\"height:18px;\"><\/div>[\/vc_column][\/vc_row][vc_row][vc_column width=\u201d1\/1&#8243;]<div class=\"prk_shortcode-title prk_break_word shout_left_align h1_sized\"><div class=\"body_font zero_color prk_vc_title\"><h1 style=\"font-weight:100;\">Hist\u00f3rias relacionadas<\/h1><\/div><div class=\"clearfix\"><\/div><\/div>[\/vc_column][\/vc_row][vc_row][vc_column width=\u201d1\/1&#8243;]<div id=\"prk_shortcode_latest_posts\" class=\"recentposts_ul_wp small-12\"><div class=\"shortcode-title\"><\/div><div class=\"simple_line\"><\/div><h4 id=\"no_posts_title\" class=\"zero_color prk_heavier_600 big header_font\"><\/h4><\/div><div class=\"clearfix bt_1x\"><\/div>[\/vc_column][\/vc_row]<\/p>\n<\/div>","protected":false},"excerpt":{"rendered":"<p>A Su\u00e9cia \u00e9 um destino magn\u00edfico para motociclistas, com estradas que serpenteiam por florestas infinitas, lagos cristalinos e uma costa recortada, oferecendo tranquilidade e contacto com a natureza.<\/p>\n","protected":false},"author":2,"featured_media":18939,"parent":10185,"menu_order":0,"comment_status":"closed","ping_status":"closed","template":"","meta":{"footnotes":""},"categories":[60,1388],"tags":[971],"class_list":["post-18937","page","type-page","status-publish","has-post-thumbnail","hentry","category-europa","category-suecia","tag-laponia"],"acf":[],"_links":{"self":[{"href":"https:\/\/travel4bikers.com\/pt-pt\/wp-json\/wp\/v2\/pages\/18937","targetHints":{"allow":["GET"]}}],"collection":[{"href":"https:\/\/travel4bikers.com\/pt-pt\/wp-json\/wp\/v2\/pages"}],"about":[{"href":"https:\/\/travel4bikers.com\/pt-pt\/wp-json\/wp\/v2\/types\/page"}],"author":[{"embeddable":true,"href":"https:\/\/travel4bikers.com\/pt-pt\/wp-json\/wp\/v2\/users\/2"}],"replies":[{"embeddable":true,"href":"https:\/\/travel4bikers.com\/pt-pt\/wp-json\/wp\/v2\/comments?post=18937"}],"version-history":[{"count":1,"href":"https:\/\/travel4bikers.com\/pt-pt\/wp-json\/wp\/v2\/pages\/18937\/revisions"}],"predecessor-version":[{"id":22839,"href":"https:\/\/travel4bikers.com\/pt-pt\/wp-json\/wp\/v2\/pages\/18937\/revisions\/22839"}],"up":[{"embeddable":true,"href":"https:\/\/travel4bikers.com\/pt-pt\/wp-json\/wp\/v2\/pages\/10185"}],"wp:featuredmedia":[{"embeddable":true,"href":"https:\/\/travel4bikers.com\/pt-pt\/wp-json\/wp\/v2\/media\/18939"}],"wp:attachment":[{"href":"https:\/\/travel4bikers.com\/pt-pt\/wp-json\/wp\/v2\/media?parent=18937"}],"wp:term":[{"taxonomy":"category","embeddable":true,"href":"https:\/\/travel4bikers.com\/pt-pt\/wp-json\/wp\/v2\/categories?post=18937"},{"taxonomy":"post_tag","embeddable":true,"href":"https:\/\/travel4bikers.com\/pt-pt\/wp-json\/wp\/v2\/tags?post=18937"}],"curies":[{"name":"wp","href":"https:\/\/api.w.org\/{rel}","templated":true}]}}