{"id":20171,"date":"2017-07-05T16:19:54","date_gmt":"2017-07-05T15:19:54","guid":{"rendered":"https:\/\/travel4bikers.com\/?page_id=20171"},"modified":"2025-12-10T17:32:47","modified_gmt":"2025-12-10T16:32:47","slug":"japao","status":"publish","type":"page","link":"https:\/\/travel4bikers.com\/pt-pt\/viajar-para\/japao\/","title":{"rendered":"Jap\u00e3o"},"content":{"rendered":"<div class=\"wpb-content-wrapper\"><p>[vc_row][vc_column width=\u201d1\/1&#8243;][vc_single_image source=\u201dfeatured_image\u201d img_size=\u201dfull\u201d alignment=\u201dcenter\u201d]<div class=\"shout_spacer clearfix\" style=\"height:20px;\"><\/div>[\/vc_column][\/vc_row][vc_row][vc_column width=\u201d1\/1&#8243;]<div class=\"prk_shortcode-title prk_break_word shout_left_align h1_sized\"><div class=\"body_font zero_color prk_vc_title\"><h1 style=\"font-weight:100;\">Viajar para Jap\u00e3o \ud83c\uddef\ud83c\uddf5<\/h1><\/div><div class=\"clearfix\"><\/div><\/div><div class=\"shout_spacer clearfix\" style=\"height:18px;\"><\/div>[\/vc_column][\/vc_row][vc_row font_color=\u201d#0693E3&#8243;][vc_column width=\u201d1\/1&#8243;][vc_column_text]<\/p>\n<blockquote><p>O Jap\u00e3o \u00e9 um destino fascinante para motociclistas, com estradas que atravessam montanhas, vulc\u00f5es e costas dram\u00e1ticas, unindo tradi\u00e7\u00e3o milenar, modernidade e uma impressionante organiza\u00e7\u00e3o nas estradas.<\/p><\/blockquote>\n<p>[\/vc_column_text][\/vc_column][\/vc_row][vc_row][vc_column width=\u201d1\/1&#8243;][vc_tta_tabs][vc_tta_section i_icon_fontawesome=\u201dfa fa-regular fa-map\u201d add_icon=\u201dtrue\u201d title=\u201dInforma\u00e7\u00f5es Gerais\u201d tab_id=\u201d1756984282331-d59962b9-8d9b\u201d][vc_column_text]<strong>Capital: <span style=\"font-weight: 400;\">T\u00f3quio<\/span><\/strong><\/p>\n<p><strong>Lingua Oficial: <span style=\"font-weight: 400;\">Japon\u00eas<\/span><\/strong><\/p>\n<p><strong>N\u00famero de Emerg\u00eancia: <span style=\"font-weight: 400;\">110 (pol\u00edcia) \/ 119 (ambul\u00e2ncia e bombeiros)<\/span><\/strong>[\/vc_column_text][\/vc_tta_section][vc_tta_section i_icon_fontawesome=\u201dfa fa-regular fa-money-bill-1&#8243; add_icon=\u201dtrue\u201d title=\u201dFinan\u00e7as\u201d tab_id=\u201d1756984282346-461ddde8-312d\u201d][vc_column_text]<strong>Moeda: <span style=\"font-weight: 400;\">Iene (JPY)<\/span><\/strong><\/p>\n<p>Pagamentos com cart\u00e3o s\u00e3o aceites, mas o dinheiro ainda \u00e9 muito usado.[\/vc_column_text][\/vc_tta_section][vc_tta_section i_icon_fontawesome=\u201dfa fa-solid fa-motorcycle\u201d add_icon=\u201dtrue\u201d title=\u201dLimites Velocidade\u201d tab_id=\u201d1756985156411-3a136d8e-ae6a\u201d][vc_column_text]<strong>Auto-Estrada: <\/strong>100 km\/h<\/p>\n<p><strong>Estrada: <\/strong>60-80 km\/h<\/p>\n<p><strong>Localidades: <\/strong>40-50 km\/h[\/vc_column_text][\/vc_tta_section][\/vc_tta_tabs][\/vc_column][\/vc_row][vc_row][vc_column width=\u201d1\/1&#8243;]<div class=\"shout_spacer clearfix\" style=\"height:18px;\"><\/div>[\/vc_column][\/vc_row][vc_row][vc_column width=\u201d1\/1&#8243;][vc_column_text]<span style=\"font-weight: 400;\">O Jap\u00e3o \u00e9 famoso pela sua mistura de tradi\u00e7\u00e3o e modernidade: templos budistas, tecnologia de ponta, gastronomia (sushi, ramen), animes e paisagens ic\u00f3nicas como o Monte Fuji.<\/span><\/p>\n<h3><b>Clima<\/b><\/h3>\n<p><span style=\"font-weight: 400;\">Variedade: subtropical no sul (Okinawa), temperado nas ilhas centrais e frio\/nevado no norte (Hokkaido).<\/span><\/p>\n<h3><b>L\u00ednguas<\/b><\/h3>\n<p><span style=\"font-weight: 400;\">O japon\u00eas \u00e9 oficial. Ingl\u00eas \u00e9 pouco falado pela popula\u00e7\u00e3o, mas comum em turismo.<\/span><\/p>\n<h3><b>Condu\u00e7\u00e3o<\/b><\/h3>\n<p><span style=\"font-weight: 400;\">Conduz-se pela esquerda. Autoestradas s\u00e3o portajadas, pagas com cart\u00e3o, dinheiro ou sistema eletr\u00f3nico (ETC).<\/span><\/p>\n<h3><b>Campismo<\/b><\/h3>\n<p><span style=\"font-weight: 400;\">O campismo selvagem \u00e9 raro. Existem parques de campismo organizados e \u00e1reas de autocaravanas.<\/span><\/p>\n<h3><b>Zonas Motards<\/b><\/h3>\n<p><span style=\"font-weight: 400;\">Rotas populares incluem os Alpes Japoneses, Hokkaido e estradas costeiras como Shimanami Kaido.<\/span><\/p>\n<h3><b>Zonas Especiais<\/b><\/h3>\n<p><span style=\"font-weight: 400;\">Grandes cidades como T\u00f3quio e Quioto t\u00eam zonas pedonais e tr\u00e1fego restrito em \u00e1reas hist\u00f3ricas.<\/span>[\/vc_column_text][\/vc_column][\/vc_row][vc_row][vc_column width=\u201d1\/1&#8243;][vc_column_text]<span style=\"font-weight: 400;\">Tens algo a corrigir ou acrescentar? Contata-nos, torna-te um colaborador Travel4Bikers<\/span>[\/vc_column_text][vc_cta h2=\u201dVai visitar uma cidade no Jap\u00e3o\u201d css=\u201d\u201d]<\/p>\n<h4>Aproveite ao m\u00e1ximo, veja o que fazer em 24h em<\/h4>\n<h4><strong><a href=\"https:\/\/gyg.me\/gijv6Ut9\" target=\"_blank\" rel=\"noopener\">T\u00f3quio<\/a> \u2013 <a href=\"https:\/\/gyg.me\/BQGgzGxo\" target=\"_blank\" rel=\"noopener\">Quioto<\/a> \u2013 <a href=\"https:\/\/gyg.me\/BySGElm9\" target=\"_blank\" rel=\"noopener\">Hiroshima<\/a><\/strong><\/h4>\n<p>[\/vc_cta][\/vc_column][\/vc_row][vc_row][vc_column width=\u201d1\/1&#8243;][vc_message message_box_style=\u201dclassic\u201d]Este site n\u00e3o fornece informa\u00e7\u00f5es sobre a obten\u00e7\u00e3o de vistos, vacinas ou outras quest\u00f5es que dependam tanto do pa\u00eds de origem como do destino.<br \/>\nDeve verificar junto do seu pa\u00eds se precisa de vistos ou outros requisitos para visitar os destinos pretendidos.[\/vc_message][\/vc_column][\/vc_row][vc_row][vc_column width=\u201d1\/1&#8243;][vc_raw_html css=\u201d\u201d]JTVCdmNfY29sdW1uX3RleHQlNUQlMEElM0NwJTIwc3R5bGUlM0QlMjJ0ZXh0LWFsaWduJTNBJTIwcmlnaHQlM0IlMjIlM0UlM0NzdHJvbmclM0UlM0NhJTIwaHJlZiUzRCUyMmphdmFzY3JpcHQlM0FoaXN0b3J5LmJhY2slMjglMjklMjIlM0VWb2x0YXIlMjBQJUMzJUExZ2luYSUyMEFudGVyaW9yJTNDJTJGYSUzRSUzQyUyRnN0cm9uZyUzRSUzQyUyRnAlM0UlMEElNUIlMkZ2Y19jb2x1bW5fdGV4dCU1RA==[\/vc_raw_html][\/vc_column][\/vc_row][vc_row][vc_column width=\u201d1\/1&#8243;]<div class=\"shout_spacer clearfix\" style=\"height:18px;\"><\/div>[\/vc_column][\/vc_row][vc_row][vc_column width=\u201d1\/1&#8243;]<div class=\"prk_shortcode-title prk_break_word shout_left_align h1_sized\"><div class=\"body_font zero_color prk_vc_title\"><h1 style=\"font-weight:100;\">Hist\u00f3rias relacionadas<\/h1><\/div><div class=\"clearfix\"><\/div><\/div>[\/vc_column][\/vc_row][vc_row][vc_column width=\u201d1\/1&#8243;]<div id=\"prk_shortcode_latest_posts\" class=\"recentposts_ul_wp small-12\"><div class=\"shortcode-title\"><\/div><div class=\"simple_line\"><\/div><h4 id=\"no_posts_title\" class=\"zero_color prk_heavier_600 big header_font\"><\/h4><\/div><div class=\"clearfix bt_1x\"><\/div>[\/vc_column][\/vc_row]<\/p>\n<\/div>","protected":false},"excerpt":{"rendered":"<p>O Jap\u00e3o \u00e9 um destino fascinante para motociclistas, com estradas que atravessam montanhas, vulc\u00f5es e costas dram\u00e1ticas, unindo tradi\u00e7\u00e3o milenar, modernidade e uma impressionante organiza\u00e7\u00e3o nas estradas.<\/p>\n","protected":false},"author":2,"featured_media":20172,"parent":10185,"menu_order":0,"comment_status":"closed","ping_status":"closed","template":"","meta":{"footnotes":""},"categories":[57,1604],"tags":[1606,1607,1605,1608],"class_list":["post-20171","page","type-page","status-publish","has-post-thumbnail","hentry","category-asia","category-japao","tag-alpes-japoneses","tag-hokkaido","tag-monte-fuji","tag-shimanami-kaido"],"acf":[],"_links":{"self":[{"href":"https:\/\/travel4bikers.com\/pt-pt\/wp-json\/wp\/v2\/pages\/20171","targetHints":{"allow":["GET"]}}],"collection":[{"href":"https:\/\/travel4bikers.com\/pt-pt\/wp-json\/wp\/v2\/pages"}],"about":[{"href":"https:\/\/travel4bikers.com\/pt-pt\/wp-json\/wp\/v2\/types\/page"}],"author":[{"embeddable":true,"href":"https:\/\/travel4bikers.com\/pt-pt\/wp-json\/wp\/v2\/users\/2"}],"replies":[{"embeddable":true,"href":"https:\/\/travel4bikers.com\/pt-pt\/wp-json\/wp\/v2\/comments?post=20171"}],"version-history":[{"count":1,"href":"https:\/\/travel4bikers.com\/pt-pt\/wp-json\/wp\/v2\/pages\/20171\/revisions"}],"predecessor-version":[{"id":22290,"href":"https:\/\/travel4bikers.com\/pt-pt\/wp-json\/wp\/v2\/pages\/20171\/revisions\/22290"}],"up":[{"embeddable":true,"href":"https:\/\/travel4bikers.com\/pt-pt\/wp-json\/wp\/v2\/pages\/10185"}],"wp:featuredmedia":[{"embeddable":true,"href":"https:\/\/travel4bikers.com\/pt-pt\/wp-json\/wp\/v2\/media\/20172"}],"wp:attachment":[{"href":"https:\/\/travel4bikers.com\/pt-pt\/wp-json\/wp\/v2\/media?parent=20171"}],"wp:term":[{"taxonomy":"category","embeddable":true,"href":"https:\/\/travel4bikers.com\/pt-pt\/wp-json\/wp\/v2\/categories?post=20171"},{"taxonomy":"post_tag","embeddable":true,"href":"https:\/\/travel4bikers.com\/pt-pt\/wp-json\/wp\/v2\/tags?post=20171"}],"curies":[{"name":"wp","href":"https:\/\/api.w.org\/{rel}","templated":true}]}}