{"id":20189,"date":"2017-07-05T16:19:54","date_gmt":"2017-07-05T15:19:54","guid":{"rendered":"https:\/\/travel4bikers.com\/?page_id=20189"},"modified":"2025-12-10T18:03:58","modified_gmt":"2025-12-10T17:03:58","slug":"malasia","status":"publish","type":"page","link":"https:\/\/travel4bikers.com\/pt-pt\/viajar-para\/malasia\/","title":{"rendered":"Mal\u00e1sia"},"content":{"rendered":"<div class=\"wpb-content-wrapper\"><p>[vc_row][vc_column width=\u201d1\/1&#8243;][vc_single_image source=\u201dfeatured_image\u201d img_size=\u201dfull\u201d alignment=\u201dcenter\u201d]<div class=\"shout_spacer clearfix\" style=\"height:20px;\"><\/div>[\/vc_column][\/vc_row][vc_row][vc_column width=\u201d1\/1&#8243;]<div class=\"prk_shortcode-title prk_break_word shout_left_align h1_sized\"><div class=\"body_font zero_color prk_vc_title\"><h1 style=\"font-weight:100;\">Viajar para Mal\u00e1sia \ud83c\uddf2\ud83c\uddfe<\/h1><\/div><div class=\"clearfix\"><\/div><\/div><div class=\"shout_spacer clearfix\" style=\"height:18px;\"><\/div>[\/vc_column][\/vc_row][vc_row font_color=\u201d#0693E3&#8243;][vc_column width=\u201d1\/1&#8243;][vc_column_text]<\/p>\n<blockquote><p>A Mal\u00e1sia \u00e9 um destino tropical e diversificado para motociclistas, com estradas que atravessam selvas, montanhas e praias paradis\u00edacas, combinando aventura, cultura e hospitalidade asi\u00e1tica.<\/p><\/blockquote>\n<p>[\/vc_column_text][\/vc_column][\/vc_row][vc_row][vc_column width=\u201d1\/1&#8243;][vc_tta_tabs][vc_tta_section i_icon_fontawesome=\u201dfa fa-regular fa-map\u201d add_icon=\u201dtrue\u201d title=\u201dInforma\u00e7\u00f5es Gerais\u201d tab_id=\u201d1756984282331-d59962b9-8d9b\u201d][vc_column_text]<strong>Capital: <span style=\"font-weight: 400;\">Kuala Lumpur<\/span><\/strong><\/p>\n<p><strong>Lingua Oficial: <span style=\"font-weight: 400;\">Malaio (Bahasa Malaysia)<\/span><\/strong><\/p>\n<p><strong>N\u00famero de Emerg\u00eancia: <span style=\"font-weight: 400;\">999 \/ 112 (telem\u00f3veis)<\/span><\/strong>[\/vc_column_text][\/vc_tta_section][vc_tta_section i_icon_fontawesome=\u201dfa fa-regular fa-money-bill-1&#8243; add_icon=\u201dtrue\u201d title=\u201dFinan\u00e7as\u201d tab_id=\u201d1756984282346-461ddde8-312d\u201d][vc_column_text]<strong>Moeda: <span style=\"font-weight: 400;\">Ringgit (MYR)<\/span><\/strong><\/p>\n<p>Pagamentos com cart\u00e3o s\u00e3o amplamente aceites, mas o dinheiro ainda \u00e9 muito usado no pequeno com\u00e9rcio.[\/vc_column_text][\/vc_tta_section][vc_tta_section i_icon_fontawesome=\u201dfa fa-solid fa-motorcycle\u201d add_icon=\u201dtrue\u201d title=\u201dLimites Velocidade\u201d tab_id=\u201d1756985156411-3a136d8e-ae6a\u201d][vc_column_text]<strong>Auto-Estrada:<\/strong> 110-120 km\/h<\/p>\n<p><strong>Estrada:<\/strong> 80-90 km\/h<\/p>\n<p><strong>Localidades:<\/strong> 50-60 km\/h[\/vc_column_text][\/vc_tta_section][\/vc_tta_tabs][\/vc_column][\/vc_row][vc_row][vc_column width=\u201d1\/1&#8243;]<div class=\"shout_spacer clearfix\" style=\"height:18px;\"><\/div>[\/vc_column][\/vc_row][vc_row][vc_column width=\u201d1\/1&#8243;][vc_column_text]<span style=\"font-weight: 400;\">A Mal\u00e1sia divide-se entre a pen\u00ednsula (com Kuala Lumpur e Penang) e a ilha de Born\u00e9u (Sabah e Sarawak). \u00c9 conhecida pelas suas praias, selvas tropicais, diversidade cultural e arranha-c\u00e9us como as Torres Petronas.<\/span><\/p>\n<h3><b>Clima<\/b><\/h3>\n<p><span style=\"font-weight: 400;\">Equatorial: quente e h\u00famido todo o ano, com mon\u00e7\u00f5es sazonais (novembro a mar\u00e7o na costa leste).<\/span><\/p>\n<h3><b>L\u00ednguas<\/b><\/h3>\n<p><span style=\"font-weight: 400;\">O malaio \u00e9 oficial. Ingl\u00eas \u00e9 amplamente falado, assim como chin\u00eas (mandarim, canton\u00eas) e t\u00e2mil.<\/span><\/p>\n<h3><b>Condu\u00e7\u00e3o<\/b><\/h3>\n<p><span style=\"font-weight: 400;\">Conduz-se pela esquerda. Muitas autoestradas s\u00e3o portajadas, com pagamento manual ou via eletr\u00f3nica (Touch \u2018n Go).<\/span><\/p>\n<h3><b>Campismo<\/b><\/h3>\n<p><span style=\"font-weight: 400;\">O campismo selvagem n\u00e3o \u00e9 comum, mas permitido em algumas \u00e1reas naturais. Existem parques de campismo regulamentados em reservas e junto a praias.<\/span><\/p>\n<h3><b>Zonas Motards<\/b><\/h3>\n<p><span style=\"font-weight: 400;\">Rotas populares incluem a estrada pelas Cameron Highlands, a costa leste e a ilha de Born\u00e9u, com cen\u00e1rios selvagens.<\/span><\/p>\n<h3><b>Zonas Especiais<\/b><\/h3>\n<p><span style=\"font-weight: 400;\">Kuala Lumpur tem zonas de tr\u00e1fego intenso, estradas pedonais e estacionamento pago.<\/span>[\/vc_column_text][\/vc_column][\/vc_row][vc_row][vc_column width=\u201d1\/1&#8243;][vc_column_text]<span style=\"font-weight: 400;\">Tens algo a corrigir ou acrescentar? Contata-nos, torna-te um colaborador Travel4Bikers<\/span>[\/vc_column_text][vc_cta h2=\u201dVai visitar uma cidade na Mal\u00e1sia\u201d css=\u201d\u201d]<\/p>\n<h4><strong>Aproveite ao m\u00e1ximo, veja o que fazer em 24h em<\/strong><\/h4>\n<h4><strong><a href=\"https:\/\/gyg.me\/fdTBkE4b\" target=\"_blank\" rel=\"noopener\">Kuala Lumpur<\/a> \u2013 <a href=\"https:\/\/gyg.me\/XINC2od8\" target=\"_blank\" rel=\"noopener\">Penang<\/a> \u2013 <a href=\"https:\/\/gyg.me\/5r3YvnOW\" target=\"_blank\" rel=\"noopener\">Kota Kinabalu<\/a> \u2013 <a href=\"https:\/\/gyg.me\/k9BeZtb9\" target=\"_blank\" rel=\"noopener\">Johor Bahru<\/a><\/strong><\/h4>\n<p>[\/vc_cta][\/vc_column][\/vc_row][vc_row][vc_column width=\u201d1\/1&#8243;][vc_message message_box_style=\u201dclassic\u201d]Este site n\u00e3o fornece informa\u00e7\u00f5es sobre a obten\u00e7\u00e3o de vistos, vacinas ou outras quest\u00f5es que dependam tanto do pa\u00eds de origem como do destino.<br \/>\nDeve verificar junto do seu pa\u00eds se precisa de vistos ou outros requisitos para visitar os destinos pretendidos.[\/vc_message][\/vc_column][\/vc_row][vc_row][vc_column width=\u201d1\/1&#8243;][vc_raw_html css=\u201d\u201d]JTVCdmNfY29sdW1uX3RleHQlNUQlMEElM0NwJTIwc3R5bGUlM0QlMjJ0ZXh0LWFsaWduJTNBJTIwcmlnaHQlM0IlMjIlM0UlM0NzdHJvbmclM0UlM0NhJTIwaHJlZiUzRCUyMmphdmFzY3JpcHQlM0FoaXN0b3J5LmJhY2slMjglMjklMjIlM0VWb2x0YXIlMjBQJUMzJUExZ2luYSUyMEFudGVyaW9yJTNDJTJGYSUzRSUzQyUyRnN0cm9uZyUzRSUzQyUyRnAlM0UlMEElNUIlMkZ2Y19jb2x1bW5fdGV4dCU1RA==[\/vc_raw_html][\/vc_column][\/vc_row][vc_row][vc_column width=\u201d1\/1&#8243;]<div class=\"shout_spacer clearfix\" style=\"height:18px;\"><\/div>[\/vc_column][\/vc_row][vc_row][vc_column width=\u201d1\/1&#8243;]<div class=\"prk_shortcode-title prk_break_word shout_left_align h1_sized\"><div class=\"body_font zero_color prk_vc_title\"><h1 style=\"font-weight:100;\">Hist\u00f3rias relacionadas<\/h1><\/div><div class=\"clearfix\"><\/div><\/div>[\/vc_column][\/vc_row][vc_row][vc_column width=\u201d1\/1&#8243;]<div id=\"prk_shortcode_latest_posts\" class=\"recentposts_ul_wp small-12\"><div class=\"shortcode-title\"><\/div><div class=\"simple_line\"><\/div><h4 id=\"no_posts_title\" class=\"zero_color prk_heavier_600 big header_font\"><\/h4><\/div><div class=\"clearfix bt_1x\"><\/div>[\/vc_column][\/vc_row]<\/p>\n<\/div>","protected":false},"excerpt":{"rendered":"<p>A Mal\u00e1sia \u00e9 um destino tropical e diversificado para motociclistas, com estradas que atravessam selvas, montanhas e praias paradis\u00edacas, combinando aventura, cultura e hospitalidade asi\u00e1tica.<\/p>\n","protected":false},"author":2,"featured_media":20191,"parent":10185,"menu_order":0,"comment_status":"closed","ping_status":"closed","template":"","meta":{"footnotes":""},"categories":[57,1624],"tags":[1625,1626,1627],"class_list":["post-20189","page","type-page","status-publish","has-post-thumbnail","hentry","category-asia","category-malasia","tag-cameron-highlands","tag-ilha-de-borneu","tag-torres-petronas"],"acf":[],"_links":{"self":[{"href":"https:\/\/travel4bikers.com\/pt-pt\/wp-json\/wp\/v2\/pages\/20189","targetHints":{"allow":["GET"]}}],"collection":[{"href":"https:\/\/travel4bikers.com\/pt-pt\/wp-json\/wp\/v2\/pages"}],"about":[{"href":"https:\/\/travel4bikers.com\/pt-pt\/wp-json\/wp\/v2\/types\/page"}],"author":[{"embeddable":true,"href":"https:\/\/travel4bikers.com\/pt-pt\/wp-json\/wp\/v2\/users\/2"}],"replies":[{"embeddable":true,"href":"https:\/\/travel4bikers.com\/pt-pt\/wp-json\/wp\/v2\/comments?post=20189"}],"version-history":[{"count":1,"href":"https:\/\/travel4bikers.com\/pt-pt\/wp-json\/wp\/v2\/pages\/20189\/revisions"}],"predecessor-version":[{"id":22429,"href":"https:\/\/travel4bikers.com\/pt-pt\/wp-json\/wp\/v2\/pages\/20189\/revisions\/22429"}],"up":[{"embeddable":true,"href":"https:\/\/travel4bikers.com\/pt-pt\/wp-json\/wp\/v2\/pages\/10185"}],"wp:featuredmedia":[{"embeddable":true,"href":"https:\/\/travel4bikers.com\/pt-pt\/wp-json\/wp\/v2\/media\/20191"}],"wp:attachment":[{"href":"https:\/\/travel4bikers.com\/pt-pt\/wp-json\/wp\/v2\/media?parent=20189"}],"wp:term":[{"taxonomy":"category","embeddable":true,"href":"https:\/\/travel4bikers.com\/pt-pt\/wp-json\/wp\/v2\/categories?post=20189"},{"taxonomy":"post_tag","embeddable":true,"href":"https:\/\/travel4bikers.com\/pt-pt\/wp-json\/wp\/v2\/tags?post=20189"}],"curies":[{"name":"wp","href":"https:\/\/api.w.org\/{rel}","templated":true}]}}