{"id":9216,"date":"2017-06-19T15:46:57","date_gmt":"2017-06-19T14:46:57","guid":{"rendered":"https:\/\/travel4bikers.com\/contact\/"},"modified":"2025-10-03T14:53:53","modified_gmt":"2025-10-03T13:53:53","slug":"contacto","status":"publish","type":"page","link":"https:\/\/travel4bikers.com\/pt-pt\/contacto\/","title":{"rendered":"Contacto"},"content":{"rendered":"<div class=\"wpb-content-wrapper\"><p>[vc_row top_padding=\u201d196px\u201d bottom_padding=\u201d196px\u201d bk_element=\u201dimage\u201d bg_image_repeat=\u201dshout_with_parallax shout_attached\u201d bg_image=\u201d10009&#8243;][vc_column width=\u201d1\/1&#8243;]<div class=\"prk_shortcode-title prk_break_word shout_center_align h1_sized\"><div class=\"header_font zero_color prk_vc_title\" style=\"color:#ffffff;text-shadow:0px 0px 1px rgba(255, 255, 255,0.2);margin-bottom:6px;\"><h1 style=\"font-weight:700;\">VAMOS TRABALHAR JUNTOS<\/h1><\/div><div class=\"clearfix\"><\/div><\/div><div class=\"prk_shortcode-title prk_break_word shout_center_align h5_sized\"><div class=\"header_font zero_color prk_vc_title\" style=\"color:#ffffff;text-shadow:0px 0px 1px rgba(255, 255, 255,0.2);\"><h5 style=\"font-weight:400;\">A contribui\u00e7\u00e3o de todos \u00e9 bem-vinda<\/h5><\/div><div class=\"clearfix\"><\/div><\/div>[\/vc_column][\/vc_row][vc_row][vc_column align=\u201dshout_left_align\u201d css_animation=\u201dshout_fade_waypoint\u201d width=\u201d2\/3&#8243;]<div class=\"shout_spacer clearfix\" style=\"height:72px;\"><\/div><div class=\"prk_shortcode-title prk_break_word shout_left_align h5_sized\"><div class=\"header_font zero_color prk_vc_title\" style=\"margin-bottom:10px;\"><h5 style=\"font-weight:600;\">AGRADECEMOS A TUA CONTRIBUI\u00c7\u00c3O<\/h5><\/div><div class=\"clearfix\"><\/div><\/div><div class=\"simple_line shortcoded\" style=\"border-bottom-color:#e2e2e2;\"><\/div><div class=\"clearfix\"><\/div><div class=\"shout_spacer clearfix\" style=\"height:14px;\"><\/div>[vc_column_text]Este site \u00e9 um projeto poss\u00edvel gra\u00e7as \u00e0 contribui\u00e7\u00e3o de todos.<\/p>\n<p>Se tiveres ideias ou quiseres ajudar-nos a traduzir, corrigir ou atualizar informa\u00e7\u00e3o, contacta-nos.<\/p>\n<p>Se quiseres enviar a tua hist\u00f3ria de viagem, contacta-nos primeiro aqui, e n\u00f3s orientamos-te sobre a melhor forma de a enviar.[\/vc_column_text]<div class=\"shout_spacer clearfix\" style=\"height:18px;\"><\/div><div class=\"prk_shorts small-12\">\n        <form action=\"#\" class=\"shout_half_pad prk_theme_form delay-shout_center_align\" method=\"post\" data-empty=\"\" data-invalid=\"\" data-ok=\"\" data-name=\"Travel4Bikers\">\n            <div class=\"row\">\n\t            \t<div class=\"small-12 columns\">\n\t            \t\t<div class=\"pirenko_highlighted_wrap\">\n\t            \t    <textarea class=\"pirenko_highlighted shout_fx\" name=\"c_message\" id=\"c_message\" rows=\"8\" data-original=\"\"><\/textarea>\n\t            \t    <label class=\"shout_label\">\n\t\t\t                                \t\t\t<span class=\"shout_label-content\" data-content=\"\"><\/span>\n\t\t\t                                \t\t<\/label>\n\t            \t    <\/div>\n\t            \t<\/div>\n\t            \t<div class=\"small-4 columns\">\n\t            \t<div class=\"pirenko_highlighted_wrap\">\n\t                \t<input type=\"text\" class=\"pirenko_highlighted shout_fx\" name=\"c_name\" id=\"c_name\" data-original=\"\" \/>\n\t                \t<label class=\"shout_label\">\n\t\t\t\t\t\t\t\t\t\t<span class=\"shout_label-content\" data-content=\"\"><\/span>\n\t\t\t\t\t\t\t\t\t<\/label>\n\t\t\t\t\t<\/div>\n\t            <\/div>\n\t            <div class=\"small-4 columns\">\n\t            <div class=\"pirenko_highlighted_wrap\">\n\t                    <input type=\"text\" class=\"pirenko_highlighted shout_fx\" name=\"c_email\" id=\"c_email\" size=\"28\" \/>\n\t                    <label class=\"shout_label\">\n\t\t\t\t\t\t\t\t\t\t<span class=\"shout_label-content\" data-content=\"\"><\/span>\n\t\t\t\t\t\t\t\t\t<\/label>\n\t                    <\/div>\n\t            <\/div>\n\t            <div class=\"small-4 columns\">\n\t            <div class=\"pirenko_highlighted_wrap\">\n\t                    <input type=\"text\" class=\"pirenko_highlighted shout_fx\" name=\"c_subject\" id=\"c_subject\" size=\"28\" \/>\n\t                    <label class=\"shout_label\">\n\t\t\t\t\t\t\t\t\t\t<span class=\"shout_label-content\" data-content=\"\"><\/span>\n\t\t\t\t\t\t\t\t\t<\/label>\n\t\t\t\t\t\t\t\t\t<\/div>\n\t            <\/div>\n            \t<div class=\"clearfix\"><\/div>\n            <\/div>\n        <input type=\"hidden\" id=\"full_subject\" name=\"full_subject\" value=\"\" \/>\n        <input type=\"hidden\" name=\"rec_email\" value=\"&#104;&#101;ll&#111;&#64;trave&#108;4b&#105;&#107;&#101;rs.c&#111;m\" \/>\n        <div id=\"contact_ok\" class=\"prk_heavier_600 zero_color header_font\"><\/div>\n        <input type=\"hidden\" name=\"c_submitted\" id=\"c_submitted\" value=\"true\" \/>\n        <div class=\"clearfix\"><\/div>\n        <div id=\"submit_message_div\" class=\"theme_button prk_small\">\n            <a href=\"#\"><\/a>\n        <\/div><\/form><\/div><div class=\"clearfix\"><\/div><div class=\"shout_spacer clearfix\" style=\"height:66px;\"><\/div>[\/vc_column][vc_column css_animation=\u201dshout_fade_waypoint\u201d column_height=\u201dshout_forced_clm\u201d width=\u201d1\/3&#8243;]<div class=\"shout_spacer clearfix\" style=\"height:72px;\"><\/div><div class=\"prk_shortcode-title prk_break_word shout_left_align h5_sized\"><div class=\"header_font zero_color prk_vc_title\" style=\"margin-bottom:10px;\"><h5 style=\"font-weight:600;\">CONTACTO<\/h5><\/div><div class=\"clearfix\"><\/div><\/div><div class=\"simple_line shortcoded\" style=\"border-bottom-color:#e2e2e2;\"><\/div><div class=\"clearfix\"><\/div><div class=\"shout_spacer clearfix\" style=\"height:14px;\"><\/div>[vc_column_text]Usa este formul\u00e1rio para nos contactares. Responderemos o mais rapidamente poss\u00edvel.[\/vc_column_text]<div class=\"shout_spacer clearfix\" style=\"height:18px;\"><\/div><div class=\"shout_vcard header_font prk_heavier_600 shortcoded\"><div class=\"adr small-12 zero_color\"><div class=\"shout_company_name zero_color prk_heavier_700\">Travel4Bikers<\/div><div class=\"wpb_text_column\"><\/div><\/div><div class=\"clearfix\"><\/div><\/div><div class=\"shout_spacer clearfix\" style=\"height:66px;\"><\/div>[\/vc_column][\/vc_row]<\/p>\n<\/div>","protected":false},"excerpt":{"rendered":"<p>[vc_row top_padding=\u201d196px\u201d bottom_padding=\u201d196px\u201d bk_element=\u201dimage\u201d bg_image_repeat=\u201dshout_with_parallax shout_attached\u201d bg_image=\u201d10009&#8243;][vc_column width=\u201d1\/1&#8243;][\/vc_column][\/vc_row][vc_row][vc_column align=\u201dshout_left_align\u201d css_animation=\u201dshout_fade_waypoint\u201d width=\u201d2\/3&#8243;][vc_column_text]Este site \u00e9 um projeto poss\u00edvel gra\u00e7as \u00e0 contribui\u00e7\u00e3o de todos. Se tiveres ideias ou quiseres ajudar-nos a traduzir, corrigir ou atualizar informa\u00e7\u00e3o, contacta-nos. Se quiseres enviar a tua hist\u00f3ria de viagem, contacta-nos primeiro aqui, e n\u00f3s orientamos-te sobre a melhor forma de a enviar.[\/vc_column_text][\/vc_column][vc_column [&hellip;]<\/p>\n","protected":false},"author":2,"featured_media":0,"parent":0,"menu_order":0,"comment_status":"closed","ping_status":"closed","template":"","meta":{"footnotes":""},"categories":[],"tags":[],"class_list":["post-9216","page","type-page","status-publish","hentry"],"acf":[],"_links":{"self":[{"href":"https:\/\/travel4bikers.com\/pt-pt\/wp-json\/wp\/v2\/pages\/9216","targetHints":{"allow":["GET"]}}],"collection":[{"href":"https:\/\/travel4bikers.com\/pt-pt\/wp-json\/wp\/v2\/pages"}],"about":[{"href":"https:\/\/travel4bikers.com\/pt-pt\/wp-json\/wp\/v2\/types\/page"}],"author":[{"embeddable":true,"href":"https:\/\/travel4bikers.com\/pt-pt\/wp-json\/wp\/v2\/users\/2"}],"replies":[{"embeddable":true,"href":"https:\/\/travel4bikers.com\/pt-pt\/wp-json\/wp\/v2\/comments?post=9216"}],"version-history":[{"count":0,"href":"https:\/\/travel4bikers.com\/pt-pt\/wp-json\/wp\/v2\/pages\/9216\/revisions"}],"wp:attachment":[{"href":"https:\/\/travel4bikers.com\/pt-pt\/wp-json\/wp\/v2\/media?parent=9216"}],"wp:term":[{"taxonomy":"category","embeddable":true,"href":"https:\/\/travel4bikers.com\/pt-pt\/wp-json\/wp\/v2\/categories?post=9216"},{"taxonomy":"post_tag","embeddable":true,"href":"https:\/\/travel4bikers.com\/pt-pt\/wp-json\/wp\/v2\/tags?post=9216"}],"curies":[{"name":"wp","href":"https:\/\/api.w.org\/{rel}","templated":true}]}}