{"id":9290,"date":"2017-06-19T14:44:59","date_gmt":"2017-06-19T13:44:59","guid":{"rendered":"https:\/\/travel4bikers.com\/support-us\/"},"modified":"2025-10-06T10:20:21","modified_gmt":"2025-10-06T09:20:21","slug":"apoia-nos","status":"publish","type":"page","link":"https:\/\/travel4bikers.com\/pt-pt\/apoia-nos\/","title":{"rendered":"Apoia-nos"},"content":{"rendered":"<div class=\"wpb-content-wrapper\"><p>[vc_row][vc_column width=\u201d1\/1&#8243;]<div class=\"shout_spacer clearfix shout_variable bt_2x\" style=\"margin-top:0px;\"><\/div>[vc_single_image image=\u201d9254&#8243; img_size=\u201dfull\u201d]<div class=\"shout_spacer clearfix\" style=\"height:44px;\"><\/div>[vc_row_inner][vc_column_inner width=\u201d1\/12&#8243;][\/vc_column_inner][vc_column_inner width=\u201d10\/12&#8243;][vc_column_text drop_cap=\u201dyes\u201d]<em><strong>from bikers to bikers<\/strong><\/em><\/p>\n<p><span style=\"font-weight: 400;\">Convidamos todos a juntarem-se a esta comunidade e a partilhar, atualizar e corrigir a informa\u00e7\u00e3o j\u00e1 dispon\u00edvel.<\/span><\/p>\n<p><span style=\"font-weight: 400;\">Partilha as tuas hist\u00f3rias de viagem. Qual \u00e9 um percurso imperd\u00edvel no teu pa\u00eds? Qual foi a melhor rota que fizeste?<\/span><\/p>\n<p><span style=\"font-weight: 400;\">Uma comunidade que partilha experi\u00eancias que ir\u00e3o encorajar outros motociclistas a reviver a tua experi\u00eancia.<\/span><span style=\"font-weight: 400;\"><br \/>\n<\/span><span style=\"font-weight: 400;\"><br \/>\n<\/span><span style=\"font-weight: 400;\">Este projeto apresenta informa\u00e7\u00f5es de uma comunidade de viajantes que partilharam atualiza\u00e7\u00f5es e informa\u00e7\u00f5es sobre a sua viagem a um destino espec\u00edfico.<\/span><\/p>\n<p><span style=\"font-weight: 400;\">H\u00e1 v\u00e1rias formas de contribu\u00edres para a comunidade.<\/span><\/p>\n<p><b>Colaborador<\/b><span style=\"font-weight: 400;\"><br \/>\n<\/span><span style=\"font-weight: 400;\">Envia uma atualiza\u00e7\u00e3o ou corre\u00e7\u00e3o das informa\u00e7\u00f5es.<\/span><span style=\"font-weight: 400;\"><br \/>\n<\/span><span style=\"font-weight: 400;\">Partilha uma hist\u00f3ria de uma viagem que fizeste e partilha-a para inspirar futuros visitantes.<\/span><\/p>\n<p><b>Embaixador<br \/>\n<\/b><span style=\"font-weight: 400;\">Qualquer pessoa que contribua regularmente com atualiza\u00e7\u00f5es e tradu\u00e7\u00f5es de textos torna-se embaixador.<\/span><\/p>\n<p><b>Parceiro<br \/>\n<\/b><span style=\"font-weight: 400;\">Um parceiro contribuiu monetariamente para o projeto atrav\u00e9s de <a href=\"https:\/\/travel4bikers.com\/pt-pt\/publicidade\/\">publicidade<\/a>.<\/span>[\/vc_column_text][\/vc_column_inner][vc_column_inner width=\u201d1\/12&#8243;][\/vc_column_inner][\/vc_row_inner][\/vc_column][\/vc_row]<\/p>\n<\/div>","protected":false},"excerpt":{"rendered":"<p>[vc_row][vc_column width=\u201d1\/1&#8243;][vc_single_image image=\u201d9254&#8243; img_size=\u201dfull\u201d][vc_row_inner][vc_column_inner width=\u201d1\/12&#8243;][\/vc_column_inner][vc_column_inner width=\u201d10\/12&#8243;][vc_column_text drop_cap=\u201dyes\u201d]from bikers to bikers Convidamos todos a juntarem-se a esta comunidade e a partilhar, atualizar e corrigir a informa\u00e7\u00e3o j\u00e1 dispon\u00edvel. Partilha as tuas hist\u00f3rias de viagem. Qual \u00e9 um percurso imperd\u00edvel no teu pa\u00eds? Qual foi a melhor rota que fizeste? Uma comunidade que partilha experi\u00eancias que ir\u00e3o [&hellip;]<\/p>\n","protected":false},"author":2,"featured_media":0,"parent":0,"menu_order":0,"comment_status":"closed","ping_status":"closed","template":"","meta":{"footnotes":""},"categories":[],"tags":[],"class_list":["post-9290","page","type-page","status-publish","hentry"],"acf":[],"_links":{"self":[{"href":"https:\/\/travel4bikers.com\/pt-pt\/wp-json\/wp\/v2\/pages\/9290","targetHints":{"allow":["GET"]}}],"collection":[{"href":"https:\/\/travel4bikers.com\/pt-pt\/wp-json\/wp\/v2\/pages"}],"about":[{"href":"https:\/\/travel4bikers.com\/pt-pt\/wp-json\/wp\/v2\/types\/page"}],"author":[{"embeddable":true,"href":"https:\/\/travel4bikers.com\/pt-pt\/wp-json\/wp\/v2\/users\/2"}],"replies":[{"embeddable":true,"href":"https:\/\/travel4bikers.com\/pt-pt\/wp-json\/wp\/v2\/comments?post=9290"}],"version-history":[{"count":0,"href":"https:\/\/travel4bikers.com\/pt-pt\/wp-json\/wp\/v2\/pages\/9290\/revisions"}],"wp:attachment":[{"href":"https:\/\/travel4bikers.com\/pt-pt\/wp-json\/wp\/v2\/media?parent=9290"}],"wp:term":[{"taxonomy":"category","embeddable":true,"href":"https:\/\/travel4bikers.com\/pt-pt\/wp-json\/wp\/v2\/categories?post=9290"},{"taxonomy":"post_tag","embeddable":true,"href":"https:\/\/travel4bikers.com\/pt-pt\/wp-json\/wp\/v2\/tags?post=9290"}],"curies":[{"name":"wp","href":"https:\/\/api.w.org\/{rel}","templated":true}]}}